{"id":2101,"date":"2013-08-26T18:35:46","date_gmt":"2013-08-26T16:35:46","guid":{"rendered":"http:\/\/www.chile-reise.com\/wordpress\/?page_id=2101"},"modified":"2015-03-17T21:16:57","modified_gmt":"2015-03-17T19:16:57","slug":"monche-von-pacana-und-laguna-pujsa","status":"publish","type":"page","link":"https:\/\/www.chile-reise.com\/de\/packages-daytrips\/atacamawueste\/monche-von-pacana-und-laguna-pujsa\/","title":{"rendered":"&#8222;M\u00f6nche&#8220; von Pacana und Laguna Pujsa"},"content":{"rendered":"<p>\r\n        <style type='text\/css'>\r\n            #gallery-1 {\r\n                margin: auto;\r\n            }\r\n            #gallery-1 .gallery-item {\r\n                float: left;\r\n                margin-top: 10px;\r\n                text-align: center;\r\n                width: 33%;           }\r\n            #gallery-1 img {\r\n                border: 2px solid #cfcfcf;\r\n            }\r\n            #gallery-1 .gallery-caption {\r\n                margin-left: 0;\r\n            }\r\n        <\/style>\r\n        <!-- see gallery_shortcode() in wp-includes\/media.php -->\r\n        <div id='gallery-1' class='gallery-images gallery galleryid-2101'><dl class='gallery-item'>\r\n            <dt class='gallery-icon'>\r\n                <a href='https:\/\/www.chile-reise.com\/wp-content\/uploads\/Salar-de-Pujsa-1_klein.jpg'><img loading=\"lazy\" decoding=\"async\" width=\"240\" height=\"140\" src=\"https:\/\/www.chile-reise.com\/wp-content\/uploads\/Salar-de-Pujsa-1_klein-240x140.jpg\" class=\"attachment-thumbnail size-thumbnail\" alt=\"Salar de Pujsa 1 klein\" \/><\/a>\r\n            <\/dt>\r\n                <dd class='gallery-caption'>\r\n                Salar Pujsa\r\n                <\/dd><\/dl><dl class='gallery-item'>\r\n            <dt class='gallery-icon'>\r\n                <a href='https:\/\/www.chile-reise.com\/wp-content\/uploads\/Monjes-de-Pacana_klein.jpg'><img loading=\"lazy\" decoding=\"async\" width=\"240\" height=\"140\" src=\"https:\/\/www.chile-reise.com\/wp-content\/uploads\/Monjes-de-Pacana_klein-240x140.jpg\" class=\"attachment-thumbnail size-thumbnail\" alt=\"Monjes de Pacana klein\" \/><\/a>\r\n            <\/dt>\r\n                <dd class='gallery-caption'>\r\n                Monjes de la Pacana\r\n                <\/dd><\/dl><dl class='gallery-item'>\r\n            <dt class='gallery-icon'>\r\n                <a href='https:\/\/www.chile-reise.com\/wp-content\/uploads\/Monjes-de-Pacana.jpg'><img loading=\"lazy\" decoding=\"async\" width=\"240\" height=\"140\" src=\"https:\/\/www.chile-reise.com\/wp-content\/uploads\/Monjes-de-Pacana-240x140.jpg\" class=\"attachment-thumbnail size-thumbnail\" alt=\"Monjes de Pacana\" \/><\/a>\r\n            <\/dt><\/dl><br style=\"clear: both\" \/>\r\n            <br style='clear: both;' \/>\r\n        <\/div>\n\n<div class=\"clear\"><\/div><div class=\"divider\"><\/div>\n<p><strong>Art der Reise:<\/strong> Natur<br \/>\n<strong>Dauer:<\/strong> 1 Tag<\/p>\n\n\t<script type=\"text\/javascript\">\tjQuery(document).ready(function($){\tjQuery(\"ul.tabs-nav\").tabs(\"> .pane\"); }); <\/script>\n\n\t\t<div class=\"post-tabs\">\n\t\t\n<ul class=\"tabs-nav\">\n<li>Tourverlauf<\/li>\n<li>Anmerkungen<\/li>\n<\/ul>\n\n\t\t<div class=\"pane\">\n\t\t\nBei diesem Ausflug abseits der ausgetretenen Pfade werden Sie nur wenige andere Touristen treffen. Sie fahren von San Pedro aus ostw\u00e4rts durch die \u00abPampa de la Bola\u00bb, wo Sie von verschiedenen Aussichtspunkten aus wundervolle Blicke auf die vielen umliegenden F\u00fcnftausender haben. Am kleinen Salar Pujsa k\u00f6nnen Sie hunderte von Flamingos in ihrer nat\u00fcrlichen Umgebung beobachten \u2013 ein einmaliges Erlebnis, das Sie bei dieser Tour mit kaum jemandem teilen m\u00fcssen. Der Salar Pujsa ist der bedeutendste Reproduktionsort der James-Flamingos in der Region. Auf dem Weg zum Salar de Aguas Calientes (\u00abSalar der hei\u00dfen Wasser\u00bb), in dem sich eine wundersch\u00f6n blaue Lagune, umrandet von gelbem Gras befindet, gelangen Sie zu den Monjes de la Pacana (\u00abM\u00f6nche von Pacana\u00bb): Diese gro\u00dfen Felsnadeln und nat\u00fcrlichen Skulpturen stehen mitten in der w\u00fcstenhaften Umgebung und erinnern zusammen an eine einsame Prozession von M\u00f6nchen. In Chile werden sie auch die Moais der W\u00fcste genannt \u2013 in Anlehnung an die Moai-Figuren der Osterinsel. Zwischen den \u00abM\u00f6nchen\u00bb k\u00f6nnen Sie kleine Spazierg\u00e4nge unternehmen, bevor Sie am sp\u00e4ten Nachmittag nach San Pedro zur\u00fcckfahren.<br \/>\n\n\t\t<\/div>\n\t\n\n\t\t<div class=\"pane\">\n\t\t\nDer gr\u00f6\u00dfte Teil der Tour findet in H\u00f6hen weit \u00fcber 4000 m (bis 4600 m) statt. Es kann unter Umst\u00e4nden zu Unwohlsein und M\u00fcdigkeit kommen. Diese Tour eignet sich nicht f\u00fcr Personen, die unter der H\u00f6henkrankheit leiden oder Blutdruckprobleme haben. Schwangeren Frauen wird ebenfalls von einer Teilnahme abgeraten.<br \/>\n\n\t\t<\/div>\n\t\n\n\t\t<\/div>\n\t<\/p>","protected":false},"excerpt":{"rendered":"<p>Art der Reise: Natur Dauer: 1 Tag<\/p>\n","protected":false},"author":3,"featured_media":0,"parent":96,"menu_order":0,"comment_status":"open","ping_status":"open","template":"","meta":{"slim_seo":{"title":"\"M\u00f6nche\" von Pacana und Laguna Pujsa \"Monks\" of Pacana and Laguna Pujsa - travelArt","description":"Salar Pujsa Monjes de la Pacana Art der Reise: Natur Dauer: 1 Tag Tourverlauf Anmerkungen Bei diesem Ausflug abseits der ausgetretenen Pfade werden Sie nur weni"},"footnotes":""},"class_list":["post-2101","page","type-page","status-publish","hentry"],"_links":{"self":[{"href":"https:\/\/www.chile-reise.com\/de\/wp-json\/wp\/v2\/pages\/2101","targetHints":{"allow":["GET"]}}],"collection":[{"href":"https:\/\/www.chile-reise.com\/de\/wp-json\/wp\/v2\/pages"}],"about":[{"href":"https:\/\/www.chile-reise.com\/de\/wp-json\/wp\/v2\/types\/page"}],"author":[{"embeddable":true,"href":"https:\/\/www.chile-reise.com\/de\/wp-json\/wp\/v2\/users\/3"}],"replies":[{"embeddable":true,"href":"https:\/\/www.chile-reise.com\/de\/wp-json\/wp\/v2\/comments?post=2101"}],"version-history":[{"count":0,"href":"https:\/\/www.chile-reise.com\/de\/wp-json\/wp\/v2\/pages\/2101\/revisions"}],"up":[{"embeddable":true,"href":"https:\/\/www.chile-reise.com\/de\/wp-json\/wp\/v2\/pages\/96"}],"wp:attachment":[{"href":"https:\/\/www.chile-reise.com\/de\/wp-json\/wp\/v2\/media?parent=2101"}],"curies":[{"name":"wp","href":"https:\/\/api.w.org\/{rel}","templated":true}]}}