{"id":2098,"date":"2013-08-26T18:23:17","date_gmt":"2013-08-26T16:23:17","guid":{"rendered":"http:\/\/www.chile-reise.com\/wordpress\/?page_id=2098"},"modified":"2013-10-02T20:07:15","modified_gmt":"2013-10-02T18:07:15","slug":"valle-de-la-luna","status":"publish","type":"page","link":"https:\/\/www.chile-reise.com\/de\/packages-daytrips\/atacamawueste\/valle-de-la-luna\/","title":{"rendered":"Valle de la Luna"},"content":{"rendered":"<p>\r\n        <style type='text\/css'>\r\n            #gallery-1 {\r\n                margin: auto;\r\n            }\r\n            #gallery-1 .gallery-item {\r\n                float: left;\r\n                margin-top: 10px;\r\n                text-align: center;\r\n                width: 33%;           }\r\n            #gallery-1 img {\r\n                border: 2px solid #cfcfcf;\r\n            }\r\n            #gallery-1 .gallery-caption {\r\n                margin-left: 0;\r\n            }\r\n        <\/style>\r\n        <!-- see gallery_shortcode() in wp-includes\/media.php -->\r\n        <div id='gallery-1' class=' gallery galleryid-2098'><dl class='gallery-item'>\r\n            <dt class='gallery-icon'>\r\n                <a href='https:\/\/www.chile-reise.com\/de\/packages-daytrips\/atacamawueste\/geysire-von-tatio\/valle-de-la-luna-6\/'><img loading=\"lazy\" decoding=\"async\" width=\"240\" height=\"140\" src=\"https:\/\/www.chile-reise.com\/wp-content\/uploads\/Valle-de-la-Luna-6-240x140.jpg\" class=\"attachment-thumbnail size-thumbnail\" alt=\"Valle de la Luna\" \/><\/a>\r\n            <\/dt>\r\n                <dd class='gallery-caption'>\r\n                Valle dela Luna 1\r\n                <\/dd><\/dl><dl class='gallery-item'>\r\n            <dt class='gallery-icon'>\r\n                <a href='https:\/\/www.chile-reise.com\/de\/packages-daytrips\/atacamawueste\/geysire-von-tatio\/valle-de-la-luna-4\/'><img loading=\"lazy\" decoding=\"async\" width=\"240\" height=\"140\" src=\"https:\/\/www.chile-reise.com\/wp-content\/uploads\/Valle-de-la-Luna-4-240x140.jpg\" class=\"attachment-thumbnail size-thumbnail\" alt=\"Valle de la Luna\" \/><\/a>\r\n            <\/dt>\r\n                <dd class='gallery-caption'>\r\n                Valle dela Luna 3\r\n                <\/dd><\/dl><dl class='gallery-item'>\r\n            <dt class='gallery-icon'>\r\n                <a href='https:\/\/www.chile-reise.com\/de\/packages-daytrips\/atacamawueste\/geysire-von-tatio\/valle-de-la-luna-5\/'><img loading=\"lazy\" decoding=\"async\" width=\"240\" height=\"140\" src=\"https:\/\/www.chile-reise.com\/wp-content\/uploads\/Valle-de-la-Luna-5-240x140.jpg\" class=\"attachment-thumbnail size-thumbnail\" alt=\"Valle de la Luna\" \/><\/a>\r\n            <\/dt>\r\n                <dd class='gallery-caption'>\r\n                Valle dela Luna 2\r\n                <\/dd><\/dl><br style=\"clear: both\" \/><dl class='gallery-item'>\r\n            <dt class='gallery-icon'>\r\n                <a href='https:\/\/www.chile-reise.com\/de\/packages-daytrips\/atacamawueste\/geysire-von-tatio\/valle-de-la-luna-2\/'><img loading=\"lazy\" decoding=\"async\" width=\"240\" height=\"140\" src=\"https:\/\/www.chile-reise.com\/wp-content\/uploads\/Valle-de-la-Luna-2-240x140.jpg\" class=\"attachment-thumbnail size-thumbnail\" alt=\"Valle de la Luna\" \/><\/a>\r\n            <\/dt>\r\n                <dd class='gallery-caption'>\r\n                Valle dela Luna 5\r\n                <\/dd><\/dl><dl class='gallery-item'>\r\n            <dt class='gallery-icon'>\r\n                <a href='https:\/\/www.chile-reise.com\/de\/packages-daytrips\/atacamawueste\/geysire-von-tatio\/valle-de-la-luna-3\/'><img loading=\"lazy\" decoding=\"async\" width=\"240\" height=\"140\" src=\"https:\/\/www.chile-reise.com\/wp-content\/uploads\/Valle-de-la-Luna-3-240x140.jpg\" class=\"attachment-thumbnail size-thumbnail\" alt=\"Valle de la Luna\" \/><\/a>\r\n            <\/dt>\r\n                <dd class='gallery-caption'>\r\n                Valle dela Luna \r\n                <\/dd><\/dl>\r\n            <br style='clear: both;' \/>\r\n        <\/div>\n\n<div class=\"clear\"><\/div><div class=\"divider\"><\/div>\n<p><strong>Art der Reise:<\/strong> Natur<br \/>\n<strong>Dauer:<\/strong> 1 Tag<\/p>\n\n\t<script type=\"text\/javascript\">\tjQuery(document).ready(function($){\tjQuery(\"ul.tabs-nav\").tabs(\"> .pane\"); }); <\/script>\n\n\t\t<div class=\"post-tabs\">\n\t\t\n<ul class=\"tabs-nav\">\n<li>Tourverlauf<\/li>\n<\/ul>\n\n\t\t<div class=\"pane\">\n\t\t\nDas Valle de la Luna (&#8222;Mondtal&#8220;) ist eines der bekanntesten Ausflugsziele zwischen Calama und San Pedro.<br \/>\nDieser Ausflug in die rauhe Sch\u00f6nheit der Atacamaw\u00fcste beginnt mit der Abendd\u00e4mmerung. Seltsame Salz- und Felsformationen inmitten vegetationsloser Sandlandschaft und der Licancabur-Vulkan im Hintergrund verleihen dem Tal tats\u00e4chlich das Aussehen einer Mondlandschaft. Nach einer F\u00fchrung vorbei an bizarren Stein- und Salzformationen erklimmen Sie einen Aussichtspunkt auf einer auf eine riesigen Sandd\u00fcne, von wo aus man eine atemberaubende Sicht auf das Tal und den Vulkan Licancabur hat. Zum Abschluss der Tour geht es vorbei an der bizarren Felsformation \u201eTres Mar\u00edas\u201c zum Aussichtspunkt \u201ePiedra del Coyote\u201c (\u201eKojotenstein\u201c). Von hier \u00fcberblicken Sie die Karischlucht und weite Teile der W\u00fcste, bis hin zum Salar de Atacama. Die untergehende Sonne taucht die Landschaft fast min\u00fctlich in ein neues Licht und bietet so ein faszinierendes Farbenspiel.<br \/>\nNach Sonnenuntergang R\u00fcckfahrt nach San Pedro.<br \/>\n\n\t\t<\/div>\n\t\n\n\t\t<\/div>\n\t\n<p><\/p>","protected":false},"excerpt":{"rendered":"<p>Art der Reise: Natur Dauer: 1 Tag<\/p>\n","protected":false},"author":3,"featured_media":0,"parent":96,"menu_order":0,"comment_status":"open","ping_status":"open","template":"","meta":{"slim_seo":{"title":"Valle de la Luna Valle de le Luna - travelArt","description":"Valle dela Luna 1 Valle dela Luna 3 Valle dela Luna 2 Valle dela Luna 5 Valle dela Luna Art der Reise: Natur Dauer: 1 Tag Tourverlauf Das Valle de la Luna (\"Mon"},"footnotes":""},"class_list":["post-2098","page","type-page","status-publish","hentry"],"_links":{"self":[{"href":"https:\/\/www.chile-reise.com\/de\/wp-json\/wp\/v2\/pages\/2098","targetHints":{"allow":["GET"]}}],"collection":[{"href":"https:\/\/www.chile-reise.com\/de\/wp-json\/wp\/v2\/pages"}],"about":[{"href":"https:\/\/www.chile-reise.com\/de\/wp-json\/wp\/v2\/types\/page"}],"author":[{"embeddable":true,"href":"https:\/\/www.chile-reise.com\/de\/wp-json\/wp\/v2\/users\/3"}],"replies":[{"embeddable":true,"href":"https:\/\/www.chile-reise.com\/de\/wp-json\/wp\/v2\/comments?post=2098"}],"version-history":[{"count":0,"href":"https:\/\/www.chile-reise.com\/de\/wp-json\/wp\/v2\/pages\/2098\/revisions"}],"up":[{"embeddable":true,"href":"https:\/\/www.chile-reise.com\/de\/wp-json\/wp\/v2\/pages\/96"}],"wp:attachment":[{"href":"https:\/\/www.chile-reise.com\/de\/wp-json\/wp\/v2\/media?parent=2098"}],"curies":[{"name":"wp","href":"https:\/\/api.w.org\/{rel}","templated":true}]}}