{"id":2094,"date":"2013-08-26T18:02:25","date_gmt":"2013-08-26T16:02:25","guid":{"rendered":"http:\/\/www.chile-reise.com\/wordpress\/?page_id=2094"},"modified":"2015-10-19T20:21:24","modified_gmt":"2015-10-19T18:21:24","slug":"awasi-patagonia","status":"publish","type":"page","link":"https:\/\/www.chile-reise.com\/de\/hotels\/patagonien\/awasi-patagonia\/","title":{"rendered":"Awasi Patagonia (B)"},"content":{"rendered":"<style type='text\/css'>\r\n            #gallery-1 {\r\n                margin: auto;\r\n            }\r\n            #gallery-1 .gallery-item {\r\n                float: left;\r\n                margin-top: 10px;\r\n                text-align: center;\r\n                width: 33%;           }\r\n            #gallery-1 img {\r\n                border: 2px solid #cfcfcf;\r\n            }\r\n            #gallery-1 .gallery-caption {\r\n                margin-left: 0;\r\n            }\r\n        <\/style>\r\n        <!-- see gallery_shortcode() in wp-includes\/media.php -->\r\n        <div id='gallery-1' class='gallery-images gallery galleryid-2094'><dl class='gallery-item'>\r\n            <dt class='gallery-icon'>\r\n                <a href='https:\/\/www.chile-reise.com\/wp-content\/uploads\/Villas-Exteriors-Awasi-Patagonia-12.jpg'><img loading=\"lazy\" decoding=\"async\" width=\"240\" height=\"140\" src=\"https:\/\/www.chile-reise.com\/wp-content\/uploads\/Villas-Exteriors-Awasi-Patagonia-12-240x140.jpg\" class=\"attachment-thumbnail size-thumbnail\" alt=\"Villas Exteriors Awasi Patagonia (12)\" \/><\/a>\r\n            <\/dt>\r\n                <dd class='gallery-caption'>\r\n                Awasi Patagonia\r\n                <\/dd><\/dl><dl class='gallery-item'>\r\n            <dt class='gallery-icon'>\r\n                <a href='https:\/\/www.chile-reise.com\/wp-content\/uploads\/Villas-Exteriors-Awasi-Patagonia-2.jpg'><img loading=\"lazy\" decoding=\"async\" width=\"240\" height=\"140\" src=\"https:\/\/www.chile-reise.com\/wp-content\/uploads\/Villas-Exteriors-Awasi-Patagonia-2-240x140.jpg\" class=\"attachment-thumbnail size-thumbnail\" alt=\"Villas Exteriors Awasi Patagonia (2)\" \/><\/a>\r\n            <\/dt>\r\n                <dd class='gallery-caption'>\r\n                Awasi Patagonia\r\n                <\/dd><\/dl><dl class='gallery-item'>\r\n            <dt class='gallery-icon'>\r\n                <a href='https:\/\/www.chile-reise.com\/wp-content\/uploads\/Villas-Awasi-Patagonia-9.jpg'><img loading=\"lazy\" decoding=\"async\" width=\"240\" height=\"140\" src=\"https:\/\/www.chile-reise.com\/wp-content\/uploads\/Villas-Awasi-Patagonia-9-240x140.jpg\" class=\"attachment-thumbnail size-thumbnail\" alt=\"Villas Awasi Patagonia (9)\" \/><\/a>\r\n            <\/dt>\r\n                <dd class='gallery-caption'>\r\n                Awasi Patagonia\r\n                <\/dd><\/dl><br style=\"clear: both\" \/><dl class='gallery-item'>\r\n            <dt class='gallery-icon'>\r\n                <a href='https:\/\/www.chile-reise.com\/wp-content\/uploads\/Main-Lodge-Interiors-Awasi-Patagonia-111.jpg'><img loading=\"lazy\" decoding=\"async\" width=\"240\" height=\"140\" src=\"https:\/\/www.chile-reise.com\/wp-content\/uploads\/Main-Lodge-Interiors-Awasi-Patagonia-111-240x140.jpg\" class=\"attachment-thumbnail size-thumbnail\" alt=\"Main Lodge Interiors Awasi Patagonia (11)(1)\" \/><\/a>\r\n            <\/dt>\r\n                <dd class='gallery-caption'>\r\n                Awasi Patagonia\r\n                <\/dd><\/dl><dl class='gallery-item'>\r\n            <dt class='gallery-icon'>\r\n                <a href='https:\/\/www.chile-reise.com\/wp-content\/uploads\/Villas-Awasi-Patagonia-12.jpg'><img loading=\"lazy\" decoding=\"async\" width=\"240\" height=\"140\" src=\"https:\/\/www.chile-reise.com\/wp-content\/uploads\/Villas-Awasi-Patagonia-12-240x140.jpg\" class=\"attachment-thumbnail size-thumbnail\" alt=\"Villas Awasi Patagonia (12)\" \/><\/a>\r\n            <\/dt>\r\n                <dd class='gallery-caption'>\r\n                Awasi Patagonia\r\n                <\/dd><\/dl><dl class='gallery-item'>\r\n            <dt class='gallery-icon'>\r\n                <a href='https:\/\/www.chile-reise.com\/wp-content\/uploads\/Villas-Awasi-Patagonia-17.jpg'><img loading=\"lazy\" decoding=\"async\" width=\"240\" height=\"140\" src=\"https:\/\/www.chile-reise.com\/wp-content\/uploads\/Villas-Awasi-Patagonia-17-240x140.jpg\" class=\"attachment-thumbnail size-thumbnail\" alt=\"Villas Awasi Patagonia (17)\" \/><\/a>\r\n            <\/dt>\r\n                <dd class='gallery-caption'>\r\n                Awasi Patagonia\r\n                <\/dd><\/dl><br style=\"clear: both\" \/>\r\n            <br style='clear: both;' \/>\r\n        <\/div>\n\n<div class=\"clear\"><\/div><div class=\"divider\"><\/div>\n\n\t<script type=\"text\/javascript\">\tjQuery(document).ready(function($){\tjQuery(\"ul.tabs-nav\").tabs(\"> .pane\"); }); <\/script>\n\n\t\t<div class=\"post-tabs\">\n\t\t\n<ul class=\"tabs-nav\">\n<li>Hotelbeschreibung<\/li>\n<li>Video<\/li>\n<\/ul>\n\n\t\t<div class=\"pane\">\n\t\tDas luxuri\u00f6se Hotel Awasi Patagonia befindet sich in einem privaten Naturschutzgebiet gleich au\u00dferhalb der Grenze des Nationalparks Torres del Paine, am Lago Sarmiento.<br \/>\nDie sehr weitl\u00e4ufige Anlage besteht aus zw\u00f6lf unabh\u00e4ngigen Villen zu je 80 Quadratmetern, die wunderbare Blicke auf die Torres Spitzen und den Lago Sarmiento bieten. Sie sind so gebaut, dass sie in der wilden Landschaft fast nicht auffallen und somit nicht das Landschaftsbild st\u00f6ren. Au\u00dferdem geh\u00f6rt ein Haupthaus mit Gourmetrestaurant, Bar und Terrasse zu dem Komplex. Die ganze Anlage ist in einem nat\u00fcrlichen Wald aus Lenga- und \u00d1irre-B\u00e4umen gelegen, der vor dem heftigen patagonischen Wind sch\u00fctzt und lokaler Fauna wie Guanaco, \u00d1andus und F\u00fcchsen eine Heimat bietet.<\/p>\n<p><strong>Zimmer: <\/strong>12 Bungalows<br \/>\nAusstattung: Heizung, Telefon, Haartrockner, Safe, Wohnzimmer, Kamin, privater Hot Tub, Restaurant, Bar, Terrasse, Massageservice, W\u00e4scheservice, Schuhputzservice, Parkpl\u00e4tze<br \/>\n<strong>Aktivit\u00e4ten: <\/strong>All-inclusive-Pakete mit Transfer und Exkursionen. Alle Exkursionen mit privatem Reisef\u00fchrer, privatem Jeep und individueller Planung<br \/>\n<strong>Internet: <\/strong>Wi-Fi im Haupthaus\n\t\t<\/div>\n\t\n\n\t\t<div class=\"pane\">\n\t\t<iframe loading=\"lazy\" title=\"Awasi Patagonia - Moncho the Gaucho\" src=\"https:\/\/player.vimeo.com\/video\/113609165?dnt=1&amp;app_id=122963\" width=\"620\" height=\"349\" frameborder=\"0\" allow=\"autoplay; fullscreen; picture-in-picture; clipboard-write\"><\/iframe>\n\t\t<\/div>\n\t\n\n\t\t<\/div>","protected":false},"excerpt":{"rendered":"","protected":false},"author":3,"featured_media":0,"parent":221,"menu_order":0,"comment_status":"open","ping_status":"open","template":"","meta":{"slim_seo":{"title":"Awasi Patagonia (B) - travelArt","description":"[:de] Awasi Patagonia Awasi Patagonia Awasi Patagonia Awasi Patagonia Awasi Patagonia Awasi Patagonia Hotelbeschreibung Video Das luxuri\u00f6se Hotel Awasi Patagoni"},"footnotes":""},"class_list":["post-2094","page","type-page","status-publish","hentry"],"_links":{"self":[{"href":"https:\/\/www.chile-reise.com\/de\/wp-json\/wp\/v2\/pages\/2094","targetHints":{"allow":["GET"]}}],"collection":[{"href":"https:\/\/www.chile-reise.com\/de\/wp-json\/wp\/v2\/pages"}],"about":[{"href":"https:\/\/www.chile-reise.com\/de\/wp-json\/wp\/v2\/types\/page"}],"author":[{"embeddable":true,"href":"https:\/\/www.chile-reise.com\/de\/wp-json\/wp\/v2\/users\/3"}],"replies":[{"embeddable":true,"href":"https:\/\/www.chile-reise.com\/de\/wp-json\/wp\/v2\/comments?post=2094"}],"version-history":[{"count":0,"href":"https:\/\/www.chile-reise.com\/de\/wp-json\/wp\/v2\/pages\/2094\/revisions"}],"up":[{"embeddable":true,"href":"https:\/\/www.chile-reise.com\/de\/wp-json\/wp\/v2\/pages\/221"}],"wp:attachment":[{"href":"https:\/\/www.chile-reise.com\/de\/wp-json\/wp\/v2\/media?parent=2094"}],"curies":[{"name":"wp","href":"https:\/\/api.w.org\/{rel}","templated":true}]}}