{"id":2034,"date":"2013-08-23T23:48:59","date_gmt":"2013-08-23T21:48:59","guid":{"rendered":"http:\/\/www.chile-reise.com\/wordpress\/?page_id=2034"},"modified":"2014-03-14T16:05:36","modified_gmt":"2014-03-14T14:05:36","slug":"overlanders-extremo-norte","status":"publish","type":"page","link":"https:\/\/www.chile-reise.com\/de\/altiplano\/overlanders-extremo-norte\/","title":{"rendered":"Overlanders Extremo Norte"},"content":{"rendered":"<p>\r\n        <style type='text\/css'>\r\n            #gallery-1 {\r\n                margin: auto;\r\n            }\r\n            #gallery-1 .gallery-item {\r\n                float: left;\r\n                margin-top: 10px;\r\n                text-align: center;\r\n                width: 33%;           }\r\n            #gallery-1 img {\r\n                border: 2px solid #cfcfcf;\r\n            }\r\n            #gallery-1 .gallery-caption {\r\n                margin-left: 0;\r\n            }\r\n        <\/style>\r\n        <!-- see gallery_shortcode() in wp-includes\/media.php -->\r\n        <div id='gallery-1' class='gallery-images gallery galleryid-2034'><dl class='gallery-item'>\r\n            <dt class='gallery-icon'>\r\n                <a href='https:\/\/www.chile-reise.com\/wp-content\/uploads\/Altiplano_klein.jpg'><img loading=\"lazy\" decoding=\"async\" width=\"240\" height=\"140\" src=\"https:\/\/www.chile-reise.com\/wp-content\/uploads\/Altiplano_klein-240x140.jpg\" class=\"attachment-thumbnail size-thumbnail\" alt=\"Altiplano klein\" \/><\/a>\r\n            <\/dt>\r\n                <dd class='gallery-caption'>\r\n                Altiplano\r\n                <\/dd><\/dl><dl class='gallery-item'>\r\n            <dt class='gallery-icon'>\r\n                <a href='https:\/\/www.chile-reise.com\/wp-content\/uploads\/Arica-Beach_klein.jpg'><img loading=\"lazy\" decoding=\"async\" width=\"240\" height=\"140\" src=\"https:\/\/www.chile-reise.com\/wp-content\/uploads\/Arica-Beach_klein-240x140.jpg\" class=\"attachment-thumbnail size-thumbnail\" alt=\"Arica Beach klein\" \/><\/a>\r\n            <\/dt>\r\n                <dd class='gallery-caption'>\r\n                Arica Beach\r\n                <\/dd><\/dl><dl class='gallery-item'>\r\n            <dt class='gallery-icon'>\r\n                <a href='https:\/\/www.chile-reise.com\/wp-content\/uploads\/Arica_Catedral-by-Madlen-Jacobs_klein.jpg'><img loading=\"lazy\" decoding=\"async\" width=\"240\" height=\"140\" src=\"https:\/\/www.chile-reise.com\/wp-content\/uploads\/Arica_Catedral-by-Madlen-Jacobs_klein-240x140.jpg\" class=\"attachment-thumbnail size-thumbnail\" alt=\"Arica Catedral by Madlen Jacobs klein\" \/><\/a>\r\n            <\/dt>\r\n                <dd class='gallery-caption'>\r\n                Arica Cathedral\r\n                <\/dd><\/dl><br style=\"clear: both\" \/><dl class='gallery-item'>\r\n            <dt class='gallery-icon'>\r\n                <a href='https:\/\/www.chile-reise.com\/wp-content\/uploads\/Humberstone-2_klein.jpg'><img loading=\"lazy\" decoding=\"async\" width=\"240\" height=\"140\" src=\"https:\/\/www.chile-reise.com\/wp-content\/uploads\/Humberstone-2_klein-240x140.jpg\" class=\"attachment-thumbnail size-thumbnail\" alt=\"Humberstone 2 klein\" \/><\/a>\r\n            <\/dt>\r\n                <dd class='gallery-caption'>\r\n                Humberstone\r\n                <\/dd><\/dl><dl class='gallery-item'>\r\n            <dt class='gallery-icon'>\r\n                <a href='https:\/\/www.chile-reise.com\/wp-content\/uploads\/Iquique-1_klein.jpg'><img loading=\"lazy\" decoding=\"async\" width=\"240\" height=\"140\" src=\"https:\/\/www.chile-reise.com\/wp-content\/uploads\/Iquique-1_klein-240x140.jpg\" class=\"attachment-thumbnail size-thumbnail\" alt=\"Iquique 1 klein\" \/><\/a>\r\n            <\/dt>\r\n                <dd class='gallery-caption'>\r\n                Iquique Esmeralda\r\n                <\/dd><\/dl>\r\n            <br style='clear: both;' \/>\r\n        <\/div>\n<div class=\"clear\"><\/div><div class=\"divider\"><\/div>\n<p><strong>Art der Reise:<\/strong> Aktiv<br \/>\n<strong>Dauer:<\/strong> 5 Tage<\/p>\n\n\t<script type=\"text\/javascript\">\tjQuery(document).ready(function($){\tjQuery(\"ul.tabs-nav\").tabs(\"> .pane\"); }); <\/script>\n\n\t\t<div class=\"post-tabs\">\n\t\t\n<ul class=\"tabs-nav\">\n<li>Tourverlauf<\/li>\n<li>Leistungen<\/li>\n<li>Anmerkungen<\/li>\n<\/ul>\n\n\t\t<div class=\"pane\">\n\t\t\n<strong>IQUIQUE &#8211; ARICA  <\/strong><br \/>\n(5 Tage\/4 N\u00e4chte)   <\/p>\n<p><strong>1.Tag \u2013 Iquique \u2013 Chusmiza (172km)<\/strong><br \/>\nNach der Ankunft am Flughafen Iquique und einer kurzen Fahrt durch die Stadt machen Sie sich auf ins Landes-innere. Ihr erster Halt ist bei den Geisterst\u00e4dten der fr\u00fcheren Salpeter-Industrie, Santa Laura und Humberstone. Nach Ihrem Besuch geht es weiter zu den Felszeichnun-gen von Cerro Unita. Die bekannteste Zeichnung ist der \u00abGigante de Atacama\u00bb (Riese von Atacama). Mit seinen 86 m ist er einer der gr\u00f6\u00dften seiner Art auf der ganzen Welt! Mittagessen in regionaltypischem Restaurant. Sie setzen Ihre Reise fort und gewinnen kontinuierlich an H\u00f6he. Am sp\u00e4ten Nachmittag erreichen Sie Chuzmisa auf 3.400 m H\u00f6he. Hier  \u00fcbernachten Sie in den einfachen Caba\u00f1as de Chuzmiza.<\/p>\n<p><strong>2.Tag \u2013 Chusmiza \u2013 Colchane (178km)<\/strong><br \/>\nHeute geht die Fahrt weiter nach oben in Richtung Colchane. Dabei durchqueren Sie beeindruckende T\u00e4ler, unter anderem das \u00abValle de Felicidad\u00bb (Tal der Gl\u00fcckseligkeit), und die D\u00f6rfer Cariquima und Ancovinto auf 3.800 m H\u00f6he. Hier unternehmen Sie eine Wanderung, auf der Sie unter anderem Exemplare des Riesenkaktus \u00abEchinopsis atacamensis\u00bb bestaunen k\u00f6nnen. Unterwegs Mittagessen mit Boxlunch. Am Nachmittag erreichen Sie den Ort Colchane auf 3.730 m H\u00f6he, wo Sie sich den Rest des Tages akklimatisieren und die Nacht im Hostal Camino del Inca verbringen.<\/p>\n<p><strong>3.Tag \u2013 Colchane \u2013 Surire (101km)<\/strong><br \/>\nVon Colchane aus machen Sie sich auf den Weg zum Nationalpark Vulkan Isluga. Sie besuchen das Dorf Isluga, in dem die sch\u00f6nste Kirche des chilenischen \u00abAltiplano\u00bb (Hochebene) steht. Mittagessen an den Thermalquellen von Enquelga.Unterwegs treffen Sie immer wieder auf die unterschiedlichsten Spezies der  Fauna der  Anden, Vicu\u00f1as,  Alpacas, Pumas, F\u00fcchse, Flamingos, seltene Vogelarten, G\u00fcrteltiere und Stinktiere sind nur einige von ihnen. Den h\u00f6chsten Punkt der Tour erreichen Sie heute auf 4.900 m, von wo sich ein herrlicher Blick auf den Vulkan de Isluga und den Salar de Surire bietet. \u00dcbernachtet wird in einem einfachen Refugio auf 4.200 m H\u00f6he in der N\u00e4he des Salar de Surire.<\/p>\n<p><strong>4.Tag \u2013 Surire \u2013 Putre (133km)<\/strong><br \/>\nFr\u00fch am Morgen besuchen Sie die rustikalen Thermalquellen von Polloquere und den Salar de  Surire. Hier k\u00f6nnen Sie gro\u00dfe Flamingoschw\u00e4rme beobachten.<br \/>\nSie setzen Ihre Tour in Richtung Norden fort. Auf dem Weg zum Nationalpark Lauca durchfahren Sie das Nationalreservat Las Vicu\u00f1as und besuchen verschiedene D\u00f6rfer. Im Park besuchen Sie den auf 4.500 m H\u00f6he gelegenen Chungar\u00e1 See. In seiner smaragdgr\u00fcnen Oberfl\u00e4che spiegelt sich der Kegel des schneebedeckten Vulkans Parinacota. Sie besuchen das Dorf gleichen Namens, wo sich eine der typischen Adobekirchen aus dem 17. Jahrhundert befindet. Ab hier geht die Fahrt wieder nach unten, bis auf 3.500 m H\u00f6he, ins Dorf Putre, wo Sie \u00fcbernachten.<\/p>\n<p><strong>5.Tag \u2013 Putre \u2013 Arica (145km)<\/strong><br \/>\nAm letzten Tag machen Sie sich auf den Weg nach Arica. Sie durchfahren das fruchtbare Llutatal, wo seit Urzeiten Mais angebaut wird. Mittagessen in einem Restaurant unterwegs. Weiter geht es ins Azapatal, wo Sie das arch\u00e4ologische Museum von San Miguel besuchen, in dem eine interessante Sammlung von Mumien der Chinchorro-Kultur ausgestellt ist. Anschlie\u00dfend geht es weiter nach Arica, wo die Tour nach einer kurzen Fahrt durch die Stadt am Flughafen endet.<\/p>\n<p>M\u00f6glichkeit zur Verl\u00e4ngerung in einem \u00f6rtlichen Hotel.<br \/>\n\n\t\t<\/div>\n\t\n\n\t\t<div class=\"pane\">\n\t\t\n&#8211;\tReiseleiterbegleitung<br \/>\n&#8211;\tprivater Transport in gel\u00e4ndegeeigneten Fahrzeugen,<br \/>\n&#8211;\t\u00dcbernachtung in den aufgef\u00fchrten Unterk\u00fcnften<br \/>\n&#8211;\tVollpension<br \/>\n&#8211;\tMineralwasser unterwegs<br \/>\n&#8211;\tSauerstoffger\u00e4t an Bord des Fahrzeugs<br \/>\n&#8211;       Eintrittsgelder<br \/>\n\n\t\t<\/div>\n\t\n\n\t\t<div class=\"pane\">\n\t\t\nAufgrund der klimatischen Bedingungen kann diese Tour in den Monaten Dezember, Januar und Februar leider nicht durchgef\u00fchrt werden.<br \/>\n\n\t\t<\/div>\n\t\n\n\t\t<\/div>\n\t<\/p>","protected":false},"excerpt":{"rendered":"<p>Art der Reise: Aktiv Dauer: 5 Tage<\/p>\n","protected":false},"author":3,"featured_media":0,"parent":69,"menu_order":0,"comment_status":"open","ping_status":"open","template":"","meta":{"slim_seo":{"title":"Overlanders Extremo Norte Overlanders Extremo Norte - travelArt","description":"Altiplano Arica Beach Arica Cathedral Humberstone Iquique Esmeralda Art der Reise: Aktiv Dauer: 5 Tage Tourverlauf Leistungen Anmerkungen IQUIQUE - ARICA (5 Tag"},"footnotes":""},"class_list":["post-2034","page","type-page","status-publish","hentry"],"_links":{"self":[{"href":"https:\/\/www.chile-reise.com\/de\/wp-json\/wp\/v2\/pages\/2034","targetHints":{"allow":["GET"]}}],"collection":[{"href":"https:\/\/www.chile-reise.com\/de\/wp-json\/wp\/v2\/pages"}],"about":[{"href":"https:\/\/www.chile-reise.com\/de\/wp-json\/wp\/v2\/types\/page"}],"author":[{"embeddable":true,"href":"https:\/\/www.chile-reise.com\/de\/wp-json\/wp\/v2\/users\/3"}],"replies":[{"embeddable":true,"href":"https:\/\/www.chile-reise.com\/de\/wp-json\/wp\/v2\/comments?post=2034"}],"version-history":[{"count":0,"href":"https:\/\/www.chile-reise.com\/de\/wp-json\/wp\/v2\/pages\/2034\/revisions"}],"up":[{"embeddable":true,"href":"https:\/\/www.chile-reise.com\/de\/wp-json\/wp\/v2\/pages\/69"}],"wp:attachment":[{"href":"https:\/\/www.chile-reise.com\/de\/wp-json\/wp\/v2\/media?parent=2034"}],"curies":[{"name":"wp","href":"https:\/\/api.w.org\/{rel}","templated":true}]}}