{"id":2002,"date":"2013-08-23T23:02:31","date_gmt":"2013-08-23T21:02:31","guid":{"rendered":"http:\/\/www.chile-reise.com\/wordpress\/?page_id=2002"},"modified":"2013-10-02T20:03:24","modified_gmt":"2013-10-02T18:03:24","slug":"nationalpark-salar-de-huasco","status":"publish","type":"page","link":"https:\/\/www.chile-reise.com\/de\/altiplano\/nationalpark-salar-de-huasco\/","title":{"rendered":"Nationalpark Salar de Huasco"},"content":{"rendered":"<p>\r\n        <style type='text\/css'>\r\n            #gallery-1 {\r\n                margin: auto;\r\n            }\r\n            #gallery-1 .gallery-item {\r\n                float: left;\r\n                margin-top: 10px;\r\n                text-align: center;\r\n                width: 33%;           }\r\n            #gallery-1 img {\r\n                border: 2px solid #cfcfcf;\r\n            }\r\n            #gallery-1 .gallery-caption {\r\n                margin-left: 0;\r\n            }\r\n        <\/style>\r\n        <!-- see gallery_shortcode() in wp-includes\/media.php -->\r\n        <div id='gallery-1' class=' gallery galleryid-2002'><dl class='gallery-item'>\r\n            <dt class='gallery-icon'>\r\n                <a href='https:\/\/www.chile-reise.com\/de\/packages-daytrips\/atacamawueste\/geysire-von-tatio\/salar-de-huasco-1\/'><img loading=\"lazy\" decoding=\"async\" width=\"240\" height=\"140\" src=\"https:\/\/www.chile-reise.com\/wp-content\/uploads\/Salar-de-Huasco-1-240x140.jpg\" class=\"attachment-thumbnail size-thumbnail\" alt=\"Salar de Huasco\" \/><\/a>\r\n            <\/dt>\r\n                <dd class='gallery-caption'>\r\n                Salar de Huasco 1\r\n                <\/dd><\/dl><dl class='gallery-item'>\r\n            <dt class='gallery-icon'>\r\n                <a href='https:\/\/www.chile-reise.com\/de\/packages-daytrips\/atacamawueste\/geysire-von-tatio\/salar-de-huasco\/'><img loading=\"lazy\" decoding=\"async\" width=\"240\" height=\"140\" src=\"https:\/\/www.chile-reise.com\/wp-content\/uploads\/Salar-de-Huasco-240x140.jpg\" class=\"attachment-thumbnail size-thumbnail\" alt=\"Salar de Huasco\" \/><\/a>\r\n            <\/dt>\r\n                <dd class='gallery-caption'>\r\n                Salar de Huasco 2\r\n                <\/dd><\/dl>\r\n            <br style='clear: both;' \/>\r\n        <\/div>\n\n<div class=\"clear\"><\/div><div class=\"divider\"><\/div>\n<p><strong>Art der Reise:<\/strong> Natur<br \/>\n<strong>Dauer:<\/strong> 1 Tag<\/p>\n\n\t<script type=\"text\/javascript\">\tjQuery(document).ready(function($){\tjQuery(\"ul.tabs-nav\").tabs(\"> .pane\"); }); <\/script>\n\n\t\t<div class=\"post-tabs\">\n\t\t\n<ul class=\"tabs-nav\">\n<li>Tourverlauf<\/li>\n<\/ul>\n\n\t\t<div class=\"pane\">\n\t\t\nAuf dieser Tagesexkursion zum Nationalpark Salar de Huasco haben Sie die M\u00f6glichkeit, das nordchilenische Hochland abseits der ausgetretenen Pfade in seiner vollen Sch\u00f6nheit kennen zu lernen. Erleben Sie das \u00fcberw\u00e4ltigende Gef\u00fchl von Weite und Einsamkeit auf einer H\u00f6he von 3.800m \u00fc. N.N. und entdecken Sie die faszinierende Tierwelt dieser abgelegenen Region.<br \/>\nDie Tour beginn fr\u00fch am morgen und f\u00fchrt Sie von Iquique aus nach Osten in das Altiplano, vorbei an mehreren arch\u00e4ologischen Ausgrabungsst\u00e4tten, die die bewegte Geschichte der Region veranschaulichen. Bald darauf erreichen Sie den Salar de Huasco, ein vom Tourismus unber\u00fchrter Salzsee, der hunderten Flamingos eine Heimat bietet. Mehrere flache Lagunen sind umgeben von gr\u00fcn-gelber Vegetation, an der Lamas und Alpacas weiden. Nach einem Picknick geht es weiter in das Oasendorf Pica, das im ganzen Land f\u00fcr seinen Obstanbau bekannt ist. Neben Mangos und Orangen werden hier vor allem die kleinen, aromatischen Pica-Limonen angebaut, die besonders gerne f\u00fcr den typischen Cocktail Pisco Sour verwendet werden. Am fr\u00fchen Abend kehren Sie nach Iquique zur\u00fcck.<br \/>\n\n\t\t<\/div>\n\t\n\n\t\t<\/div>\n\t<\/p>","protected":false},"excerpt":{"rendered":"<p>Art der Reise: Natur Dauer: 1 Tag<\/p>\n","protected":false},"author":3,"featured_media":0,"parent":69,"menu_order":0,"comment_status":"open","ping_status":"open","template":"","meta":{"slim_seo":{"title":"Nationalpark Salar de Huasco Salar de Huasco National Park - travelArt","description":"Salar de Huasco 1 Salar de Huasco 2 Art der Reise: Natur Dauer: 1 Tag Tourverlauf Auf dieser Tagesexkursion zum Nationalpark Salar de Huasco haben Sie die M\u00f6gli"},"footnotes":""},"class_list":["post-2002","page","type-page","status-publish","hentry"],"_links":{"self":[{"href":"https:\/\/www.chile-reise.com\/de\/wp-json\/wp\/v2\/pages\/2002","targetHints":{"allow":["GET"]}}],"collection":[{"href":"https:\/\/www.chile-reise.com\/de\/wp-json\/wp\/v2\/pages"}],"about":[{"href":"https:\/\/www.chile-reise.com\/de\/wp-json\/wp\/v2\/types\/page"}],"author":[{"embeddable":true,"href":"https:\/\/www.chile-reise.com\/de\/wp-json\/wp\/v2\/users\/3"}],"replies":[{"embeddable":true,"href":"https:\/\/www.chile-reise.com\/de\/wp-json\/wp\/v2\/comments?post=2002"}],"version-history":[{"count":0,"href":"https:\/\/www.chile-reise.com\/de\/wp-json\/wp\/v2\/pages\/2002\/revisions"}],"up":[{"embeddable":true,"href":"https:\/\/www.chile-reise.com\/de\/wp-json\/wp\/v2\/pages\/69"}],"wp:attachment":[{"href":"https:\/\/www.chile-reise.com\/de\/wp-json\/wp\/v2\/media?parent=2002"}],"curies":[{"name":"wp","href":"https:\/\/api.w.org\/{rel}","templated":true}]}}