{"id":20,"date":"2013-07-01T23:47:28","date_gmt":"2013-07-01T21:47:28","guid":{"rendered":"http:\/\/www.chile-reise.com\/wordpress\/?page_id=20"},"modified":"2016-07-21T22:35:47","modified_gmt":"2016-07-21T20:35:47","slug":"atacamawueste","status":"publish","type":"page","link":"https:\/\/www.chile-reise.com\/de\/kleiner-reisefuehrer\/atacamawueste\/","title":{"rendered":"Atacamaw\u00fcste"},"content":{"rendered":"<img loading=\"lazy\" decoding=\"async\" src=\"https:\/\/www.chile-reise.com\/wp-content\/uploads\/slider_atacamawueste-240x140.jpg\" alt=\"slider_atacamawueste\" width=\"240\" height=\"140\" class=\"alignleft size-thumbnail wp-image-917\" \/>Die Atacamaw\u00fcste erstreckt sich \u00fcber die drei n\u00f6rdlichen Regionen Chiles. Ihre wirtschaftlich und touristisch aktivste und bekannteste Zone ist das Gebiet zwischen Antofagasta und San Pedro de Atacama; auch die Kupferstadt Calama geh\u00f6rt dazu.<\/p>\n<p>Riesige <strong>Sandebenen<\/strong> vor der Kulisse von <strong>Vulkanen<\/strong>, die an die 6000 Meter heranreichen, pr\u00e4gen das Bild dieser W\u00fcste, dazwischen <strong>verstreute Oasen <\/strong>und immer wieder <strong>Salz<\/strong>, sei es in Form der erstaunlichen Cordillera de la Sal (Salzgebirge) oder als schneewei\u00dfe Salarfl\u00e4chen, die sich \u00fcber hunderte von Quadratkilometern hinziehen k\u00f6nnen.<br \/>\nDie Atacama ist mit nur ca. 1mm Niederschlag im Jahr die <strong>trockenste W\u00fcste der Erde<\/strong>. Sie liegt im Regenschatten der m\u00e4chtigen Anden und im Pazifik verhindert der kalte Humboldtstrom Niederschl\u00e4ge von der K\u00fcste her, da sich \u00fcber kaltem Wasser keine Regenwolken bilden. Auf Grund der extremen Trockenheit ist diese Gegend ein Paradies f\u00fcr Astronomen, denn nirgendwo auf der Welt ist der Himmel so zuverl\u00e4ssig <strong>sternenklar<\/strong> und die Atmosph\u00e4rentransparenz so gut.<\/p>\n<p>Etwa alle f\u00fcnf Jahre zaubert ein beeindruckendes Naturph\u00e4nomen einen wundervollen Bl\u00fctenteppich \u00fcber den trockenen W\u00fcstenboden: <strong>\u201eEl Desierto Florido\u201c, die bl\u00fchende W\u00fcste<\/strong>. Kleine Samen und Blumenzwiebeln, die im W\u00fcstenboden begraben lagen, werden dann durch etwas Winterregen zum Leben erweckt und es entfalten sich bis zu 200 endemische Pflanzenarten. Dieses Ph\u00e4nomen wirkt anziehend auf eine Vielzahl von Insekten und V\u00f6geln, die durch ihre Koexistenz w\u00e4hrend dieser Zeit ein sehr spezielles \u00d6kosystem bilden. <\/p>\n<p>Die Gegend von <strong>San Pedro<\/strong> wurde trotz der W\u00fcstenlage schon sehr fr\u00fch (vermutlich ab ca. 11.000 v.Chr.) besiedelt, da es dort einen Fluss gibt (heute Rio San Pedro). Aus diesem Grund verliefen dort auch die Handelsrouten von den Anden zur K\u00fcste und von Nord nach S\u00fcd. Hier befand sich das Hauptzentrum der Atacama- oder Likantanai-Kultur. Die Atacama-St\u00e4mme waren sesshafte Landwirte, die in Familienverb\u00e4nden mittels <strong>Terrassenwirtschaft<\/strong> unter anderem Mais, Kartoffeln, Bohnen und K\u00fcrbisse anbauten. Ihre Handwerker verarbeiteten Ton und Metalle, au\u00dferdem hielten sie <strong>Lamas<\/strong>, die als Woll- und Fleischliferanten und Transportmittel dienten. Um 1450 wurde die Oase von den <strong>Inkas<\/strong> erobert. Diese errichteten in Katarpe ein Verwaltungszentrum mit Regionalregierung und forderten von nun an Tribut von den Atacame\u00f1os. Die Spanier kamen Mitte des 16. Jhs. nach San Pedro, unterwarfen Atacame\u00f1os wie Inkas und errichteten eine erste Mission.<\/p>\n<p>Schon vor der Inkazeit wurde in Chile <strong>Kupfer<\/strong> gewonnen, heute sind die Bodensch\u00e4tze der Atacamaw\u00fcste der Motor von Chiles Wirtschaft. Das Land ist der mit Abstand gr\u00f6\u00dfte Kupferproduzent der Welt, etwa ein Drittel des Kupfers weltweit kommt aus Chiles Minen. Chuquicamata, die gr\u00f6\u00dfte Kupfertagebaumine der Welt bei Calama, ist nur eine von vielen. 1910 wurde dort die erste moderne F\u00f6rderanlage gebaut und heute kommen \u00fcber 600.000 Tonnen Kupfer j\u00e4hrlich aus der Mine. Die Hauptgrube ist heute \u00fcber 4 km lang, 3 km breit und \u00fcber 800 m tief, man kann sie als kleinen Fleck in der W\u00fcste sogar aus dem Weltall sehen.","protected":false},"excerpt":{"rendered":"<p>Die Atacamaw\u00fcste erstreckt sich \u00fcber die drei n\u00f6rdlichen Regionen Chiles. Ihre wirtschaftlich und touristisch aktivste und bekannteste Zone ist das Gebiet zwischen Antofagasta und San Pedro de Atacama; auch die Kupferstadt Calama geh\u00f6rt dazu. Riesige Sandebenen vor der Kulisse von &#8230;<\/p>\n","protected":false},"author":16,"featured_media":0,"parent":13,"menu_order":0,"comment_status":"open","ping_status":"open","template":"","meta":{"slim_seo":{"title":"[:de]Atacamaw\u00fcste[:en]Atacama Desert[:] - travelArt","description":"[:de] Die Atacamaw\u00fcste erstreckt sich \u00fcber die drei n\u00f6rdlichen Regionen Chiles. Ihre wirtschaftlich und touristisch aktivste und bekannteste Zone ist das Gebiet"},"footnotes":""},"class_list":["post-20","page","type-page","status-publish","hentry"],"_links":{"self":[{"href":"https:\/\/www.chile-reise.com\/de\/wp-json\/wp\/v2\/pages\/20","targetHints":{"allow":["GET"]}}],"collection":[{"href":"https:\/\/www.chile-reise.com\/de\/wp-json\/wp\/v2\/pages"}],"about":[{"href":"https:\/\/www.chile-reise.com\/de\/wp-json\/wp\/v2\/types\/page"}],"author":[{"embeddable":true,"href":"https:\/\/www.chile-reise.com\/de\/wp-json\/wp\/v2\/users\/16"}],"replies":[{"embeddable":true,"href":"https:\/\/www.chile-reise.com\/de\/wp-json\/wp\/v2\/comments?post=20"}],"version-history":[{"count":0,"href":"https:\/\/www.chile-reise.com\/de\/wp-json\/wp\/v2\/pages\/20\/revisions"}],"up":[{"embeddable":true,"href":"https:\/\/www.chile-reise.com\/de\/wp-json\/wp\/v2\/pages\/13"}],"wp:attachment":[{"href":"https:\/\/www.chile-reise.com\/de\/wp-json\/wp\/v2\/media?parent=20"}],"curies":[{"name":"wp","href":"https:\/\/api.w.org\/{rel}","templated":true}]}}