{"id":1988,"date":"2013-08-23T22:51:03","date_gmt":"2013-08-23T20:51:03","guid":{"rendered":"http:\/\/www.chile-reise.com\/wordpress\/?page_id=1988"},"modified":"2013-10-02T20:02:49","modified_gmt":"2013-10-02T18:02:49","slug":"geisterstadte-geoglyphen-und-die-pica-oase","status":"publish","type":"page","link":"https:\/\/www.chile-reise.com\/de\/altiplano\/geisterstadte-geoglyphen-und-die-pica-oase\/","title":{"rendered":"Geisterst\u00e4dte, Geoglyphen und die Pica-Oase"},"content":{"rendered":"<p>\r\n        <style type='text\/css'>\r\n            #gallery-1 {\r\n                margin: auto;\r\n            }\r\n            #gallery-1 .gallery-item {\r\n                float: left;\r\n                margin-top: 10px;\r\n                text-align: center;\r\n                width: 33%;           }\r\n            #gallery-1 img {\r\n                border: 2px solid #cfcfcf;\r\n            }\r\n            #gallery-1 .gallery-caption {\r\n                margin-left: 0;\r\n            }\r\n        <\/style>\r\n        <!-- see gallery_shortcode() in wp-includes\/media.php -->\r\n        <div id='gallery-1' class='gallery-images gallery galleryid-1988'><dl class='gallery-item'>\r\n            <dt class='gallery-icon'>\r\n                <a href='https:\/\/www.chile-reise.com\/wp-content\/uploads\/Humberstone.jpg'><img loading=\"lazy\" decoding=\"async\" width=\"240\" height=\"140\" src=\"https:\/\/www.chile-reise.com\/wp-content\/uploads\/Humberstone-240x140.jpg\" class=\"attachment-thumbnail size-thumbnail\" alt=\"Chuquicamata\" \/><\/a>\r\n            <\/dt><\/dl><dl class='gallery-item'>\r\n            <dt class='gallery-icon'>\r\n                <a href='https:\/\/www.chile-reise.com\/wp-content\/uploads\/Geoglyphes.jpg'><img loading=\"lazy\" decoding=\"async\" width=\"240\" height=\"140\" src=\"https:\/\/www.chile-reise.com\/wp-content\/uploads\/Geoglyphes-240x140.jpg\" class=\"attachment-thumbnail size-thumbnail\" alt=\"Geoglyphes\" \/><\/a>\r\n            <\/dt>\r\n                <dd class='gallery-caption'>\r\n                Geoglyphs\r\n                <\/dd><\/dl><dl class='gallery-item'>\r\n            <dt class='gallery-icon'>\r\n                <a href='https:\/\/www.chile-reise.com\/wp-content\/uploads\/Pica.jpg'><img loading=\"lazy\" decoding=\"async\" width=\"240\" height=\"140\" src=\"https:\/\/www.chile-reise.com\/wp-content\/uploads\/Pica-240x140.jpg\" class=\"attachment-thumbnail size-thumbnail\" alt=\"Pica\" \/><\/a>\r\n            <\/dt>\r\n                <dd class='gallery-caption'>\r\n                Pica\r\n                <\/dd><\/dl><br style=\"clear: both\" \/>\r\n            <br style='clear: both;' \/>\r\n        <\/div>\n\n<div class=\"clear\"><\/div><div class=\"divider\"><\/div>\n<p><strong>Art der Reise:<\/strong> Kultur<br \/>\n<strong>Dauer:<\/strong> 1 Tag<\/p>\n\n\t<script type=\"text\/javascript\">\tjQuery(document).ready(function($){\tjQuery(\"ul.tabs-nav\").tabs(\"> .pane\"); }); <\/script>\n\n\t\t<div class=\"post-tabs\">\n\t\t\n<ul class=\"tabs-nav\">\n<li>Tourverlauf<\/li>\n<li>Anmerkungen<\/li>\n<\/ul>\n\n\t\t<div class=\"pane\">\n\t\t\nZun\u00e4chst besuchen Sie die verlassenen Salpeterst\u00e4dte Santa Laura und Humberstone. Zu Hochzeiten hatte Santa Laura etwas mehr als 400 Einwohner und Humberstone beherbergte ca. 3500 Arbeiter. Ein Hotel mit einem riesigen Schwimmbecken, Warenh\u00e4user, eine Kirche, eine Schule und ein Sportstadion erf\u00fcllten einst die W\u00fcste mit Leben. Schauspieler aus aller Welt traten hier im Theater auf \u2013 eine bizarre Atmosph\u00e4re, die einen auch heute noch einf\u00e4ngt, wenn man durch die verlassenen Stra\u00dfen wandert. Nach der Erfindung der Ammoniak-Synthese brach der Salpetermarkt zusammen und die beiden Orte wurden von den Arbeitern verlassen. Seit 2005 stehen sie auf der UNESCO-Weltkulturerbeliste.<br \/>\nDanach durchqueren Sie auf dem Weg zu den Geoglyphen \u00abPintados\u00bb einen gro\u00dfen Teil des Naturreservats Pampa del Tamarugal, ein ca. 240.000 ha gro\u00dfer Wald mitten in der W\u00fcste. Die Geoglyphen von Pintados sind r\u00e4tselhafte pr\u00e4kolumbianische Erdzeichnungen, die durch Freikratzen von Gestein oder durch Auflegen von dunklen Steinen auf hellere Schichten entstanden sind. Sie nehmen ganze Bergh\u00e4nge ein und stellen Symbole,  Menschen und Tiere  dar.<br \/>\nLetztes Ziel ist die Pica Oase: Hier gibt es  nat\u00fcrliche Felsbecken mit klarem Quellwasser, wo Sie herrlich entspannen k\u00f6nnen. Pica beherbergt auch die \u00e4ltesten Weinkellerei Chiles, die von katholischen Missionaren gebaut wurde. Die Kirche von Pica (1887) ist ebenfalls einzigartig, da sie aus nat\u00fcrlichen Borax-Bl\u00f6cken errichtet wurde.<br \/>\nR\u00fcckfahrt nach Iquique. Lunchbox inkludiert.<br \/>\n\n\t\t<\/div>\n\t\n\n\t\t<\/div>\n\t<\/p>","protected":false},"excerpt":{"rendered":"<p>Art der Reise: Kultur Dauer: 1 Tag<\/p>\n","protected":false},"author":3,"featured_media":0,"parent":69,"menu_order":0,"comment_status":"open","ping_status":"open","template":"","meta":{"slim_seo":{"title":"Geisterst\u00e4dte, Geoglyphen und die Pica-Oase Ghost Towns, Geoglyphs and the Pica Oasis - travelArt","description":"Geoglyphs Pica Art der Reise: Kultur Dauer: 1 Tag Tourverlauf Anmerkungen Zun\u00e4chst besuchen Sie die verlassenen Salpeterst\u00e4dte Santa Laura und Humberstone. Zu H"},"footnotes":""},"class_list":["post-1988","page","type-page","status-publish","hentry"],"_links":{"self":[{"href":"https:\/\/www.chile-reise.com\/de\/wp-json\/wp\/v2\/pages\/1988","targetHints":{"allow":["GET"]}}],"collection":[{"href":"https:\/\/www.chile-reise.com\/de\/wp-json\/wp\/v2\/pages"}],"about":[{"href":"https:\/\/www.chile-reise.com\/de\/wp-json\/wp\/v2\/types\/page"}],"author":[{"embeddable":true,"href":"https:\/\/www.chile-reise.com\/de\/wp-json\/wp\/v2\/users\/3"}],"replies":[{"embeddable":true,"href":"https:\/\/www.chile-reise.com\/de\/wp-json\/wp\/v2\/comments?post=1988"}],"version-history":[{"count":0,"href":"https:\/\/www.chile-reise.com\/de\/wp-json\/wp\/v2\/pages\/1988\/revisions"}],"up":[{"embeddable":true,"href":"https:\/\/www.chile-reise.com\/de\/wp-json\/wp\/v2\/pages\/69"}],"wp:attachment":[{"href":"https:\/\/www.chile-reise.com\/de\/wp-json\/wp\/v2\/media?parent=1988"}],"curies":[{"name":"wp","href":"https:\/\/api.w.org\/{rel}","templated":true}]}}