{"id":1977,"date":"2013-08-23T22:39:37","date_gmt":"2013-08-23T20:39:37","guid":{"rendered":"http:\/\/www.chile-reise.com\/wordpress\/?page_id=1977"},"modified":"2013-10-02T20:02:46","modified_gmt":"2013-10-02T18:02:46","slug":"citytour-iquique","status":"publish","type":"page","link":"https:\/\/www.chile-reise.com\/de\/altiplano\/citytour-iquique\/","title":{"rendered":"Citytour Iquique"},"content":{"rendered":"<p>\r\n        <style type='text\/css'>\r\n            #gallery-1 {\r\n                margin: auto;\r\n            }\r\n            #gallery-1 .gallery-item {\r\n                float: left;\r\n                margin-top: 10px;\r\n                text-align: center;\r\n                width: 33%;           }\r\n            #gallery-1 img {\r\n                border: 2px solid #cfcfcf;\r\n            }\r\n            #gallery-1 .gallery-caption {\r\n                margin-left: 0;\r\n            }\r\n        <\/style>\r\n        <!-- see gallery_shortcode() in wp-includes\/media.php -->\r\n        <div id='gallery-1' class='gallery-images gallery galleryid-1977'><dl class='gallery-item'>\r\n            <dt class='gallery-icon'>\r\n                <a href='https:\/\/www.chile-reise.com\/wp-content\/uploads\/Iquique-teatro1.jpg'><img loading=\"lazy\" decoding=\"async\" width=\"240\" height=\"140\" src=\"https:\/\/www.chile-reise.com\/wp-content\/uploads\/Iquique-teatro1-240x140.jpg\" class=\"attachment-thumbnail size-thumbnail\" alt=\"Iquique teatro\" \/><\/a>\r\n            <\/dt>\r\n                <dd class='gallery-caption'>\r\n                Iquique Plaza\r\n                <\/dd><\/dl><dl class='gallery-item'>\r\n            <dt class='gallery-icon'>\r\n                <a href='https:\/\/www.chile-reise.com\/wp-content\/uploads\/Iquique-Esmeralda1.jpg'><img loading=\"lazy\" decoding=\"async\" width=\"240\" height=\"140\" src=\"https:\/\/www.chile-reise.com\/wp-content\/uploads\/Iquique-Esmeralda1-240x140.jpg\" class=\"attachment-thumbnail size-thumbnail\" alt=\"Iquique Esmeralda\" \/><\/a>\r\n            <\/dt>\r\n                <dd class='gallery-caption'>\r\n                Iquique Esmeralda\r\n                <\/dd><\/dl><dl class='gallery-item'>\r\n            <dt class='gallery-icon'>\r\n                <a href='https:\/\/www.chile-reise.com\/wp-content\/uploads\/Iquique-Beach1.jpg'><img loading=\"lazy\" decoding=\"async\" width=\"240\" height=\"140\" src=\"https:\/\/www.chile-reise.com\/wp-content\/uploads\/Iquique-Beach1-240x140.jpg\" class=\"attachment-thumbnail size-thumbnail\" alt=\"Iquique Beach\" \/><\/a>\r\n            <\/dt>\r\n                <dd class='gallery-caption'>\r\n                Iquique Beach\r\n                <\/dd><\/dl><br style=\"clear: both\" \/>\r\n            <br style='clear: both;' \/>\r\n        <\/div>\n\n<div class=\"clear\"><\/div><div class=\"divider\"><\/div>\n<p><strong>Art der Reise:<\/strong> Kultur<br \/>\n<strong>Dauer:<\/strong> 1 Tag<\/p>\n\n\t<script type=\"text\/javascript\">\tjQuery(document).ready(function($){\tjQuery(\"ul.tabs-nav\").tabs(\"> .pane\"); }); <\/script>\n\n\t\t<div class=\"post-tabs\">\n\t\t\n<ul class=\"tabs-nav\">\n<li>Tourverlauf<\/li>\n<li>Anmerkungen<\/li>\n<\/ul>\n\n\t\t<div class=\"pane\">\n\t\t\nLernen Sie die ehemalige Salpeterhochburg Iquique bei einer Stadtrundfahrt kennen. Sie werden die langen wei\u00dfen Str\u00e4nde und den gesch\u00e4ftigen Hafen sehen. Im Zentrum besichtigen Sie die von Palmen ums\u00e4umte Plaza Prat mit ihrem englischen Uhrt\u00fcrmchen, dem pr\u00e4chtigen Theater und dem im Maurischen Stil erbauten Centro Espa\u00f1ol. Diese und andere Prachtbauten des historischen Stadtkerns aus der Salpeterzeit sind heute Iquiques ganzer Stolz und lohnen einen Besuch. Au\u00dferdem besuchen Sie das Marinemuseum, das einstige Zollamt, den industrialisierten Teil von Iquique sowie das Denkmal des unbekannten Seemanns. Danach werden Sie zu Ihrem Hotel zur\u00fcckgebracht.<br \/>\n\n\t\t<\/div>\n\t\n\n\t\t<div class=\"pane\">\n\t\t\nMontags sind die Museen in Chile geschlossen.<br \/>\n\n\t\t<\/div>\n\t\n\n\t\t<\/div>\n\t<\/p>","protected":false},"excerpt":{"rendered":"<p>Art der Reise: Kultur Dauer: 1 Tag<\/p>\n","protected":false},"author":3,"featured_media":0,"parent":69,"menu_order":0,"comment_status":"open","ping_status":"open","template":"","meta":{"slim_seo":{"title":"Citytour Iquique City Tour Iquique - travelArt","description":"Iquique Plaza Iquique Esmeralda Iquique Beach Art der Reise: Kultur Dauer: 1 Tag Tourverlauf Anmerkungen Lernen Sie die ehemalige Salpeterhochburg Iquique bei e"},"footnotes":""},"class_list":["post-1977","page","type-page","status-publish","hentry"],"_links":{"self":[{"href":"https:\/\/www.chile-reise.com\/de\/wp-json\/wp\/v2\/pages\/1977","targetHints":{"allow":["GET"]}}],"collection":[{"href":"https:\/\/www.chile-reise.com\/de\/wp-json\/wp\/v2\/pages"}],"about":[{"href":"https:\/\/www.chile-reise.com\/de\/wp-json\/wp\/v2\/types\/page"}],"author":[{"embeddable":true,"href":"https:\/\/www.chile-reise.com\/de\/wp-json\/wp\/v2\/users\/3"}],"replies":[{"embeddable":true,"href":"https:\/\/www.chile-reise.com\/de\/wp-json\/wp\/v2\/comments?post=1977"}],"version-history":[{"count":0,"href":"https:\/\/www.chile-reise.com\/de\/wp-json\/wp\/v2\/pages\/1977\/revisions"}],"up":[{"embeddable":true,"href":"https:\/\/www.chile-reise.com\/de\/wp-json\/wp\/v2\/pages\/69"}],"wp:attachment":[{"href":"https:\/\/www.chile-reise.com\/de\/wp-json\/wp\/v2\/media?parent=1977"}],"curies":[{"name":"wp","href":"https:\/\/api.w.org\/{rel}","templated":true}]}}