{"id":1966,"date":"2013-08-23T22:34:16","date_gmt":"2013-08-23T20:34:16","guid":{"rendered":"http:\/\/www.chile-reise.com\/wordpress\/?page_id=1966"},"modified":"2013-10-02T20:02:41","modified_gmt":"2013-10-02T18:02:41","slug":"citytour-arica","status":"publish","type":"page","link":"https:\/\/www.chile-reise.com\/de\/altiplano\/citytour-arica\/","title":{"rendered":"Citytour Arica"},"content":{"rendered":"<p>\r\n        <style type='text\/css'>\r\n            #gallery-1 {\r\n                margin: auto;\r\n            }\r\n            #gallery-1 .gallery-item {\r\n                float: left;\r\n                margin-top: 10px;\r\n                text-align: center;\r\n                width: 33%;           }\r\n            #gallery-1 img {\r\n                border: 2px solid #cfcfcf;\r\n            }\r\n            #gallery-1 .gallery-caption {\r\n                margin-left: 0;\r\n            }\r\n        <\/style>\r\n        <!-- see gallery_shortcode() in wp-includes\/media.php -->\r\n        <div id='gallery-1' class='gallery-images gallery galleryid-1966'><dl class='gallery-item'>\r\n            <dt class='gallery-icon'>\r\n                <a href='https:\/\/www.chile-reise.com\/wp-content\/uploads\/Arica-Catredral1.jpg'><img loading=\"lazy\" decoding=\"async\" width=\"240\" height=\"140\" src=\"https:\/\/www.chile-reise.com\/wp-content\/uploads\/Arica-Catredral1-240x140.jpg\" class=\"attachment-thumbnail size-thumbnail\" alt=\"Arica Catredral\" \/><\/a>\r\n            <\/dt>\r\n                <dd class='gallery-caption'>\r\n                Arica Catedral\r\n                <\/dd><\/dl><dl class='gallery-item'>\r\n            <dt class='gallery-icon'>\r\n                <a href='https:\/\/www.chile-reise.com\/wp-content\/uploads\/Arica-Beach1.jpg'><img loading=\"lazy\" decoding=\"async\" width=\"240\" height=\"140\" src=\"https:\/\/www.chile-reise.com\/wp-content\/uploads\/Arica-Beach1-240x140.jpg\" class=\"attachment-thumbnail size-thumbnail\" alt=\"Arica Beach\" \/><\/a>\r\n            <\/dt>\r\n                <dd class='gallery-caption'>\r\n                Arica Beach\r\n                <\/dd><\/dl>\r\n            <br style='clear: both;' \/>\r\n        <\/div>\n\n<div class=\"clear\"><\/div><div class=\"divider\"><\/div>\n<p><strong>Art der Reise:<\/strong> Kultur<br \/>\n<strong>Dauer:<\/strong> 1 Tag<\/p>\n\n\t<script type=\"text\/javascript\">\tjQuery(document).ready(function($){\tjQuery(\"ul.tabs-nav\").tabs(\"> .pane\"); }); <\/script>\n\n\t\t<div class=\"post-tabs\">\n\t\t\n<ul class=\"tabs-nav\">\n<li>Tourverlauf<\/li>\n<li>Anmerkungen<\/li>\n<\/ul>\n\n\t\t<div class=\"pane\">\n\t\t\nLernen Sie Arica, die Stadt des ewigen Fr\u00fchlings bei einer Stadtrundfahrt kennen! Zun\u00e4chst erwartet Sie in der h\u00fcbschen Innenstadt Aricas das Erbe Gustave Eiffels: Der franz\u00f6sische Ingenieur entwarf die San Marcos Kathedrale und das historische Zollgeb\u00e4ude am Hauptplatz. Danach geht es weiter zu den beliebten Str\u00e4nden La Lisera und El Laucho.<br \/>\nAnschlie\u00dfend besuchen Sie den ber\u00fchmten Morro-Felsen, das Wahrzeichen von Arica. Der Morro ist ein 130 m hoher Sandsteinfels, der im Salpeterkrieg gegen Peru von den Chilenen erst\u00fcrmt wurde. Ein interessantes Museum erl\u00e4utert Ihnen diesen wichtigen Teil der chilenischen Geschichte. Von seiner\u00a0 Aussichtsplattform aus kann man ganz Arica, die K\u00fcste mit den langen Str\u00e4nden, sowie das gr\u00fcne Lluta-Tal sehen.<br \/>\nEtwas weiter im Landesinneren liegt das Azapa-Tal, wo Sie das arch\u00e4olgische Museum besuchen werden.\u00a0Hier sind neben anderen spannenden Exponaten die \u00e4ltesten Mumien der Welt ausgestellt. Zum Abschluss der Exkursion besuchen Sie den lokalen Handwerkermarkt.<br \/>\n\n\t\t<\/div>\n\t\n\n\t\t<div class=\"pane\">\n\t\t\nMontags sind die Museen in Chile geschlossen.<br \/>\n\n\t\t<\/div>\n\t\n\n\t\t<\/div>\n\t<\/p>","protected":false},"excerpt":{"rendered":"<p>Art der Reise: Kultur Dauer: 1 Tag<\/p>\n","protected":false},"author":3,"featured_media":0,"parent":69,"menu_order":0,"comment_status":"open","ping_status":"open","template":"","meta":{"slim_seo":{"title":"Citytour Arica City Tour Arica - travelArt","description":"Arica Catedral Arica Beach Art der Reise: Kultur Dauer: 1 Tag Tourverlauf Anmerkungen Lernen Sie Arica, die Stadt des ewigen Fr\u00fchlings bei einer Stadtrundfahrt"},"footnotes":""},"class_list":["post-1966","page","type-page","status-publish","hentry"],"_links":{"self":[{"href":"https:\/\/www.chile-reise.com\/de\/wp-json\/wp\/v2\/pages\/1966","targetHints":{"allow":["GET"]}}],"collection":[{"href":"https:\/\/www.chile-reise.com\/de\/wp-json\/wp\/v2\/pages"}],"about":[{"href":"https:\/\/www.chile-reise.com\/de\/wp-json\/wp\/v2\/types\/page"}],"author":[{"embeddable":true,"href":"https:\/\/www.chile-reise.com\/de\/wp-json\/wp\/v2\/users\/3"}],"replies":[{"embeddable":true,"href":"https:\/\/www.chile-reise.com\/de\/wp-json\/wp\/v2\/comments?post=1966"}],"version-history":[{"count":0,"href":"https:\/\/www.chile-reise.com\/de\/wp-json\/wp\/v2\/pages\/1966\/revisions"}],"up":[{"embeddable":true,"href":"https:\/\/www.chile-reise.com\/de\/wp-json\/wp\/v2\/pages\/69"}],"wp:attachment":[{"href":"https:\/\/www.chile-reise.com\/de\/wp-json\/wp\/v2\/media?parent=1966"}],"curies":[{"name":"wp","href":"https:\/\/api.w.org\/{rel}","templated":true}]}}