{"id":192,"date":"2013-07-02T22:55:42","date_gmt":"2013-07-02T20:55:42","guid":{"rendered":"http:\/\/www.chile-reise.com\/wordpress\/?page_id=192"},"modified":"2013-09-10T19:40:28","modified_gmt":"2013-09-10T17:40:28","slug":"mietwagenreisen","status":"publish","type":"page","link":"https:\/\/www.chile-reise.com\/de\/mietwagenreisen\/","title":{"rendered":"Mietwagenreisen"},"content":{"rendered":"<p>Chile ist ein sehr sicheres Land und eignet sich sehr gut um es mit dem Auto zu erkunden. Die Stra\u00dfen sind in der Regel in einem guten Zustand. Wenn Sie etwas unwegsameres Terrain befahren wollen, z.B. hoch in den Anden, gehen Sie auf Nummer sicher und mieten Sie einen 4&#215;4 Pick-up oder Jeep. Die meisten Highlights in Chile sind ohne Schwierigkeiten in einem normalen PKW zu erreichen. Die Menschen sind freundlich und hilfsbereit &#8211; ein sehr angenehmes Reisen f\u00fcr Entdeckungsfreudige!<\/p>\n<p>Chile ist sehr schmal, seine durchschnittliche Ost-West-Ausdehnung betr\u00e4gt nur 180 km &#8211; dem gegen\u00fcber stehen jedoch mehr als 4000 km Fahrtstrecke vom n\u00f6rdlichsten bis zum s\u00fcdlichsten Punkt des Landes! Daher ist es empfehlenswert, die interessanten Regionen mit dem Mietwagen zu bereisen, jedoch zwischendurch Teilstrecken mit dem Flugzeug zur\u00fcckzulegen. Die Mietwagen werden an den jeweiligen Flugh\u00e4fen f\u00fcr Sie bereit stehen.<\/p>\n<p>Die folgenden Beispielrouten haben wir sorgf\u00e4ltig &#8211; mit angenehmen Pausen und Haltepunkten &#8211; entwickelt. Dennoch freuen wir uns, wenn wir sie entsprechend Ihren W\u00fcnschen ab\u00e4ndern k\u00f6nnen: vielleicht eine k\u00fcrzere Tour oder ein Weg, der eher \u00abneben\u00bb der Hauptstra\u00dfe in die Anden f\u00fchrt? Sagen Sie uns einfach, wie lange Sie den Mietwagen in jeder Region fahren m\u00f6chten und wir schicken Ihnen die Route. <\/p>\n<h6>Unser Reiseangebot<\/h6>\n<span id=\"tablepress-18-description\" class=\"tablepress-table-description tablepress-table-description-id-18\"><\/span>\n\n<table id=\"tablepress-18\" class=\"tablepress tablepress-id-18\" aria-describedby=\"tablepress-18-description\">\n<thead>\n<tr class=\"row-1\">\n\t<th class=\"column-1\">Name der Reise<\/th><th class=\"column-2\">Region<\/th><th class=\"column-3\">Dauer<\/th>\n<\/tr>\n<\/thead>\n<tbody class=\"row-striping row-hover\">\n<tr class=\"row-2\">\n\t<td class=\"column-1\"><a href=\"antofagasta-iquique-arica\/\" target=\"_blank\">Antofagasta \u2013 Iquique \u2013 Arica<\/a><\/td><td class=\"column-2\">Altiplano<\/td><td class=\"column-3\">6 Tage<\/td>\n<\/tr>\n<tr class=\"row-3\">\n\t<td class=\"column-1\"><a href=\"antofagasta-calama-san-pedro-de-atacama\/\" target=\"_blank\">Antofagasta \u2013 Calama \u2013 San Pedro de Atacama<\/a><\/td><td class=\"column-2\">Atacamaw\u00fcste<\/td><td class=\"column-3\">7 Tage<\/td>\n<\/tr>\n<tr class=\"row-4\">\n\t<td class=\"column-1\"><a href=\"araucania-route\/\" target=\"_blank\">Araucan\u00eda-Route<\/a><\/td><td class=\"column-2\">Seengebiet<\/td><td class=\"column-3\">7 Tage<\/td>\n<\/tr>\n<tr class=\"row-5\">\n\t<td class=\"column-1\"><a href=\"route-der-waelder-und-seen\/\" target=\"_blank\">Route der W\u00e4lder und Seen<\/a><\/td><td class=\"column-2\">Seengebiet<\/td><td class=\"column-3\">7 oder 9 Tage<\/td>\n<\/tr>\n<tr class=\"row-6\">\n\t<td class=\"column-1\"><a href=\"chile-argentinien\/\" target=\"_blank\">Chile \u2013 Argentinien<\/a><\/td><td class=\"column-2\">Seengebiet<\/td><td class=\"column-3\">8 Tage<\/td>\n<\/tr>\n<tr class=\"row-7\">\n\t<td class=\"column-1\"><a href=\"route-der-vulkane\/\" target=\"_blank\">Route der Vulkane<\/a><\/td><td class=\"column-2\">Seengebiet<\/td><td class=\"column-3\">8 Tage<\/td>\n<\/tr>\n<tr class=\"row-8\">\n\t<td class=\"column-1\"><a href=\"noerdliche-carretera-austral\/\" target=\"_blank\">N\u00f6rdliche Carretera Austral<\/a><\/td><td class=\"column-2\">Carretera Austral<\/td><td class=\"column-3\">8 Tage<\/td>\n<\/tr>\n<tr class=\"row-9\">\n\t<td class=\"column-1\"><a href=\"suedliche-carretera-austral\/\" target=\"_blank\">S\u00fcdliche Carretera Austral<\/a><\/td><td class=\"column-2\">Carretera Austral<\/td><td class=\"column-3\">6 Tage<\/td>\n<\/tr>\n<tr class=\"row-10\">\n\t<td class=\"column-1\"><a href=\"torres-del-paine-nationalpark\/\" target=\"_blank\">Torres del Paine Nationalpark<\/a><\/td><td class=\"column-2\">Patagonien<\/td><td class=\"column-3\">6 Tage<\/td>\n<\/tr>\n<\/tbody>\n<\/table>\n<!-- #tablepress-18 from cache --><\/p>","protected":false},"excerpt":{"rendered":"<p>Chile ist ein sehr sicheres Land und eignet sich sehr gut um es mit dem Auto zu erkunden. Die Stra\u00dfen sind in der Regel in einem guten Zustand. Wenn Sie etwas unwegsameres Terrain befahren wollen, z.B. hoch in den Anden, &#8230;<\/p>\n","protected":false},"author":16,"featured_media":0,"parent":0,"menu_order":0,"comment_status":"open","ping_status":"open","template":"","meta":{"slim_seo":{"title":"Mietwagenreisen Rent a Car - travelArt","description":"Chile ist ein sehr sicheres Land und eignet sich sehr gut um es mit dem Auto zu erkunden. Die Stra\u00dfen sind in der Regel in einem guten Zustand. Wenn Sie etwas u"},"footnotes":""},"class_list":["post-192","page","type-page","status-publish","hentry"],"_links":{"self":[{"href":"https:\/\/www.chile-reise.com\/de\/wp-json\/wp\/v2\/pages\/192","targetHints":{"allow":["GET"]}}],"collection":[{"href":"https:\/\/www.chile-reise.com\/de\/wp-json\/wp\/v2\/pages"}],"about":[{"href":"https:\/\/www.chile-reise.com\/de\/wp-json\/wp\/v2\/types\/page"}],"author":[{"embeddable":true,"href":"https:\/\/www.chile-reise.com\/de\/wp-json\/wp\/v2\/users\/16"}],"replies":[{"embeddable":true,"href":"https:\/\/www.chile-reise.com\/de\/wp-json\/wp\/v2\/comments?post=192"}],"version-history":[{"count":0,"href":"https:\/\/www.chile-reise.com\/de\/wp-json\/wp\/v2\/pages\/192\/revisions"}],"wp:attachment":[{"href":"https:\/\/www.chile-reise.com\/de\/wp-json\/wp\/v2\/media?parent=192"}],"curies":[{"name":"wp","href":"https:\/\/api.w.org\/{rel}","templated":true}]}}