{"id":1915,"date":"2013-08-23T20:42:12","date_gmt":"2013-08-23T18:42:12","guid":{"rendered":"http:\/\/www.chile-reise.com\/wordpress\/?page_id=1915"},"modified":"2013-10-04T22:02:48","modified_gmt":"2013-10-04T20:02:48","slug":"hotel-cabo-de-hornos","status":"publish","type":"page","link":"https:\/\/www.chile-reise.com\/de\/hotels\/patagonien\/hotel-cabo-de-hornos\/","title":{"rendered":"Hotel Cabo de Hornos ****"},"content":{"rendered":"<p>\r\n        <style type='text\/css'>\r\n            #gallery-1 {\r\n                margin: auto;\r\n            }\r\n            #gallery-1 .gallery-item {\r\n                float: left;\r\n                margin-top: 10px;\r\n                text-align: center;\r\n                width: 33%;           }\r\n            #gallery-1 img {\r\n                border: 2px solid #cfcfcf;\r\n            }\r\n            #gallery-1 .gallery-caption {\r\n                margin-left: 0;\r\n            }\r\n        <\/style>\r\n        <!-- see gallery_shortcode() in wp-includes\/media.php -->\r\n        <div id='gallery-1' class='gallery-images gallery galleryid-1915'><dl class='gallery-item'>\r\n            <dt class='gallery-icon'>\r\n                <a href='https:\/\/www.chile-reise.com\/wp-content\/uploads\/Cabo-de-Hornos.jpg'><img loading=\"lazy\" decoding=\"async\" width=\"240\" height=\"140\" src=\"https:\/\/www.chile-reise.com\/wp-content\/uploads\/Cabo-de-Hornos-240x140.jpg\" class=\"attachment-thumbnail size-thumbnail\" alt=\"Cabo de Hornos\" \/><\/a>\r\n            <\/dt>\r\n                <dd class='gallery-caption'>\r\n                Hotel Cabo de Hornos\r\n                <\/dd><\/dl><dl class='gallery-item'>\r\n            <dt class='gallery-icon'>\r\n                <a href='https:\/\/www.chile-reise.com\/wp-content\/uploads\/Cabo-de-Hornos-Room.jpg'><img loading=\"lazy\" decoding=\"async\" width=\"240\" height=\"140\" src=\"https:\/\/www.chile-reise.com\/wp-content\/uploads\/Cabo-de-Hornos-Room-240x140.jpg\" class=\"attachment-thumbnail size-thumbnail\" alt=\"Cabo de Hornos Room\" \/><\/a>\r\n            <\/dt>\r\n                <dd class='gallery-caption'>\r\n                Cabo de Hornos Room \r\n                <\/dd><\/dl><dl class='gallery-item'>\r\n            <dt class='gallery-icon'>\r\n                <a href='https:\/\/www.chile-reise.com\/wp-content\/uploads\/Cabi-de-Hornos-View.jpg'><img loading=\"lazy\" decoding=\"async\" width=\"240\" height=\"140\" src=\"https:\/\/www.chile-reise.com\/wp-content\/uploads\/Cabi-de-Hornos-View-240x140.jpg\" class=\"attachment-thumbnail size-thumbnail\" alt=\"Cabo de Hornos\" \/><\/a>\r\n            <\/dt>\r\n                <dd class='gallery-caption'>\r\n                Cabo de Hornos View\r\n                <\/dd><\/dl><br style=\"clear: both\" \/>\r\n            <br style='clear: both;' \/>\r\n        <\/div>\n\n<div class=\"clear\"><\/div><div class=\"divider\"><\/div>\n<p>Das Cabo de Hornos ist ein sehr gutes, traditionelles Hotel direkt an der Plaza de Armas von Punta Arenas. Es bietet elegante Zimmer mit Blick \u00fcber die Stadt oder die Magellanstra\u00dfe, in denen es an keiner Annehmlichkeit fehlt. Im Restaurant werden f\u00fcr anspruchsvolle Gaumen Gerichte der magellanischen und internationalen Cuisine zubereitet und die Bar ist auf chilenische Weine spezialisiert. <\/p>\n<p><strong>Zimmer:<\/strong> 111<br \/>\n<strong>Ausstattung:<\/strong> Heizung, Telefon, Haartrockner, Safe, Kabel-TV, doppelverglaste Fenster, Schreibtisch, Cafeter\u00eda, Versammlungsr\u00e4ume, Kamin in der Bar, Bibliothek, Fitnessraum, Businesscenter, Schuhputzservice, W\u00e4scheservice<br \/>\nEin behindertengerechtes Zimmer steht zur Verf\u00fcgung.<br \/>\n<strong>Internet:<\/strong> Wi-Fi<\/p>\n<p><\/p>","protected":false},"excerpt":{"rendered":"<p>Das Cabo de Hornos ist ein sehr gutes, traditionelles Hotel direkt an der Plaza de Armas von Punta Arenas. Es bietet elegante Zimmer mit Blick \u00fcber die Stadt oder die Magellanstra\u00dfe, in denen es an keiner Annehmlichkeit fehlt. Im Restaurant &#8230;<\/p>\n","protected":false},"author":3,"featured_media":0,"parent":221,"menu_order":0,"comment_status":"open","ping_status":"open","template":"","meta":{"slim_seo":{"title":"Hotel Cabo de Hornos **** Hotel Cabo de Hornos **** - travelArt","description":"Hotel Cabo de Hornos Cabo de Hornos Room Cabo de Hornos View Das Cabo de Hornos ist ein sehr gutes, traditionelles Hotel direkt an der Plaza de Armas von Punta"},"footnotes":""},"class_list":["post-1915","page","type-page","status-publish","hentry"],"_links":{"self":[{"href":"https:\/\/www.chile-reise.com\/de\/wp-json\/wp\/v2\/pages\/1915","targetHints":{"allow":["GET"]}}],"collection":[{"href":"https:\/\/www.chile-reise.com\/de\/wp-json\/wp\/v2\/pages"}],"about":[{"href":"https:\/\/www.chile-reise.com\/de\/wp-json\/wp\/v2\/types\/page"}],"author":[{"embeddable":true,"href":"https:\/\/www.chile-reise.com\/de\/wp-json\/wp\/v2\/users\/3"}],"replies":[{"embeddable":true,"href":"https:\/\/www.chile-reise.com\/de\/wp-json\/wp\/v2\/comments?post=1915"}],"version-history":[{"count":0,"href":"https:\/\/www.chile-reise.com\/de\/wp-json\/wp\/v2\/pages\/1915\/revisions"}],"up":[{"embeddable":true,"href":"https:\/\/www.chile-reise.com\/de\/wp-json\/wp\/v2\/pages\/221"}],"wp:attachment":[{"href":"https:\/\/www.chile-reise.com\/de\/wp-json\/wp\/v2\/media?parent=1915"}],"curies":[{"name":"wp","href":"https:\/\/api.w.org\/{rel}","templated":true}]}}