{"id":185,"date":"2013-07-02T22:26:25","date_gmt":"2013-07-02T20:26:25","guid":{"rendered":"http:\/\/www.chile-reise.com\/wordpress\/?page_id=185"},"modified":"2013-10-02T20:32:37","modified_gmt":"2013-10-02T18:32:37","slug":"vulkan-aktiv-tour","status":"publish","type":"page","link":"https:\/\/www.chile-reise.com\/de\/packages-daytrips\/seengebiet\/vulkan-aktiv-tour\/","title":{"rendered":"Vulkan-Aktiv-Tour"},"content":{"rendered":"<p>\r\n        <style type='text\/css'>\r\n            #gallery-1 {\r\n                margin: auto;\r\n            }\r\n            #gallery-1 .gallery-item {\r\n                float: left;\r\n                margin-top: 10px;\r\n                text-align: center;\r\n                width: 33%;           }\r\n            #gallery-1 img {\r\n                border: 2px solid #cfcfcf;\r\n            }\r\n            #gallery-1 .gallery-caption {\r\n                margin-left: 0;\r\n            }\r\n        <\/style>\r\n        <!-- see gallery_shortcode() in wp-includes\/media.php -->\r\n        <div id='gallery-1' class='gallery-images gallery galleryid-185'><dl class='gallery-item'>\r\n            <dt class='gallery-icon'>\r\n                <a href='https:\/\/www.chile-reise.com\/wp-content\/uploads\/PD_Seengebiet_4_1.jpg'><img loading=\"lazy\" decoding=\"async\" width=\"240\" height=\"140\" src=\"https:\/\/www.chile-reise.com\/wp-content\/uploads\/PD_Seengebiet_4_1-240x140.jpg\" class=\"attachment-thumbnail size-thumbnail\" alt=\"PD Seengebiet 4\" \/><\/a>\r\n            <\/dt>\r\n                <dd class='gallery-caption'>\r\n                Vulkan-Aktiv-Tour\r\n                <\/dd><\/dl><dl class='gallery-item'>\r\n            <dt class='gallery-icon'>\r\n                <a href='https:\/\/www.chile-reise.com\/wp-content\/uploads\/PD_Seengebiet_4_2.jpg'><img loading=\"lazy\" decoding=\"async\" width=\"240\" height=\"140\" src=\"https:\/\/www.chile-reise.com\/wp-content\/uploads\/PD_Seengebiet_4_2-240x140.jpg\" class=\"attachment-thumbnail size-thumbnail\" alt=\"PD Seengebiet 4\" \/><\/a>\r\n            <\/dt>\r\n                <dd class='gallery-caption'>\r\n                Vulkan-Aktiv-Tour\r\n                <\/dd><\/dl><dl class='gallery-item'>\r\n            <dt class='gallery-icon'>\r\n                <a href='https:\/\/www.chile-reise.com\/wp-content\/uploads\/PD_Seengebiet_4_3.jpg'><img loading=\"lazy\" decoding=\"async\" width=\"240\" height=\"140\" src=\"https:\/\/www.chile-reise.com\/wp-content\/uploads\/PD_Seengebiet_4_3-240x140.jpg\" class=\"attachment-thumbnail size-thumbnail\" alt=\"PD Seengebiet 4\" \/><\/a>\r\n            <\/dt>\r\n                <dd class='gallery-caption'>\r\n                Vulkan-Aktiv-Tour\r\n                <\/dd><\/dl><br style=\"clear: both\" \/><dl class='gallery-item'>\r\n            <dt class='gallery-icon'>\r\n                <a href='https:\/\/www.chile-reise.com\/wp-content\/uploads\/PD_Seengebiet_4_4.jpg'><img loading=\"lazy\" decoding=\"async\" width=\"240\" height=\"140\" src=\"https:\/\/www.chile-reise.com\/wp-content\/uploads\/PD_Seengebiet_4_4-240x140.jpg\" class=\"attachment-thumbnail size-thumbnail\" alt=\"PD Seengebiet 4\" \/><\/a>\r\n            <\/dt>\r\n                <dd class='gallery-caption'>\r\n                Vulkan-Aktiv-Tour\r\n                <\/dd><\/dl><dl class='gallery-item'>\r\n            <dt class='gallery-icon'>\r\n                <a href='https:\/\/www.chile-reise.com\/wp-content\/uploads\/PD_Seengebiet_4_5.jpg'><img loading=\"lazy\" decoding=\"async\" width=\"240\" height=\"140\" src=\"https:\/\/www.chile-reise.com\/wp-content\/uploads\/PD_Seengebiet_4_5-240x140.jpg\" class=\"attachment-thumbnail size-thumbnail\" alt=\"PD Seengebiet 4\" \/><\/a>\r\n            <\/dt>\r\n                <dd class='gallery-caption'>\r\n                Vulkan-Aktiv-Tour\r\n                <\/dd><\/dl>\r\n            <br style='clear: both;' \/>\r\n        <\/div>\n\n<div class=\"clear\"><\/div><div class=\"divider\"><\/div>\n<p><strong>Art der Reise:<\/strong> Aktiv<br \/>\n<strong>Dauer:<\/strong> 7 Tage<\/p>\n\n\t<script type=\"text\/javascript\">\tjQuery(document).ready(function($){\tjQuery(\"ul.tabs-nav\").tabs(\"> .pane\"); }); <\/script>\n\n\t\t<div class=\"post-tabs\">\n\t\t\n<ul class=\"tabs-nav\">\n<li>Tourverlauf<\/li>\n<li>Ausr\u00fcstung<\/li>\n<li>Anmerkungen<\/li>\n<\/ul>\n\n\t\t<div class=\"pane\">\n\t\t\n<strong>1. Tag &#8211; Temuco &#8211; Curacaut\u00edn<\/strong><br \/>\nAnkunft am Flughafen von Temuco. Lernen Sie Temuco bei einer Stadtrundfahrt kennen und tauchen Sie in das bunte Treiben seiner traditionellen M\u00e4rkte ein. Danach besuchen Sie etwas au\u00dferhalb von Temuco eine traditionelle Mapuche-Ruca (Rundhaus) und k\u00f6nnen dort von der Besitzerin Sra. Juanita bei einem Gespr\u00e4ch \u00fcber Kultur, Geschichte und die aktuelle Situation der Mapuche Wissenswertes \u00fcber die Ureinwohner dieser Region erfahren. Sra Juanita geh\u00f6rt zu der Gruppe \u00abcasa de la mujer mapuche\u00bb (Haus der Mapuche-Frau), die in Temuco auch einen Kunsthandwerksladen betreibt. Nach diesem informativen Besuch geht die Fahrt weiter Richtung Curacaut\u00edn zum idyllisch gelegenen Hotel.<\/p>\n<p><strong>2. Tag &#8211; Vulkan Llonquimay und Krater Navidad<\/strong><br \/>\nHeute starten Sie zu einer ganzt\u00e4gigen Wanderung am Vulkan Lonquimay. In der N\u00e4he von Malacahuello beginnnen Sie mit dem Anstieg, der Sie zuerst durch dichte W\u00e4lder f\u00fchrt. Ab ca. 900 m tauchen einzelne Araukarien auf und mit zunehmender H\u00f6he wandern Sie durch nat\u00fcrliche Araurarienw\u00e4lder, bis zur Vegetationsgrenze bei ca 1500 m. Hier er\u00f6ffnet sich ein wundersch\u00f6nes Panorama: Die Mondlandschaft der Lavafelder des Vulkan Lonquimay stellt einen starken Kontrast zu den immergr\u00fcnen W\u00e4ldern dar. Nach ca. 4 Stunden Aufstieg erwartet Sie der Bus in einem kleinen Skigebiet. Von hier aus geht die Fahrt einige Kilometer auf der Panoramastrecke weiter, um zum Krater Navidad zu gelangen: Am 25.12.1988 ist der Vulkan zum letzten Mal ausgebrochen. Der dabei entstandene Krater wurde deswegen \u00abNavidad\u00bb &#8211; Weihnachtskrater getauft. Eine einfache 1-2 st\u00fcndige Wanderroute f\u00fchrt Sie durch die Aschefelder bis an den Fu\u00df des Kraters. Gegen Abend R\u00fcckfahrt zum Hotel und \u00dcbernachtung.<\/p>\n<p><strong>3. Tag &#8211; Conguillio Nationalpark und Nevados de Sollipulli<\/strong><br \/>\nHeute durchqueren Sie zuerst den Conguillio Nationalpark von Nord nach S\u00fcd und beginnen dann mit Ihrer Wanderung. Der aktive Vulkan Llaima hat hier immense Lavafelder hinterlassen, Sie werden auch die Spuren des letzten Ausbruchs von 2007 sehen k\u00f6nnen. Sie wandern zum Sierra Nevada &#8211; Gebirgszug. Von dort aus bieten sich fantastische Ausblicke auf den Vulkan Llaima und viele umliegende Seen und Lagunen, die zwischen den tiefgr\u00fcnen Urw\u00e4ldern liegen. Sie werden die regenschirmartigen Araukarien sehen, die der Region ihren Namen geben. Diese in Chile einheimischen, aber sonst seltenen B\u00e4ume haben fast unver\u00e4ndert seit der Zeit der Dinosaurier \u00fcberlebt. Gegen Abend verlassen Sie den Nationalpark und fahren zum Ecocamp Nevados de Sollipulli. In absoluter Natur k\u00f6nnen Sie hier nach einem aufregenden Tag in Holz-Badewannen unter dem s\u00fcdlichen Sternenhimmel entspannen und ein gutes Abendessen im gro\u00dfen, gem\u00fctlichen E\u00dfzelt genie\u00dfen. \u00dcbernachtung im Ecocamp.<\/p>\n<p><strong>Schwierigkeitsgrad:<\/strong><em> Leicht, kann von 1,5 bis 3 Stunden variiert werden.<\/em><\/p>\n<p><strong>4. Tag &#8211; Besteigung des Vulkans Nevados de Sollipulli<\/strong><br \/>\nWandern Sie heute zum riesigen Krater Nevados de Sollipulli. Er ist mit 16 km\u00b2 der gr\u00f6\u00dfte Krater S\u00fcdamerikas, der komplett von einem Gletscher ausgef\u00fcllt ist. Die Wanderung f\u00fchrt durch Araukarienw\u00e4lder bis an die Vegetationsgrenze und von dort aus durch die Asche- und Lavafelder des Vulkans. Je nach Schneelage kann es im Fr\u00fchling notwendig sein, im oberen Bereich Steig-eisen zu nutzen, die Wanderung bleibt jedoch trotzdem technisch einfach und auch f\u00fcr Anf\u00e4nger gut machbar.<br \/>\nAm Gipfel hat man einen atemberaubenden Blick auf mehrere Vulkane und den riesigen Gletscher im Krater. Der R\u00fcckweg f\u00fchrt \u00fcber eine andere Route, an mehreren Lagunen vorbei. Nach der R\u00fcckkehr wartet wieder ein warmes Bad zum Entspannen und ein leckeres Essen im Ecocamp auf Sie.<\/p>\n<p><strong>5. Tag &#8211; Sollipulli &#8211; Puc\u00f3n und Lavah\u00f6hlen des Vulkan Villarrica<\/strong><br \/>\nHeute fahren Sie von Sollipulli aus nach Puc\u00f3n, um von dort aus den m\u00e4chtigen Vulkan Villarrica und seine faszinierenden Lavah\u00f6hlen zu erkunden. Entstanden sind diese Tunnel vor rund 2 Millionen Jahren, als die oberste Schicht des gigantischen Lavastromes aus dem Vulkan Villarrica an der Luft zu erstarren begann, die Lava darunter jedoch weiterfloss. Heute k\u00f6nnen Sie etwa 300 m tief in die H\u00f6hlen hineingehen und sich so den Lavastrom von innen ansehen. Bei der ca. einst\u00fcndigen Exkursion werden Sie von einem erfahrenen Reiseleiter begleitet. Anschlie\u00dfend fahren Sie zum Skizentrum Rucapillan im Villarrica Nationalpark, um einen Spaziergang zu unternehmen und die Aussicht \u00ab\u00fcber Tage\u00bb zu genie\u00dfen. Danach Weiterfahrt zum Hotel.<\/p>\n<p><strong>6. Tag &#8211; Wandertour im Naturpark El Ca\u00f1i<\/strong><br \/>\nUnternehmen Sie eine Entdeckungstour in das Naturreser-vat El Ca\u00f1i, wo eine der \u00e4ltesten Baumarten der Erde gesch\u00fctzt wird: die Araukarie. Au\u00dferdem sind hier auch bedrohte Tierarten wie der Condor, der Puma, das Pud\u00fa und der Darwinfrosch zu Hause. Sie beginnen fr\u00fch am Morgen auf ca. 400 m. Eine wundersch\u00f6ne Wanderroute f\u00fchrt \u00fcber 8 km und \u00fcber 1000 H\u00f6henmeter durch den Urwald, vorbei an kleinen Lagunen und immer wieder Araukarien. Am Zielpunkt der Wanderung werden die Anstrengungen mit einem atemberaubenden Blick auf den Vulkan und See Villarrica, den aktiven Vulkan Llaima, sowie den Vulkan Quetrupill\u00e1n belohnt. Besonders sch\u00f6n ist es hierbei, durch die Araukarien\u00e4ste zu blicken, die sich von allen Seiten in das Panorama schieben. Nach dem Abstieg R\u00fcckfahrt zum Hotel.<\/p>\n<p><strong>Schwierigkeitsgrad:<\/strong><em> Mittelschwer, ca. 6 Stunden<\/em>.<\/p>\n<p><strong>Oder: Optionale Vulkanbesteigung<\/strong><br \/>\nFahren Sie fr\u00fch am Morgen mit Ihrem Reiseleiter zum 1400 m hoch gelegenen Skizentrum Rucapillan im Villarrica Nationalpark. Von hier aus besteht die M\u00f6glichkeit direkt aufzusteigen, oder weitere 400 H\u00f6henmeter per Sessellift zu \u00fcberbr\u00fccken. Der Aufstieg zum Krater dauert mit Sessellift etwa 4-5 Stunden und ohne ca. 5-6 Stunden; unterwegs werden Sie mehrere kleine Ruhepausen einlegen. Die M\u00fchen des Aufstiegs werden oben mit einer spektakul\u00e4ren Sicht in den Krater hinein, sowie auf viele umliegende Vulkane belohnt. Mit etwas Gl\u00fcck k\u00f6nnen Sie sogar unten im Krater die brodelnde Lava und gl\u00fchende Font\u00e4nen beobachten &#8211; ein Schauspiel, das man nicht alle Tage zu sehen bekommt! Gegen 15 Uhr beginnen Sie mit dem Abstieg der ganz besonderen Art: Mit Spezialkleidung ausgestattet, rutschen Sie den Vulkan auf Eisbahnen wieder herunter!<\/p>\n<p><strong>7. Tag &#8211; Puc\u00f3n &#8211; Temuco<\/strong><br \/>\nTransfer zum Flughafen von Temuco und R\u00fcckflug.<br \/>\n\n\t\t<\/div>\n\t\n\n\t\t<div class=\"pane\">\n\t\t\nGute Wanderschuhe, Allwetterkleidung.<br \/>\n\n\t\t<\/div>\n\t\n\n\t\t<div class=\"pane\">\n\t\t\nDie Besteigung des Vulkan Villarrica ist vom Wetter und der vulkanischen Aktivit\u00e4t abh\u00e4ngig. Die Vulkanbesteigung erfordert eine gute k\u00f6rperliche Kondition. Die entsprechende Ausr\u00fcstung wie Steigeisen und Eispickel wird gestellt.<br \/>\n\n\t\t<\/div>\n\t\n\n\t\t<\/div>\n\t<\/p>","protected":false},"excerpt":{"rendered":"<p>Art der Reise: Aktiv Dauer: 7 Tage<\/p>\n","protected":false},"author":16,"featured_media":0,"parent":101,"menu_order":0,"comment_status":"open","ping_status":"open","template":"","meta":{"slim_seo":{"title":"Vulkan-Aktiv-Tour Volcano Hiking Tour - travelArt","description":"Vulkan-Aktiv-Tour Vulkan-Aktiv-Tour Vulkan-Aktiv-Tour Vulkan-Aktiv-Tour Vulkan-Aktiv-Tour Art der Reise: Aktiv Dauer: 7 Tage Tourverlauf Ausr\u00fcstung Anmerkungen"},"footnotes":""},"class_list":["post-185","page","type-page","status-publish","hentry"],"_links":{"self":[{"href":"https:\/\/www.chile-reise.com\/de\/wp-json\/wp\/v2\/pages\/185","targetHints":{"allow":["GET"]}}],"collection":[{"href":"https:\/\/www.chile-reise.com\/de\/wp-json\/wp\/v2\/pages"}],"about":[{"href":"https:\/\/www.chile-reise.com\/de\/wp-json\/wp\/v2\/types\/page"}],"author":[{"embeddable":true,"href":"https:\/\/www.chile-reise.com\/de\/wp-json\/wp\/v2\/users\/16"}],"replies":[{"embeddable":true,"href":"https:\/\/www.chile-reise.com\/de\/wp-json\/wp\/v2\/comments?post=185"}],"version-history":[{"count":0,"href":"https:\/\/www.chile-reise.com\/de\/wp-json\/wp\/v2\/pages\/185\/revisions"}],"up":[{"embeddable":true,"href":"https:\/\/www.chile-reise.com\/de\/wp-json\/wp\/v2\/pages\/101"}],"wp:attachment":[{"href":"https:\/\/www.chile-reise.com\/de\/wp-json\/wp\/v2\/media?parent=185"}],"curies":[{"name":"wp","href":"https:\/\/api.w.org\/{rel}","templated":true}]}}