{"id":179,"date":"2013-07-02T22:17:42","date_gmt":"2013-07-02T20:17:42","guid":{"rendered":"http:\/\/www.chile-reise.com\/wordpress\/?page_id=179"},"modified":"2013-10-02T20:32:27","modified_gmt":"2013-10-02T18:32:27","slug":"seenueberquerung","status":"publish","type":"page","link":"https:\/\/www.chile-reise.com\/de\/packages-daytrips\/seengebiet\/seenueberquerung\/","title":{"rendered":"Seen\u00fcberquerung"},"content":{"rendered":"<p>\r\n        <style type='text\/css'>\r\n            #gallery-1 {\r\n                margin: auto;\r\n            }\r\n            #gallery-1 .gallery-item {\r\n                float: left;\r\n                margin-top: 10px;\r\n                text-align: center;\r\n                width: 33%;           }\r\n            #gallery-1 img {\r\n                border: 2px solid #cfcfcf;\r\n            }\r\n            #gallery-1 .gallery-caption {\r\n                margin-left: 0;\r\n            }\r\n        <\/style>\r\n        <!-- see gallery_shortcode() in wp-includes\/media.php -->\r\n        <div id='gallery-1' class='gallery-images gallery galleryid-179'><dl class='gallery-item'>\r\n            <dt class='gallery-icon'>\r\n                <a href='https:\/\/www.chile-reise.com\/wp-content\/uploads\/PD_Seengebiet_2_1.jpg'><img loading=\"lazy\" decoding=\"async\" width=\"240\" height=\"140\" src=\"https:\/\/www.chile-reise.com\/wp-content\/uploads\/PD_Seengebiet_2_1-240x140.jpg\" class=\"attachment-thumbnail size-thumbnail\" alt=\"PD Seengebiet 2\" \/><\/a>\r\n            <\/dt>\r\n                <dd class='gallery-caption'>\r\n                Seen\u00fcberquerung\r\n                <\/dd><\/dl><dl class='gallery-item'>\r\n            <dt class='gallery-icon'>\r\n                <a href='https:\/\/www.chile-reise.com\/wp-content\/uploads\/PD_Seengebiet_2_2.jpg'><img loading=\"lazy\" decoding=\"async\" width=\"240\" height=\"140\" src=\"https:\/\/www.chile-reise.com\/wp-content\/uploads\/PD_Seengebiet_2_2-240x140.jpg\" class=\"attachment-thumbnail size-thumbnail\" alt=\"PD Seengebiet 2\" \/><\/a>\r\n            <\/dt>\r\n                <dd class='gallery-caption'>\r\n                Seen\u00fcberquerung\r\n                <\/dd><\/dl><dl class='gallery-item'>\r\n            <dt class='gallery-icon'>\r\n                <a href='https:\/\/www.chile-reise.com\/wp-content\/uploads\/PD_Seengebiet_2_3.jpg'><img loading=\"lazy\" decoding=\"async\" width=\"240\" height=\"140\" src=\"https:\/\/www.chile-reise.com\/wp-content\/uploads\/PD_Seengebiet_2_3-240x140.jpg\" class=\"attachment-thumbnail size-thumbnail\" alt=\"PD Seengebiet 2\" \/><\/a>\r\n            <\/dt>\r\n                <dd class='gallery-caption'>\r\n                Seen\u00fcberquerung\r\n                <\/dd><\/dl><br style=\"clear: both\" \/><dl class='gallery-item'>\r\n            <dt class='gallery-icon'>\r\n                <a href='https:\/\/www.chile-reise.com\/wp-content\/uploads\/PD_Seengebiet_2_4.jpg'><img loading=\"lazy\" decoding=\"async\" width=\"240\" height=\"140\" src=\"https:\/\/www.chile-reise.com\/wp-content\/uploads\/PD_Seengebiet_2_4-240x140.jpg\" class=\"attachment-thumbnail size-thumbnail\" alt=\"PD Seengebiet 2\" \/><\/a>\r\n            <\/dt>\r\n                <dd class='gallery-caption'>\r\n                Seen\u00fcberquerung\r\n                <\/dd><\/dl><dl class='gallery-item'>\r\n            <dt class='gallery-icon'>\r\n                <a href='https:\/\/www.chile-reise.com\/wp-content\/uploads\/PD_Seengebiet_2_5.jpg'><img loading=\"lazy\" decoding=\"async\" width=\"240\" height=\"140\" src=\"https:\/\/www.chile-reise.com\/wp-content\/uploads\/PD_Seengebiet_2_5-240x140.jpg\" class=\"attachment-thumbnail size-thumbnail\" alt=\"PD Seengebiet 2\" \/><\/a>\r\n            <\/dt>\r\n                <dd class='gallery-caption'>\r\n                Seen\u00fcberquerung\r\n                <\/dd><\/dl>\r\n            <br style='clear: both;' \/>\r\n        <\/div>\n\n<div class=\"clear\"><\/div><div class=\"divider\"><\/div>\n<p><strong>Art der Reise:<\/strong> Natur<br \/>\n<strong>Dauer:<\/strong> 3 Tage<\/p>\n\n\t<script type=\"text\/javascript\">\tjQuery(document).ready(function($){\tjQuery(\"ul.tabs-nav\").tabs(\"> .pane\"); }); <\/script>\n\n\t\t<div class=\"post-tabs\">\n\t\t\n<ul class=\"tabs-nav\">\n<li>Tourverlauf<\/li>\n<li>Anmerkungen<\/li>\n<\/ul>\n\n\t\t<div class=\"pane\">\n\t\t\n<strong>1. Tag &#8211; Puerto Varas &#8211; Bariloche per Boot<\/strong><br \/>\nMorgens fahren Sie entlang der Uferstra\u00dfe des Llanquihue Sees mit atemberaubenden Ausblicken auf die Vulkane Osorno und Calbuco. Die erste Station des Tages sind die Saltos de Petrohue; eine Ansammlung von Stromschnellen und Wasserf\u00e4llen, die \u00fcber beeindruckende Formationen aus dem Lavagestein der umliegenden Vulkane tanzen. Das Wasser des Flusses Petrohue selbst hat diese Felsen im Laufe von Jahrtausenden ausgewaschen und geformt. Am Bootsanleger von Petrohue startet der Katamaran, der Sie \u00fcber den Todos los Santos See bringt. Der \u00abAllerheiligensee\u00bb ist von hohen, dicht bewaldeten Bergen umgeben und der perfekt kegelf\u00f6rmige Vulkan Osorno bestimmt das Bild. Auf der Fahrt passieren Sie kleine Inseln, Wasserf\u00e4lle und den steil aufragenden Gipfel des Vulkans Puntiagudo. Ziel der Fahrt ist Peulla, im Herzen des Vicente P\u00e9rez Rosales Nationalparks. Hier k\u00f6nnen Sie eine Wanderung durch dichten Valdivianischen Regenwald zum Wasserfall \u00abCascada de la Novia\u00bb unternehmen und bekommen viele der einheimischen B\u00e4ume und Pflanzen auf einem interessanten Naturlehrpfad erkl\u00e4rt. Am Nachmittag setzen Sie die Tour \u00fcber den P\u00e9rez Rosales Pass nach Argentinien fort. K\u00fcrzere Strecken werden mit dem Bus zur\u00fcckgelegt, um zu den Seen zu gelangen, die per Boot oder Katamaran \u00fcberquert werden. \u00dcberall haben Sie herrliche Blicke auf die unber\u00fchrte Andenlandschaft &#8211; es ist schon ein besonderes Geschenk, dass auf dieser einsamen Strecke niemals eine \u00f6ffentliche Stra\u00dfe gebaut wurde, sondern noch heute gereist wird, wie die ersten Siedler vor \u00fcber 100 Jahren es erlebt haben. Ankunft in Puerto Pa\u00f1uelo am Nahuel Huapi See und \u00dcbernachtung in Bariloche.<\/p>\n<p><strong>2. Tag &#8211; Bariloche<\/strong><br \/>\nTag zur freien Verf\u00fcgung, um die Stadt und Umgebung kennen zu lernen. <\/p>\n<p><strong>3. Tag &#8211; Bariloche &#8211; Puerto Varas<\/strong><br \/>\n\u00dcber das sch\u00f6ne \u00d6rtchen Villa La Angostura und den Puyehue-Pass fahren Sie zur\u00fcck nach Chile und Puerto Varas. Der erste Teil der Strecke f\u00fchrt an der K\u00fcste des langgestreckten Nahuel  Huapi-Sees entlang. Danach geht es auf einer kleinen Passstra\u00dfe \u00fcber die Anden, am Puyehue-See  entlang mit herrlichen  Ausblicken auf die Vulkane Antillanca, Puyehue und Calbuco. Am sp\u00e4ten Nachmittag erreichen Sie Puerto Varas.<br \/>\n\n\t\t<\/div>\n\t\n\n\t\t<div class=\"pane\">\n\t\t\nIm Winter (April bis Oktober) ist die Seen\u00fcberquerung nur mit \u00dcbernachtung in Peulla m\u00f6glich.<br \/>\nIm Sommer (November bis M\u00e4rz) kann diese Tour auch als Tagesexkursion durchgef\u00fchrt werden.<br \/>\nRechnen Sie vor Beginn des Programms mit einem Transfer vom Flughafen Puerto Montt nach Puerto Varas und einer Nacht in Puerto Varas. Am Ende ben\u00f6tigen Sie eine weitere Nacht in Puerto Varas und einen Transfer zum Flughafen Puerto Montt. Sie k\u00f6nnen von Bariloche nach Puerto Varas mit einem \u00f6ffentlichen Bus fahren oder per Flugzeug zur\u00fcckkehren.<br \/>\n\n\t\t<\/div>\n\t\n\n\t\t<\/div>\n\t<\/p>","protected":false},"excerpt":{"rendered":"<p>Art der Reise: Natur Dauer: 3 Tage<\/p>\n","protected":false},"author":16,"featured_media":0,"parent":101,"menu_order":0,"comment_status":"open","ping_status":"open","template":"","meta":{"slim_seo":{"title":"Seen\u00fcberquerung Lake Crossing - travelArt","description":"Seen\u00fcberquerung Seen\u00fcberquerung Seen\u00fcberquerung Seen\u00fcberquerung Seen\u00fcberquerung Art der Reise: Natur Dauer: 3 Tage Tourverlauf Anmerkungen 1. Tag - Puerto Varas"},"footnotes":""},"class_list":["post-179","page","type-page","status-publish","hentry"],"_links":{"self":[{"href":"https:\/\/www.chile-reise.com\/de\/wp-json\/wp\/v2\/pages\/179","targetHints":{"allow":["GET"]}}],"collection":[{"href":"https:\/\/www.chile-reise.com\/de\/wp-json\/wp\/v2\/pages"}],"about":[{"href":"https:\/\/www.chile-reise.com\/de\/wp-json\/wp\/v2\/types\/page"}],"author":[{"embeddable":true,"href":"https:\/\/www.chile-reise.com\/de\/wp-json\/wp\/v2\/users\/16"}],"replies":[{"embeddable":true,"href":"https:\/\/www.chile-reise.com\/de\/wp-json\/wp\/v2\/comments?post=179"}],"version-history":[{"count":0,"href":"https:\/\/www.chile-reise.com\/de\/wp-json\/wp\/v2\/pages\/179\/revisions"}],"up":[{"embeddable":true,"href":"https:\/\/www.chile-reise.com\/de\/wp-json\/wp\/v2\/pages\/101"}],"wp:attachment":[{"href":"https:\/\/www.chile-reise.com\/de\/wp-json\/wp\/v2\/media?parent=179"}],"curies":[{"name":"wp","href":"https:\/\/api.w.org\/{rel}","templated":true}]}}