{"id":177,"date":"2013-07-02T22:15:19","date_gmt":"2013-07-02T20:15:19","guid":{"rendered":"http:\/\/www.chile-reise.com\/wordpress\/?page_id=177"},"modified":"2013-10-02T20:30:25","modified_gmt":"2013-10-02T18:30:25","slug":"mapuche-kultur-am-budi-see","status":"publish","type":"page","link":"https:\/\/www.chile-reise.com\/de\/packages-daytrips\/seengebiet\/mapuche-kultur-am-budi-see\/","title":{"rendered":"Mapuche-Kultur am Budi-See"},"content":{"rendered":"<p>\r\n        <style type='text\/css'>\r\n            #gallery-1 {\r\n                margin: auto;\r\n            }\r\n            #gallery-1 .gallery-item {\r\n                float: left;\r\n                margin-top: 10px;\r\n                text-align: center;\r\n                width: 33%;           }\r\n            #gallery-1 img {\r\n                border: 2px solid #cfcfcf;\r\n            }\r\n            #gallery-1 .gallery-caption {\r\n                margin-left: 0;\r\n            }\r\n        <\/style>\r\n        <!-- see gallery_shortcode() in wp-includes\/media.php -->\r\n        <div id='gallery-1' class='gallery-images gallery galleryid-177'><dl class='gallery-item'>\r\n            <dt class='gallery-icon'>\r\n                <a href='https:\/\/www.chile-reise.com\/wp-content\/uploads\/PD_Seengebiet_1_1.jpg'><img loading=\"lazy\" decoding=\"async\" width=\"240\" height=\"140\" src=\"https:\/\/www.chile-reise.com\/wp-content\/uploads\/PD_Seengebiet_1_1-240x140.jpg\" class=\"attachment-thumbnail size-thumbnail\" alt=\"PD Seengebiet 1\" \/><\/a>\r\n            <\/dt>\r\n                <dd class='gallery-caption'>\r\n                Mapuche-Kultur am Budi-See\r\n                <\/dd><\/dl><dl class='gallery-item'>\r\n            <dt class='gallery-icon'>\r\n                <a href='https:\/\/www.chile-reise.com\/wp-content\/uploads\/PD_Seengebiet_1_2.jpg'><img loading=\"lazy\" decoding=\"async\" width=\"240\" height=\"140\" src=\"https:\/\/www.chile-reise.com\/wp-content\/uploads\/PD_Seengebiet_1_2-240x140.jpg\" class=\"attachment-thumbnail size-thumbnail\" alt=\"PD Seengebiet 1\" \/><\/a>\r\n            <\/dt>\r\n                <dd class='gallery-caption'>\r\n                Mapuche-Kultur am Budi-See\r\n                <\/dd><\/dl><dl class='gallery-item'>\r\n            <dt class='gallery-icon'>\r\n                <a href='https:\/\/www.chile-reise.com\/wp-content\/uploads\/PD_Seengebiet_1_3.jpg'><img loading=\"lazy\" decoding=\"async\" width=\"240\" height=\"140\" src=\"https:\/\/www.chile-reise.com\/wp-content\/uploads\/PD_Seengebiet_1_3-240x140.jpg\" class=\"attachment-thumbnail size-thumbnail\" alt=\"PD Seengebiet 1\" \/><\/a>\r\n            <\/dt>\r\n                <dd class='gallery-caption'>\r\n                Mapuche-Kultur am Budi-See\r\n                <\/dd><\/dl><br style=\"clear: both\" \/><dl class='gallery-item'>\r\n            <dt class='gallery-icon'>\r\n                <a href='https:\/\/www.chile-reise.com\/wp-content\/uploads\/PD_Seengebiet_1_4.jpg'><img loading=\"lazy\" decoding=\"async\" width=\"240\" height=\"140\" src=\"https:\/\/www.chile-reise.com\/wp-content\/uploads\/PD_Seengebiet_1_4-240x140.jpg\" class=\"attachment-thumbnail size-thumbnail\" alt=\"PD Seengebiet 1\" \/><\/a>\r\n            <\/dt>\r\n                <dd class='gallery-caption'>\r\n                Mapuche-Kultur am Budi-See\r\n                <\/dd><\/dl><dl class='gallery-item'>\r\n            <dt class='gallery-icon'>\r\n                <a href='https:\/\/www.chile-reise.com\/wp-content\/uploads\/PD_Seengebiet_1_5.jpg'><img loading=\"lazy\" decoding=\"async\" width=\"240\" height=\"140\" src=\"https:\/\/www.chile-reise.com\/wp-content\/uploads\/PD_Seengebiet_1_5-240x140.jpg\" class=\"attachment-thumbnail size-thumbnail\" alt=\"PD Seengebiet 1\" \/><\/a>\r\n            <\/dt>\r\n                <dd class='gallery-caption'>\r\n                Mapuche-Kultur am Budi-See\r\n                <\/dd><\/dl>\r\n            <br style='clear: both;' \/>\r\n        <\/div>\n\n<div class=\"clear\"><\/div><div class=\"divider\"><\/div>\n<p><strong>Art der Reise:<\/strong> Kultur<br \/>\n<strong>Dauer:<\/strong> 2 Tage<\/p>\n<p>Der Budi-See liegt 80 km westlich von Temuco direkt am Meer und ist der einzige Salzwassersee Chiles. Man vermutet, dass Salzwasser \u00fcber einen unterirdischen Zugang aus dem Meer dorthin gelangt. Um den Lago Budi herum leben Mapuche vom Stamm der Lafkenche &#8211; ihr Anteil an der Bev\u00f6lkerung betr\u00e4gt hier \u00fcber 80% und die Mapuche-Kultur ist \u00fcberall sichtbar und lebendig.  Kleine Tourismusprojekte richten sich an Reisende mit echtem Interesse.<\/p>\n\n\t<script type=\"text\/javascript\">\tjQuery(document).ready(function($){\tjQuery(\"ul.tabs-nav\").tabs(\"> .pane\"); }); <\/script>\n\n\t\t<div class=\"post-tabs\">\n\t\t\n<ul class=\"tabs-nav\">\n<li>Tourverlauf<\/li>\n<li>Anmerkungen<\/li>\n<\/ul>\n\n\t\t<div class=\"pane\">\n\t\t\n<strong>1. Tag &#8211; Weltanschauung, Musik, Medizin und traditionelle Spiele<\/strong><br \/>\nSie fahren von Temuco aus nach Puerto Dominguez, wo \u00fcber 4 m hohe Holzskulpturen eines Mapuche-Bildhauers stehen. Im Dorf  Llaguepulli am s\u00fcdlichen Ufer des Budi-Sees essen Sie in einem kleinen Restaurant traditionelle Gerichte mit Zutaten aus dorfeigenem Anbau. Nach dem Essen werden Sie in der Dorf-Ruca empfangen, wo Sie in Kultur und Weltanschauung der Mapuche eingef\u00fchrt werden. Auch Musikinstrumente, und Gebrauchs-gegenst\u00e4nde werden vorgestellt. Danach geht es entweder im Pferdewagen oder zu Fu\u00df zum medizinischen Kr\u00e4utergarten des Dorfes, wo ein weiterer interessanter Vortrag \u00fcber Heilkr\u00e4uter und Medizin der Mapuche gehalten wird.<\/p>\n<p>Sp\u00e4ter sind Sie eingeladen, an einem der traditionellen Spieleteilzunehmen: Palin, F\u00fcw, Aukantun oder Aguar K\u00fczen \u2013 vermutlich werden die Mapuche um einiges geschickter sein,  aber Spa\u00df macht es bestimmt allen!<\/p>\n<p>Nach dem Abendessen werden Sie bei \u00abIhrer\u00bb Mapuchefamilie in einem komfortablen Ferienhaus \u00fcbernachten. Wenn Sie m\u00f6chten, k\u00f6nnen Sie auch in einer traditionellen Ruca \u00fcbernachten &#8211; allerdings in einem bequemen Bett und mit einem Badezimmer direkt nebenan. Sicherlich werden Sie diese besondere Erfahrung lange in Erinnerung behalten.<\/p>\n<p><strong>2. Tag &#8211; Kunsthandwerk und Inselleben<\/strong><br \/>\nNach dem Fr\u00fchst\u00fcck d\u00fcrfen Sie den K\u00fcnstlern von  Llaguepulli \u00fcber die Schulter schauen. Die besondere k\u00fcnstlerische \u00abSpezialit\u00e4t\u00bb des Dorfes sind Webarbeiten. In einigen Projekten werden die Frauen darin unter-st\u00fctzt, die althergebrachten Arbeitsweisen fortzuf\u00fchren und an die n\u00e4chste Generation weiterzugeben, damit diese wertvollen Kulturtechniken nicht verloren gehen. Danach verabschieden Sie sich von den Dorfbewohnern und setzen die Reise am westlichen Ufer des Sees fort. Sie werden bei der wohl besten K\u00f6chin der Region zu Mittag essen: Sra. Huenten wird regelm\u00e4\u00dfig nach Temuco und Santiago eingeladen, um ihre traditionellen Speisen vorzustellen.<br \/>\nIm Budi-See gibt es mehrere  Inseln. Sie werden in einem kleinen Holzboot zu einer dieser Inseln fahren und dort eine Mapuche Familie kennen lernen, die Ihnen viel \u00fcber das Leben auf der Insel erz\u00e4hlen kann. Gegen Abend R\u00fcckfahrt nach Temuco.<br \/>\n\n\t\t<\/div>\n\t\n\n\t\t<div class=\"pane\">\n\t\t\nDer erste Tag dieses Programms kann etwas gek\u00fcrzt auch als Tagesausflug ab Temuco durchgef\u00fchrt werden.<br \/>\n\n\t\t<\/div>\n\t\n\n\t\t<\/div>\n\t<\/p>","protected":false},"excerpt":{"rendered":"<p>Art der Reise: Kultur Dauer: 2 Tage Der Budi-See liegt 80 km westlich von Temuco direkt am Meer und ist der einzige Salzwassersee Chiles. Man vermutet, dass Salzwasser \u00fcber einen unterirdischen Zugang aus dem Meer dorthin gelangt. Um den Lago &#8230;<\/p>\n","protected":false},"author":16,"featured_media":0,"parent":101,"menu_order":0,"comment_status":"open","ping_status":"open","template":"","meta":{"slim_seo":{"title":"Mapuche-Kultur am Budi-See Mapuche Culture at Budi Lake - travelArt","description":"Mapuche-Kultur am Budi-See Mapuche-Kultur am Budi-See Mapuche-Kultur am Budi-See Mapuche-Kultur am Budi-See Mapuche-Kultur am Budi-See Art der Reise: Kultur Dau"},"footnotes":""},"class_list":["post-177","page","type-page","status-publish","hentry"],"_links":{"self":[{"href":"https:\/\/www.chile-reise.com\/de\/wp-json\/wp\/v2\/pages\/177","targetHints":{"allow":["GET"]}}],"collection":[{"href":"https:\/\/www.chile-reise.com\/de\/wp-json\/wp\/v2\/pages"}],"about":[{"href":"https:\/\/www.chile-reise.com\/de\/wp-json\/wp\/v2\/types\/page"}],"author":[{"embeddable":true,"href":"https:\/\/www.chile-reise.com\/de\/wp-json\/wp\/v2\/users\/16"}],"replies":[{"embeddable":true,"href":"https:\/\/www.chile-reise.com\/de\/wp-json\/wp\/v2\/comments?post=177"}],"version-history":[{"count":0,"href":"https:\/\/www.chile-reise.com\/de\/wp-json\/wp\/v2\/pages\/177\/revisions"}],"up":[{"embeddable":true,"href":"https:\/\/www.chile-reise.com\/de\/wp-json\/wp\/v2\/pages\/101"}],"wp:attachment":[{"href":"https:\/\/www.chile-reise.com\/de\/wp-json\/wp\/v2\/media?parent=177"}],"curies":[{"name":"wp","href":"https:\/\/api.w.org\/{rel}","templated":true}]}}