{"id":170,"date":"2013-07-02T22:05:18","date_gmt":"2013-07-02T20:05:18","guid":{"rendered":"http:\/\/www.chile-reise.com\/wordpress\/?page_id=170"},"modified":"2013-10-02T20:27:08","modified_gmt":"2013-10-02T18:27:08","slug":"wandern-im-nationalpark-cerro-morado","status":"publish","type":"page","link":"https:\/\/www.chile-reise.com\/de\/packages-daytrips\/santiago-zentralchile-und-pazifikkueste\/wandern-im-nationalpark-cerro-morado\/","title":{"rendered":"Wandern im Nationalpark Cerro Morado"},"content":{"rendered":"<p>\r\n        <style type='text\/css'>\r\n            #gallery-1 {\r\n                margin: auto;\r\n            }\r\n            #gallery-1 .gallery-item {\r\n                float: left;\r\n                margin-top: 10px;\r\n                text-align: center;\r\n                width: 33%;           }\r\n            #gallery-1 img {\r\n                border: 2px solid #cfcfcf;\r\n            }\r\n            #gallery-1 .gallery-caption {\r\n                margin-left: 0;\r\n            }\r\n        <\/style>\r\n        <!-- see gallery_shortcode() in wp-includes\/media.php -->\r\n        <div id='gallery-1' class='gallery-images gallery galleryid-170'><dl class='gallery-item'>\r\n            <dt class='gallery-icon'>\r\n                <a href='https:\/\/www.chile-reise.com\/wp-content\/uploads\/PD_Santiago_4_1.jpg'><img loading=\"lazy\" decoding=\"async\" width=\"240\" height=\"140\" src=\"https:\/\/www.chile-reise.com\/wp-content\/uploads\/PD_Santiago_4_1-240x140.jpg\" class=\"attachment-thumbnail size-thumbnail\" alt=\"PD Santiago 4\" \/><\/a>\r\n            <\/dt>\r\n                <dd class='gallery-caption'>\r\n                Wandern im Nationalpark Cerro Morado\r\n                <\/dd><\/dl><dl class='gallery-item'>\r\n            <dt class='gallery-icon'>\r\n                <a href='https:\/\/www.chile-reise.com\/wp-content\/uploads\/PD_Santiago_4_2.jpg'><img loading=\"lazy\" decoding=\"async\" width=\"240\" height=\"140\" src=\"https:\/\/www.chile-reise.com\/wp-content\/uploads\/PD_Santiago_4_2-240x140.jpg\" class=\"attachment-thumbnail size-thumbnail\" alt=\"PD Santiago 4\" \/><\/a>\r\n            <\/dt>\r\n                <dd class='gallery-caption'>\r\n                Wandern im Nationalpark Cerro Morado\r\n                <\/dd><\/dl>\r\n            <br style='clear: both;' \/>\r\n        <\/div>\n\n<div class=\"clear\"><\/div><div class=\"divider\"><\/div>\n<p><strong>Art der Reise:<\/strong> Aktiv<br \/>\n<strong>Dauer:<\/strong> 1 Tag<\/p>\n\n\t<script type=\"text\/javascript\">\tjQuery(document).ready(function($){\tjQuery(\"ul.tabs-nav\").tabs(\"> .pane\"); }); <\/script>\n\n\t\t<div class=\"post-tabs\">\n\t\t\n<ul class=\"tabs-nav\">\n<li>Tourverlauf<\/li>\n<li>Ausr\u00fcstung<\/li>\n<li>Anmerkungen<\/li>\n<\/ul>\n\n\t\t<div class=\"pane\">\n\t\t\nFr\u00fch am Morgen werden Sie von Ihrem deutschsprachigen Reiseleiter am Hotel abgeholt und fahren an den H\u00e4ngen des Caj\u00f3n del  Maipo, einem vom Maipofluss tief eingeschnittenen Tal, entlang bis zu dem winzigen  Ort Ba\u00f1os Morales, wo die Wanderung durch den Nationalpark Cerro Morado (\u00abvioletter Berg\u00bb) beginnt. Sie wandern durch ein hochgelegenes Tal, den majest\u00e4tischen Cerro Morado immer vor Augen. Unterwegs bieten sich beeindruckende Ausblicke auf weitere, \u00fcber  5000 m hohe Gipfel. Mit etwas Gl\u00fcck kann man hier beobachten, wie ein Kondor in seiner nat\u00fcrlichen Umgebung seine Kreise zieht. Am Ende des Tals liegt unter einer Mor\u00e4nenschicht der kleine San Francisco Gletscher, aus dessen Gletschertor sich der Fluss speist, der das Tal hinabflie\u00dft.<br \/>\n\n\t\t<\/div>\n\t\n\n\t\t<div class=\"pane\">\n\t\t\nWir empfehlen feste Wanderschuhe und Sonnenschutz.<br \/>\n\n\t\t<\/div>\n\t\n\n\t\t<div class=\"pane\">\n\t\t\nZeitraum Oktober bis Mai.<br \/>\nWanderung mittleren Schwierigkeitsgrades, 5-6 Stunden, Hin- und R\u00fcckweg ca. 14 km, Boxlunch inklusive. R\u00fcckkehr nach Santiago gegen Abend.<br \/>\n\n\t\t<\/div>\n\t\n\n\t\t<\/div>\n\t<\/p>","protected":false},"excerpt":{"rendered":"<p>Art der Reise: Aktiv Dauer: 1 Tag<\/p>\n","protected":false},"author":16,"featured_media":0,"parent":99,"menu_order":0,"comment_status":"open","ping_status":"open","template":"","meta":{"slim_seo":{"title":"Wandern im Nationalpark Cerro Morado Cerro Morado National Park - travelArt","description":"Wandern im Nationalpark Cerro Morado Wandern im Nationalpark Cerro Morado Art der Reise: Aktiv Dauer: 1 Tag Tourverlauf Ausr\u00fcstung Anmerkungen Fr\u00fch am Morgen we"},"footnotes":""},"class_list":["post-170","page","type-page","status-publish","hentry"],"_links":{"self":[{"href":"https:\/\/www.chile-reise.com\/de\/wp-json\/wp\/v2\/pages\/170","targetHints":{"allow":["GET"]}}],"collection":[{"href":"https:\/\/www.chile-reise.com\/de\/wp-json\/wp\/v2\/pages"}],"about":[{"href":"https:\/\/www.chile-reise.com\/de\/wp-json\/wp\/v2\/types\/page"}],"author":[{"embeddable":true,"href":"https:\/\/www.chile-reise.com\/de\/wp-json\/wp\/v2\/users\/16"}],"replies":[{"embeddable":true,"href":"https:\/\/www.chile-reise.com\/de\/wp-json\/wp\/v2\/comments?post=170"}],"version-history":[{"count":0,"href":"https:\/\/www.chile-reise.com\/de\/wp-json\/wp\/v2\/pages\/170\/revisions"}],"up":[{"embeddable":true,"href":"https:\/\/www.chile-reise.com\/de\/wp-json\/wp\/v2\/pages\/99"}],"wp:attachment":[{"href":"https:\/\/www.chile-reise.com\/de\/wp-json\/wp\/v2\/media?parent=170"}],"curies":[{"name":"wp","href":"https:\/\/api.w.org\/{rel}","templated":true}]}}