{"id":17,"date":"2013-07-01T23:42:19","date_gmt":"2013-07-01T21:42:19","guid":{"rendered":"http:\/\/www.chile-reise.com\/wordpress\/?page_id=17"},"modified":"2020-07-10T23:34:28","modified_gmt":"2020-07-10T21:34:28","slug":"altiplano","status":"publish","type":"page","link":"https:\/\/www.chile-reise.com\/de\/kleiner-reisefuehrer\/altiplano\/","title":{"rendered":"Altiplano"},"content":{"rendered":"<img loading=\"lazy\" decoding=\"async\" src=\"https:\/\/www.chile-reise.com\/wp-content\/uploads\/slider_altiplano-240x140.jpg\" alt=\"slider_altiplano\" width=\"240\" height=\"140\" class=\"alignleft size-thumbnail wp-image-697\" \/>Der abgeschiedene Altiplano (\u201eHochplateau\u201c) liegt an den Grenzen zu Peru und Bolivien. Die Plateaufl\u00e4che wurde in Millionen von Jahren durch die Abtragung der dort bis zu 6000m hohen Anden aufgef\u00fcllt.<br \/>\nDas Klima des Altiplano ist <strong>sehr trocken<\/strong>. Dies kommt dadurch zustande, dass der im Pazifik flie\u00dfende Humboldt-Strom sehr kalt ist, so dass sich \u00fcber ihm keine Regenwolken bilden k\u00f6nnen. Die feuchte, k\u00fchle Luft \u00fcber dem Meer sorgt lediglich f\u00fcr Morgennebel, der in k\u00fcstenn\u00e4heren Gebieten das \u00dcberleben einiger Pflanzenarten sichert, jedoch im Altiplano nicht ankommt. Der Altiplano ist eine Steinw\u00fcste. Alpacas, Lamas, Guanacos, Viscachas (Nagetiere), Armadillos (G\u00fcrteltiere), <strong>Flamingos<\/strong>, Wildenten und andere Vogelarten bewohnen diese unwirtliche Gegend.<\/p>\n<p>Der Altiplano wird seit ca. 13.000 v.Chr. von den <strong>Aymara-Indianern<\/strong> und ihren Vorfahren bewohnt und wurde noch vor der Entdeckung durch die Europ\u00e4er von den Inkas erobert. Sp\u00e4ter begann der Kupferabbau und w\u00e4hrend des Salpeterbooms wurden die Felder der Welt von hier aus mit dem begehrten D\u00fcnger versorgt, was Chile einen Wirtschaftsaufschwung bescherte und einigen wenigen Gl\u00fccklichen zu enormem Reichtum verhalf, dessen steinerne Zeugen noch heute bewundert werden k\u00f6nnen.<\/p>\n<p>Pr\u00e4historische Felszeichnungen, uralte Wegweiser, die \u00fcber Tausende von Jahren Menschen von den Anden zum Pazifischen Ozean leiteten, Ruinen aus der <strong>Inkazeit<\/strong>, Dorfkirchen aus der Zeit der spanischen Eroberung und verlassene Stollen sind Spuren der langen und bewegten Geschichte Nordchiles.<br \/>\nZwischen ca. 7.000 und 1.500 v.Chr. lebten an der K\u00fcste Nordchiles die <strong>Chinchorro<\/strong>, ein Fischer- J\u00e4ger- und Sammlervolk. \u00dcber ihre Lebensweise ist wenig bekannt, ihre Mumien jedoch sind die <strong>\u00e4ltesten von Menschen angefertigten Mumien der Welt<\/strong>. Ab ca. 5.000 v.Chr. und damit lange vor den \u00c4gyptern, konservierten die Menschen der Chinchorro-Kultur ihre Toten. Einige gut erhaltene Mumien k\u00f6nnen im Azapatal bei Arica besichtigt werden \u2013 zusammen mit vielen Artefakten dieser interessanten, versunkenen Kultur. <\/p>\n<p>W\u00e4hrend der Jahre des &#8222;<strong>Salpeterbooms<\/strong>&#8222;, zwischen den 70er Jahren des 19. Jahrhunderts und den fr\u00fchen 30er Jahren des 20. Jahrhunderts, wurden die Felder der Welt von Nordchile aus mit D\u00fcnger versorgt. Dies bescherte der Region, die damals noch zu Peru geh\u00f6rte, einen starken Wirtschaftsaufschwung und einigen wenigen Gl\u00fccklichen enormen Reichtum. Dessen steinerne Zeugen sind noch heute zu sehen, so zum Beispiel die pr\u00e4chtigen Geb\u00e4ude in der Innenstadt von Iquique. Ein besonderer Besuchermagnet und seit 2005 UNESCO-Weltkulturerbe sind die so genannten \u201eGeisterst\u00e4dte\u201d des Salpeterbooms. Mit der Entwicklung des Haber-Bosch-Verfahrens zur Ammoniak-Synthese war es nicht mehr rentabel, D\u00fcnger vom \u201eEnde der Welt\u201d herbeizuschaffen. Die Abbaust\u00e4tten wurden verlassen und erinnern heute mitten in der W\u00fcste an vergangene Glanzzeiten.<br \/>","protected":false},"excerpt":{"rendered":"<p>Der abgeschiedene Altiplano (\u201eHochplateau\u201c) liegt an den Grenzen zu Peru und Bolivien. Die Plateaufl\u00e4che wurde in Millionen von Jahren durch die Abtragung der dort bis zu 6000m hohen Anden aufgef\u00fcllt. Das Klima des Altiplano ist sehr trocken. Dies kommt dadurch &#8230;<\/p>\n","protected":false},"author":16,"featured_media":0,"parent":13,"menu_order":0,"comment_status":"open","ping_status":"open","template":"","meta":{"slim_seo":{"title":"Altiplano - travelArt","description":"[:de] Der abgeschiedene Altiplano (\u201eHochplateau\u201c) liegt an den Grenzen zu Peru und Bolivien. Die Plateaufl\u00e4che wurde in Millionen von Jahren durch die Abtragung"},"footnotes":""},"class_list":["post-17","page","type-page","status-publish","hentry"],"_links":{"self":[{"href":"https:\/\/www.chile-reise.com\/de\/wp-json\/wp\/v2\/pages\/17","targetHints":{"allow":["GET"]}}],"collection":[{"href":"https:\/\/www.chile-reise.com\/de\/wp-json\/wp\/v2\/pages"}],"about":[{"href":"https:\/\/www.chile-reise.com\/de\/wp-json\/wp\/v2\/types\/page"}],"author":[{"embeddable":true,"href":"https:\/\/www.chile-reise.com\/de\/wp-json\/wp\/v2\/users\/16"}],"replies":[{"embeddable":true,"href":"https:\/\/www.chile-reise.com\/de\/wp-json\/wp\/v2\/comments?post=17"}],"version-history":[{"count":0,"href":"https:\/\/www.chile-reise.com\/de\/wp-json\/wp\/v2\/pages\/17\/revisions"}],"up":[{"embeddable":true,"href":"https:\/\/www.chile-reise.com\/de\/wp-json\/wp\/v2\/pages\/13"}],"wp:attachment":[{"href":"https:\/\/www.chile-reise.com\/de\/wp-json\/wp\/v2\/media?parent=17"}],"curies":[{"name":"wp","href":"https:\/\/api.w.org\/{rel}","templated":true}]}}