{"id":168,"date":"2013-07-02T22:03:13","date_gmt":"2013-07-02T20:03:13","guid":{"rendered":"http:\/\/www.chile-reise.com\/wordpress\/?page_id=168"},"modified":"2013-10-02T20:27:14","modified_gmt":"2013-10-02T18:27:14","slug":"wein-poesie","status":"publish","type":"page","link":"https:\/\/www.chile-reise.com\/de\/packages-daytrips\/santiago-zentralchile-und-pazifikkueste\/wein-poesie\/","title":{"rendered":"Wein &#038; Poesie"},"content":{"rendered":"<p>\r\n        <style type='text\/css'>\r\n            #gallery-1 {\r\n                margin: auto;\r\n            }\r\n            #gallery-1 .gallery-item {\r\n                float: left;\r\n                margin-top: 10px;\r\n                text-align: center;\r\n                width: 33%;           }\r\n            #gallery-1 img {\r\n                border: 2px solid #cfcfcf;\r\n            }\r\n            #gallery-1 .gallery-caption {\r\n                margin-left: 0;\r\n            }\r\n        <\/style>\r\n        <!-- see gallery_shortcode() in wp-includes\/media.php -->\r\n        <div id='gallery-1' class='gallery-images gallery galleryid-168'><dl class='gallery-item'>\r\n            <dt class='gallery-icon'>\r\n                <a href='https:\/\/www.chile-reise.com\/wp-content\/uploads\/PD_Santiago_3_1.jpg'><img loading=\"lazy\" decoding=\"async\" width=\"240\" height=\"140\" src=\"https:\/\/www.chile-reise.com\/wp-content\/uploads\/PD_Santiago_3_1-240x140.jpg\" class=\"attachment-thumbnail size-thumbnail\" alt=\"PD Santiago 3\" \/><\/a>\r\n            <\/dt>\r\n                <dd class='gallery-caption'>\r\n                Wein &#038; Poesie\r\n                <\/dd><\/dl><dl class='gallery-item'>\r\n            <dt class='gallery-icon'>\r\n                <a href='https:\/\/www.chile-reise.com\/wp-content\/uploads\/PD_Santiago_3_2.jpg'><img loading=\"lazy\" decoding=\"async\" width=\"240\" height=\"140\" src=\"https:\/\/www.chile-reise.com\/wp-content\/uploads\/PD_Santiago_3_2-240x140.jpg\" class=\"attachment-thumbnail size-thumbnail\" alt=\"PD Santiago 3\" \/><\/a>\r\n            <\/dt>\r\n                <dd class='gallery-caption'>\r\n                Wein &#038; Poesie\r\n                <\/dd><\/dl><dl class='gallery-item'>\r\n            <dt class='gallery-icon'>\r\n                <a href='https:\/\/www.chile-reise.com\/wp-content\/uploads\/PD_Santiago_3_3.jpg'><img loading=\"lazy\" decoding=\"async\" width=\"240\" height=\"140\" src=\"https:\/\/www.chile-reise.com\/wp-content\/uploads\/PD_Santiago_3_3-240x140.jpg\" class=\"attachment-thumbnail size-thumbnail\" alt=\"PD Santiago 3\" \/><\/a>\r\n            <\/dt>\r\n                <dd class='gallery-caption'>\r\n                Wein &#038; Poesie\r\n                <\/dd><\/dl><br style=\"clear: both\" \/><dl class='gallery-item'>\r\n            <dt class='gallery-icon'>\r\n                <a href='https:\/\/www.chile-reise.com\/wp-content\/uploads\/PD_Santiago_3_4.jpg'><img loading=\"lazy\" decoding=\"async\" width=\"240\" height=\"140\" src=\"https:\/\/www.chile-reise.com\/wp-content\/uploads\/PD_Santiago_3_4-240x140.jpg\" class=\"attachment-thumbnail size-thumbnail\" alt=\"PD Santiago 3\" \/><\/a>\r\n            <\/dt>\r\n                <dd class='gallery-caption'>\r\n                Wein &#038; Poesie\r\n                <\/dd><\/dl><dl class='gallery-item'>\r\n            <dt class='gallery-icon'>\r\n                <a href='https:\/\/www.chile-reise.com\/wp-content\/uploads\/PD_Santiago_3_5.jpg'><img loading=\"lazy\" decoding=\"async\" width=\"240\" height=\"140\" src=\"https:\/\/www.chile-reise.com\/wp-content\/uploads\/PD_Santiago_3_5-240x140.jpg\" class=\"attachment-thumbnail size-thumbnail\" alt=\"PD Santiago 3\" \/><\/a>\r\n            <\/dt>\r\n                <dd class='gallery-caption'>\r\n                Wein &#038; Poesie\r\n                <\/dd><\/dl>\r\n            <br style='clear: both;' \/>\r\n        <\/div>\n\n<div class=\"clear\"><\/div><div class=\"divider\"><\/div>\n<p><strong>Art der Reise:<\/strong>Wein &#038; Gourmet \/ Kultur<br \/>\n<strong>Dauer:<\/strong> 2 Tage<\/p>\n\n\t<script type=\"text\/javascript\">\tjQuery(document).ready(function($){\tjQuery(\"ul.tabs-nav\").tabs(\"> .pane\"); }); <\/script>\n\n\t\t<div class=\"post-tabs\">\n\t\t\n<ul class=\"tabs-nav\">\n<li>Tourverlauf<\/li>\n<\/ul>\n\n\t\t<div class=\"pane\">\n\t\t\n<strong>1. Tag &#8211; Casablancatal<\/strong><br \/>\nIhre Tour f\u00fchrt Sie zuerst auf das Weingut William Cole, eines der j\u00fcngeren Weing\u00fcter in Chile. Es liegt gut erreichbar mitten in der wundersch\u00f6nen H\u00fcgellandschaft des Casablancatals. Die William Cole Weine werden direkt vor Ort abgef\u00fcllt, sodass Sie hier den Prozess der Weinherstellung von der Rebe bis zur Flasche verfolgen k\u00f6nnen. Am Ende der Tour k\u00f6nnen Sie drei Reserva-Weine verkosten. Sie fahren weiter zum Weingut Casas del Bosque, einem Familienbetrieb, der sich auf die Produktion kleiner Mengen hochwertiger Weine spezialisiert hat. Sie besichtigen hier eine Anbaufl\u00e4che, die Produktionshalle und den Weinkeller, bevor Sie einige Weine verkosten. \u00dcbernachtung im Matetic Guest House. Optionale Besichtigung des Weinguts Matetic.<\/p>\n<p><strong>2. Tag &#8211; Nerudahaus in Isla Negra und Weingut Undurraga<\/strong><br \/>\nVom Weingut Matetic aus fahren Sie zum Pazifischen Ozean, in den K\u00fcstenort Isla Negra, wo das fantasievoll-pittoreske Strandhaus von Pablo Neruda steht. Neruda ist der ber\u00fchmteste Schriftsteller Chiles, Nobelpreistr\u00e4ger und einer der am meisten \u00fcbersetzten Autoren des 20. Jahrhunderts. Er hatte in seinem Leben mehrere diplomatische Posten inne; unter anderem war er chilenischer Botschafter in Frankreich. Au\u00dfer Poet und Diplomat, war Pablo Neruda auch ein leidenschaftlicher Sammler, was sein mit unglaublicher Kreativit\u00e4t und Liebe zum Detail ausgestattetes Haus eindrucksvoll vor Augen f\u00fchrt: Hier finden sich Sammlungen von Galionsfiguren, antiken Flaschen, Masken afrikanischer Eingeborener, Meerestieren, Kunst und dem, was das Meer ansp\u00fclte &#8230;<\/p>\n<p>Das Haus mit wunderbarem Blick \u00fcber Felsen und Meer war eine Zuflucht vor der Hektik der Stadt und R\u00fcckzugsraum zum Schreiben f\u00fcr Neruda. Es war auch ein Ort, an den er Freunde zu seinen legend\u00e4ren Partys einlud. Neruda und seine Frau Matilda sind vor dem Haus \u00fcber dem Pazifik beigesetzt.<\/p>\n<p>Zu guter Letzt besuchen Sie auf dem R\u00fcckweg nach Santiago das Weingut Undurraga im Maipotal. Der Gr\u00fcnder Don Francisco Undurraga war einer der ersten Pioniere des Weinanbaus in Chiles. Er brachte die ersten Reben Sauvignon, Sauvignon Blanc, Merlot, Pinot Noir, Riesling und Gew\u00fcrztraminer pers\u00f6nlich aus Frankreich und Deutschland mit und begann 1885 damit, sie anzupflanzen. 1903 wurden die ersten Undurraga-Weine in die USA verschifft. Heute findet man sie in \u00fcber 60 L\u00e4ndern auf allen Kontinenten. Die gef\u00fchrte Tour \u00fcber das Weingut geht durch die h\u00fcbschen G\u00e4rten, die der franz\u00f6sische Landschaftsmaler Pierre Dubois im 19. Jh. anlgelegt hat. Sie sehen die moderne Kelteranlage und die Kellergew\u00f6lbe von 1885. Am Ende der Besichtigung werden drei Reserva-Weine verkostet. R\u00fcckfahrt nach Santiago.<br \/>\n\n\t\t<\/div>\n\t\n\n\t\t<\/div>\n\t<\/p>","protected":false},"excerpt":{"rendered":"<p>Art der Reise:Wein &#038; Gourmet \/ Kultur Dauer: 2 Tage<\/p>\n","protected":false},"author":16,"featured_media":0,"parent":99,"menu_order":0,"comment_status":"open","ping_status":"open","template":"","meta":{"slim_seo":{"title":"Wein & Poesie Wine & Poetry - travelArt","description":"Wein &#038; Poesie Wein &#038; Poesie Wein &#038; Poesie Wein &#038; Poesie Wein &#038; Poesie Art der Reise: Wein & Gourmet \/ Kultur Dauer: 2 Tage Tourverlauf"},"footnotes":""},"class_list":["post-168","page","type-page","status-publish","hentry"],"_links":{"self":[{"href":"https:\/\/www.chile-reise.com\/de\/wp-json\/wp\/v2\/pages\/168","targetHints":{"allow":["GET"]}}],"collection":[{"href":"https:\/\/www.chile-reise.com\/de\/wp-json\/wp\/v2\/pages"}],"about":[{"href":"https:\/\/www.chile-reise.com\/de\/wp-json\/wp\/v2\/types\/page"}],"author":[{"embeddable":true,"href":"https:\/\/www.chile-reise.com\/de\/wp-json\/wp\/v2\/users\/16"}],"replies":[{"embeddable":true,"href":"https:\/\/www.chile-reise.com\/de\/wp-json\/wp\/v2\/comments?post=168"}],"version-history":[{"count":0,"href":"https:\/\/www.chile-reise.com\/de\/wp-json\/wp\/v2\/pages\/168\/revisions"}],"up":[{"embeddable":true,"href":"https:\/\/www.chile-reise.com\/de\/wp-json\/wp\/v2\/pages\/99"}],"wp:attachment":[{"href":"https:\/\/www.chile-reise.com\/de\/wp-json\/wp\/v2\/media?parent=168"}],"curies":[{"name":"wp","href":"https:\/\/api.w.org\/{rel}","templated":true}]}}