{"id":167,"date":"2013-07-02T22:02:03","date_gmt":"2013-07-02T20:02:03","guid":{"rendered":"http:\/\/www.chile-reise.com\/wordpress\/?page_id=167"},"modified":"2015-01-25T17:18:52","modified_gmt":"2015-01-25T15:18:52","slug":"kochkurs-mercado-central","status":"publish","type":"page","link":"https:\/\/www.chile-reise.com\/de\/packages-daytrips\/santiago-zentralchile-und-pazifikkueste\/kochkurs-mercado-central\/","title":{"rendered":"Kochkurs Mercado Central"},"content":{"rendered":"<p>\r\n        <style type='text\/css'>\r\n            #gallery-1 {\r\n                margin: auto;\r\n            }\r\n            #gallery-1 .gallery-item {\r\n                float: left;\r\n                margin-top: 10px;\r\n                text-align: center;\r\n                width: 33%;           }\r\n            #gallery-1 img {\r\n                border: 2px solid #cfcfcf;\r\n            }\r\n            #gallery-1 .gallery-caption {\r\n                margin-left: 0;\r\n            }\r\n        <\/style>\r\n        <!-- see gallery_shortcode() in wp-includes\/media.php -->\r\n        <div id='gallery-1' class='gallery-images gallery galleryid-167'><dl class='gallery-item'>\r\n            <dt class='gallery-icon'>\r\n                <a href='https:\/\/www.chile-reise.com\/wp-content\/uploads\/PD_Santiago_2_1.jpg'><img loading=\"lazy\" decoding=\"async\" width=\"240\" height=\"140\" src=\"https:\/\/www.chile-reise.com\/wp-content\/uploads\/PD_Santiago_2_1-240x140.jpg\" class=\"attachment-thumbnail size-thumbnail\" alt=\"PD Santiago 2\" \/><\/a>\r\n            <\/dt>\r\n                <dd class='gallery-caption'>\r\n                Kochkurs Mercado Central\r\n                <\/dd><\/dl><dl class='gallery-item'>\r\n            <dt class='gallery-icon'>\r\n                <a href='https:\/\/www.chile-reise.com\/wp-content\/uploads\/PD_Santiago_2_2.jpg'><img loading=\"lazy\" decoding=\"async\" width=\"240\" height=\"140\" src=\"https:\/\/www.chile-reise.com\/wp-content\/uploads\/PD_Santiago_2_2-240x140.jpg\" class=\"attachment-thumbnail size-thumbnail\" alt=\"PD Santiago 2\" \/><\/a>\r\n            <\/dt>\r\n                <dd class='gallery-caption'>\r\n                Kochkurs Mercado Central\r\n                <\/dd><\/dl><dl class='gallery-item'>\r\n            <dt class='gallery-icon'>\r\n                <a href='https:\/\/www.chile-reise.com\/wp-content\/uploads\/PD_Santiago_2_3.jpg'><img loading=\"lazy\" decoding=\"async\" width=\"240\" height=\"140\" src=\"https:\/\/www.chile-reise.com\/wp-content\/uploads\/PD_Santiago_2_3-240x140.jpg\" class=\"attachment-thumbnail size-thumbnail\" alt=\"PD Santiago 2\" \/><\/a>\r\n            <\/dt>\r\n                <dd class='gallery-caption'>\r\n                Kochkurs Mercado Central\r\n                <\/dd><\/dl><br style=\"clear: both\" \/><dl class='gallery-item'>\r\n            <dt class='gallery-icon'>\r\n                <a href='https:\/\/www.chile-reise.com\/wp-content\/uploads\/PD_Santiago_2_4.jpg'><img loading=\"lazy\" decoding=\"async\" width=\"240\" height=\"140\" src=\"https:\/\/www.chile-reise.com\/wp-content\/uploads\/PD_Santiago_2_4-240x140.jpg\" class=\"attachment-thumbnail size-thumbnail\" alt=\"PD Santiago 2\" \/><\/a>\r\n            <\/dt>\r\n                <dd class='gallery-caption'>\r\n                Kochkurs Mercado Central\r\n                <\/dd><\/dl><dl class='gallery-item'>\r\n            <dt class='gallery-icon'>\r\n                <a href='https:\/\/www.chile-reise.com\/wp-content\/uploads\/PD_Santiago_2_5.jpg'><img loading=\"lazy\" decoding=\"async\" width=\"240\" height=\"140\" src=\"https:\/\/www.chile-reise.com\/wp-content\/uploads\/PD_Santiago_2_5-240x140.jpg\" class=\"attachment-thumbnail size-thumbnail\" alt=\"PD Santiago 2\" \/><\/a>\r\n            <\/dt>\r\n                <dd class='gallery-caption'>\r\n                Kochkurs Mercado Central\r\n                <\/dd><\/dl>\r\n            <br style='clear: both;' \/>\r\n        <\/div>\n\n<div class=\"clear\"><\/div><div class=\"divider\"><\/div>\n<p><strong>Art der Reise:<\/strong> Wein &#038; Gourmet<br \/>\n<strong>Dauer:<\/strong> 1 Tag<\/p>\n\n\t<script type=\"text\/javascript\">\tjQuery(document).ready(function($){\tjQuery(\"ul.tabs-nav\").tabs(\"> .pane\"); }); <\/script>\n\n\t\t<div class=\"post-tabs\">\n\t\t\n<ul class=\"tabs-nav\">\n<li>Tourverlauf<\/li>\n<\/ul>\n\n\t\t<div class=\"pane\">\n\t\t\nIm bekannten Fischrestaurant \u00abEl Galeon\u00bb in Santiago\u00b4s Mercado Central k\u00f6nnen die G\u00e4ste einen Blick hinter die Kulissen werfen und gleichzeitig bei einem Kochkurs die Gerichte dieses Restaurants nachkochen lernen. Nach einer kurzen Einf\u00fchrung folgt eine F\u00fchrung zu den wichtigsten Lieferanten des Restaurants. Hierbei werden die Zutaten f\u00fcr die Gerichte, die sp\u00e4ter beim Kochkurs verwendet werden, gleich vor Ort ausgesucht. Anschlie\u00dfend geht es \u00fcber den Mercado Central, vorbei an den St\u00e4nden, von denen das Restaurant Zutaten f\u00fcr seine Gerichte bezieht. Im Restaurant begr\u00fc\u00dft der Chefkoch die G\u00e4ste dann mit einem landestypischen Pisco Sour, bevor der Kurs beginnt. Selbstverst\u00e4ndlich werden die Ergebnisse hinterher verzehrt.<br \/>\n\n\t\t<\/div>\n\t\n\n\t\t<\/div>\n\t<\/p>","protected":false},"excerpt":{"rendered":"<p>Art der Reise: Wein &#038; Gourmet Dauer: 1 Tag<\/p>\n","protected":false},"author":16,"featured_media":0,"parent":99,"menu_order":0,"comment_status":"open","ping_status":"open","template":"","meta":{"slim_seo":{"title":"Kochkurs Mercado Central Cooking Instruction at Mercado Central - travelArt","description":"Kochkurs Mercado Central Kochkurs Mercado Central Kochkurs Mercado Central Kochkurs Mercado Central Kochkurs Mercado Central Art der Reise: Wein & Gourmet Dauer"},"footnotes":""},"class_list":["post-167","page","type-page","status-publish","hentry"],"_links":{"self":[{"href":"https:\/\/www.chile-reise.com\/de\/wp-json\/wp\/v2\/pages\/167","targetHints":{"allow":["GET"]}}],"collection":[{"href":"https:\/\/www.chile-reise.com\/de\/wp-json\/wp\/v2\/pages"}],"about":[{"href":"https:\/\/www.chile-reise.com\/de\/wp-json\/wp\/v2\/types\/page"}],"author":[{"embeddable":true,"href":"https:\/\/www.chile-reise.com\/de\/wp-json\/wp\/v2\/users\/16"}],"replies":[{"embeddable":true,"href":"https:\/\/www.chile-reise.com\/de\/wp-json\/wp\/v2\/comments?post=167"}],"version-history":[{"count":0,"href":"https:\/\/www.chile-reise.com\/de\/wp-json\/wp\/v2\/pages\/167\/revisions"}],"up":[{"embeddable":true,"href":"https:\/\/www.chile-reise.com\/de\/wp-json\/wp\/v2\/pages\/99"}],"wp:attachment":[{"href":"https:\/\/www.chile-reise.com\/de\/wp-json\/wp\/v2\/media?parent=167"}],"curies":[{"name":"wp","href":"https:\/\/api.w.org\/{rel}","templated":true}]}}