{"id":166,"date":"2013-07-02T22:00:57","date_gmt":"2013-07-02T20:00:57","guid":{"rendered":"http:\/\/www.chile-reise.com\/wordpress\/?page_id=166"},"modified":"2014-04-16T14:19:32","modified_gmt":"2014-04-16T12:19:32","slug":"aconcagua-das-dach-amerikas","status":"publish","type":"page","link":"https:\/\/www.chile-reise.com\/de\/packages-daytrips\/santiago-zentralchile-und-pazifikkueste\/aconcagua-das-dach-amerikas\/","title":{"rendered":"Aconcagua &#8211; Das Dach Amerikas"},"content":{"rendered":"<p>\r\n        <style type='text\/css'>\r\n            #gallery-1 {\r\n                margin: auto;\r\n            }\r\n            #gallery-1 .gallery-item {\r\n                float: left;\r\n                margin-top: 10px;\r\n                text-align: center;\r\n                width: 33%;           }\r\n            #gallery-1 img {\r\n                border: 2px solid #cfcfcf;\r\n            }\r\n            #gallery-1 .gallery-caption {\r\n                margin-left: 0;\r\n            }\r\n        <\/style>\r\n        <!-- see gallery_shortcode() in wp-includes\/media.php -->\r\n        <div id='gallery-1' class='gallery-images gallery galleryid-166'><dl class='gallery-item'>\r\n            <dt class='gallery-icon'>\r\n                <a href='https:\/\/www.chile-reise.com\/wp-content\/uploads\/PD_Santiago_1_1.jpg'><img loading=\"lazy\" decoding=\"async\" width=\"240\" height=\"140\" src=\"https:\/\/www.chile-reise.com\/wp-content\/uploads\/PD_Santiago_1_1-240x140.jpg\" class=\"attachment-thumbnail size-thumbnail\" alt=\"PD Santiago 1\" \/><\/a>\r\n            <\/dt>\r\n                <dd class='gallery-caption'>\r\n                Aconcagua &#8211; Das Dach Amerikas\r\n                <\/dd><\/dl><dl class='gallery-item'>\r\n            <dt class='gallery-icon'>\r\n                <a href='https:\/\/www.chile-reise.com\/wp-content\/uploads\/PD_Santiago_1_2.jpg'><img loading=\"lazy\" decoding=\"async\" width=\"240\" height=\"140\" src=\"https:\/\/www.chile-reise.com\/wp-content\/uploads\/PD_Santiago_1_2-240x140.jpg\" class=\"attachment-thumbnail size-thumbnail\" alt=\"PD Santiago 1\" \/><\/a>\r\n            <\/dt>\r\n                <dd class='gallery-caption'>\r\n                Aconcagua &#8211; Das Dach Amerikas\r\n                <\/dd><\/dl><dl class='gallery-item'>\r\n            <dt class='gallery-icon'>\r\n                <a href='https:\/\/www.chile-reise.com\/wp-content\/uploads\/PD_Santiago_1_3.jpg'><img loading=\"lazy\" decoding=\"async\" width=\"240\" height=\"140\" src=\"https:\/\/www.chile-reise.com\/wp-content\/uploads\/PD_Santiago_1_3-240x140.jpg\" class=\"attachment-thumbnail size-thumbnail\" alt=\"PD Santiago 1\" \/><\/a>\r\n            <\/dt>\r\n                <dd class='gallery-caption'>\r\n                Aconcagua &#8211; Das Dach Amerikas\r\n                <\/dd><\/dl><br style=\"clear: both\" \/><dl class='gallery-item'>\r\n            <dt class='gallery-icon'>\r\n                <a href='https:\/\/www.chile-reise.com\/wp-content\/uploads\/PD_Santiago_1_4.jpg'><img loading=\"lazy\" decoding=\"async\" width=\"240\" height=\"140\" src=\"https:\/\/www.chile-reise.com\/wp-content\/uploads\/PD_Santiago_1_4-240x140.jpg\" class=\"attachment-thumbnail size-thumbnail\" alt=\"PD Santiago 1\" \/><\/a>\r\n            <\/dt>\r\n                <dd class='gallery-caption'>\r\n                Aconcagua &#8211; Das Dach Amerikas\r\n                <\/dd><\/dl><dl class='gallery-item'>\r\n            <dt class='gallery-icon'>\r\n                <a href='https:\/\/www.chile-reise.com\/wp-content\/uploads\/PD_Santiago_1_5.jpg'><img loading=\"lazy\" decoding=\"async\" width=\"240\" height=\"140\" src=\"https:\/\/www.chile-reise.com\/wp-content\/uploads\/PD_Santiago_1_5-240x140.jpg\" class=\"attachment-thumbnail size-thumbnail\" alt=\"PD Santiago 1\" \/><\/a>\r\n            <\/dt>\r\n                <dd class='gallery-caption'>\r\n                Aconcagua &#8211; Das Dach Amerikas\r\n                <\/dd><\/dl>\r\n            <br style='clear: both;' \/>\r\n        <\/div>\n\n<div class=\"clear\"><\/div><div class=\"divider\"><\/div>\n<p><strong>Art der Reise:<\/strong> Natur<br \/>\n<strong>Dauer:<\/strong> 1 Tag<\/p>\n\n\t<script type=\"text\/javascript\">\tjQuery(document).ready(function($){\tjQuery(\"ul.tabs-nav\").tabs(\"> .pane\"); }); <\/script>\n\n\t\t<div class=\"post-tabs\">\n\t\t\n<ul class=\"tabs-nav\">\n<li>Tourverlauf<\/li>\n<li>Anmerkungen<\/li>\n<\/ul>\n\n\t\t<div class=\"pane\">\n\t\t\nDiese Exkursion f\u00fchrt durch die atemberaubende Gebirgslandschaft der Anden. Der Aconcagua befindet sich etwa 160 km nord\u00f6stlich von Santiago auf argentinischer Seite und ist mit 6.957 m der h\u00f6chste Berg des amerikanischen Kontinents. Auf dem Weg dorthin bieten zahlreiche Aussichtspunkte die M\u00f6glichkeit zu einem Fotostopp: Vom  Wintersportort Portillo aus hat man einen einmaligen Ausblick auf die Gipfel des Ojos de Agua (4.239 m) und La Parva (4.852 m) sowie den Bergsee Laguna del Inca. Kurz hinter der argentinischen Grenze befindet sich die nat\u00fcrliche Br\u00fccke \u00abPuente del Inca\u00bb. Der H\u00f6hepunkt des Tages ist der Aussichtspunkt auf den Aconcagua, der etwas abseits der Stra\u00dfe liegt. Hier besteht auch die M\u00f6glichkeit einer kurzen Wanderung, um einen noch besseren Blick auf das Dach Amerikas zu haben. Der Weg zur\u00fcck nach Santiago f\u00fchrt an Obstplantagen und Weinanbaugebieten vorbei.<br \/>\n\n\t\t<\/div>\n\t\n\n\t\t<div class=\"pane\">\n\t\t\nDiese Tour kann auch mit \u00dcbernachtung durchgef\u00fchrt werden.<br \/>\n\n\t\t<\/div>\n\t\n\n\t\t<\/div>\n\t<\/p>","protected":false},"excerpt":{"rendered":"<p>Art der Reise: Natur Dauer: 1 Tag<\/p>\n","protected":false},"author":16,"featured_media":0,"parent":99,"menu_order":0,"comment_status":"open","ping_status":"open","template":"","meta":{"slim_seo":{"title":"Aconcagua - Das Dach Amerikas Aconcagua - The highest Mountain of the Americas - travelArt","description":"Aconcagua &#8211; Das Dach Amerikas Aconcagua &#8211; Das Dach Amerikas Aconcagua &#8211; Das Dach Amerikas Aconcagua &#8211; Das Dach Amerikas Aconcagua &#8211"},"footnotes":""},"class_list":["post-166","page","type-page","status-publish","hentry"],"_links":{"self":[{"href":"https:\/\/www.chile-reise.com\/de\/wp-json\/wp\/v2\/pages\/166","targetHints":{"allow":["GET"]}}],"collection":[{"href":"https:\/\/www.chile-reise.com\/de\/wp-json\/wp\/v2\/pages"}],"about":[{"href":"https:\/\/www.chile-reise.com\/de\/wp-json\/wp\/v2\/types\/page"}],"author":[{"embeddable":true,"href":"https:\/\/www.chile-reise.com\/de\/wp-json\/wp\/v2\/users\/16"}],"replies":[{"embeddable":true,"href":"https:\/\/www.chile-reise.com\/de\/wp-json\/wp\/v2\/comments?post=166"}],"version-history":[{"count":0,"href":"https:\/\/www.chile-reise.com\/de\/wp-json\/wp\/v2\/pages\/166\/revisions"}],"up":[{"embeddable":true,"href":"https:\/\/www.chile-reise.com\/de\/wp-json\/wp\/v2\/pages\/99"}],"wp:attachment":[{"href":"https:\/\/www.chile-reise.com\/de\/wp-json\/wp\/v2\/media?parent=166"}],"curies":[{"name":"wp","href":"https:\/\/api.w.org\/{rel}","templated":true}]}}