{"id":161,"date":"2013-07-02T21:53:49","date_gmt":"2013-07-02T19:53:49","guid":{"rendered":"http:\/\/www.chile-reise.com\/wordpress\/?page_id=161"},"modified":"2013-10-02T20:22:43","modified_gmt":"2013-10-02T18:22:43","slug":"reiturlaub-im-torres-del-paine-nationalpark","status":"publish","type":"page","link":"https:\/\/www.chile-reise.com\/de\/packages-daytrips\/patagonien\/reiturlaub-im-torres-del-paine-nationalpark\/","title":{"rendered":"Reiturlaub im Torres del Paine Nationalpark"},"content":{"rendered":"<p>\r\n        <style type='text\/css'>\r\n            #gallery-1 {\r\n                margin: auto;\r\n            }\r\n            #gallery-1 .gallery-item {\r\n                float: left;\r\n                margin-top: 10px;\r\n                text-align: center;\r\n                width: 33%;           }\r\n            #gallery-1 img {\r\n                border: 2px solid #cfcfcf;\r\n            }\r\n            #gallery-1 .gallery-caption {\r\n                margin-left: 0;\r\n            }\r\n        <\/style>\r\n        <!-- see gallery_shortcode() in wp-includes\/media.php -->\r\n        <div id='gallery-1' class='gallery-images gallery galleryid-161'><dl class='gallery-item'>\r\n            <dt class='gallery-icon'>\r\n                <a href='https:\/\/www.chile-reise.com\/wp-content\/uploads\/PD_Patagonien_5_1.jpg'><img loading=\"lazy\" decoding=\"async\" width=\"240\" height=\"140\" src=\"https:\/\/www.chile-reise.com\/wp-content\/uploads\/PD_Patagonien_5_1-240x140.jpg\" class=\"attachment-thumbnail size-thumbnail\" alt=\"PD Patagonien 5\" \/><\/a>\r\n            <\/dt>\r\n                <dd class='gallery-caption'>\r\n                Reiturlaub im Torres del Paine Nationalpark\r\n                <\/dd><\/dl><dl class='gallery-item'>\r\n            <dt class='gallery-icon'>\r\n                <a href='https:\/\/www.chile-reise.com\/wp-content\/uploads\/PD_Patagonien_5_2.jpg'><img loading=\"lazy\" decoding=\"async\" width=\"240\" height=\"140\" src=\"https:\/\/www.chile-reise.com\/wp-content\/uploads\/PD_Patagonien_5_2-240x140.jpg\" class=\"attachment-thumbnail size-thumbnail\" alt=\"PD Patagonien 5\" \/><\/a>\r\n            <\/dt>\r\n                <dd class='gallery-caption'>\r\n                Reiturlaub im Torres del Paine Nationalpark\r\n                <\/dd><\/dl><dl class='gallery-item'>\r\n            <dt class='gallery-icon'>\r\n                <a href='https:\/\/www.chile-reise.com\/wp-content\/uploads\/PD_Patagonien_5_3.jpg'><img loading=\"lazy\" decoding=\"async\" width=\"240\" height=\"140\" src=\"https:\/\/www.chile-reise.com\/wp-content\/uploads\/PD_Patagonien_5_3-240x140.jpg\" class=\"attachment-thumbnail size-thumbnail\" alt=\"PD Patagonien 5\" \/><\/a>\r\n            <\/dt>\r\n                <dd class='gallery-caption'>\r\n                Reiturlaub im Torres del Paine Nationalpark\r\n                <\/dd><\/dl><br style=\"clear: both\" \/><dl class='gallery-item'>\r\n            <dt class='gallery-icon'>\r\n                <a href='https:\/\/www.chile-reise.com\/wp-content\/uploads\/PD_Patagonien_5_4.jpg'><img loading=\"lazy\" decoding=\"async\" width=\"240\" height=\"140\" src=\"https:\/\/www.chile-reise.com\/wp-content\/uploads\/PD_Patagonien_5_4-240x140.jpg\" class=\"attachment-thumbnail size-thumbnail\" alt=\"PD Patagonien 5\" \/><\/a>\r\n            <\/dt>\r\n                <dd class='gallery-caption'>\r\n                Reiturlaub im Torres del Paine Nationalpark\r\n                <\/dd><\/dl><dl class='gallery-item'>\r\n            <dt class='gallery-icon'>\r\n                <a href='https:\/\/www.chile-reise.com\/wp-content\/uploads\/PD_Patagonien_5_5.jpg'><img loading=\"lazy\" decoding=\"async\" width=\"240\" height=\"140\" src=\"https:\/\/www.chile-reise.com\/wp-content\/uploads\/PD_Patagonien_5_5-240x140.jpg\" class=\"attachment-thumbnail size-thumbnail\" alt=\"PD Patagonien 5\" \/><\/a>\r\n            <\/dt>\r\n                <dd class='gallery-caption'>\r\n                Reiturlaub im Torres del Paine Nationalpark\r\n                <\/dd><\/dl>\r\n            <br style='clear: both;' \/>\r\n        <\/div>\n\n<div class=\"clear\"><\/div><div class=\"divider\"><\/div>\n<p><strong>Art der Reise:<\/strong> Aktiv<br \/>\n<strong>Dauer:<\/strong> 4 Tage<\/p>\n\n\t<script type=\"text\/javascript\">\tjQuery(document).ready(function($){\tjQuery(\"ul.tabs-nav\").tabs(\"> .pane\"); }); <\/script>\n\n\t\t<div class=\"post-tabs\">\n\t\t\n<ul class=\"tabs-nav\">\n<li>Tourverlauf<\/li>\n<li>Leistung<\/li>\n<li>Ausr\u00fcstung<\/li>\n<li>Anmerkungen<\/li>\n<\/ul>\n\n\t\t<div class=\"pane\">\n\t\t\n<strong>1.Tag &#8211; Punta Arenas &#8211; Puerto Natales<\/strong><br \/>\nEmpfang am Flughafen in Punta Arenas oder an Ihrem Hotel. Fahrt nach Norden durch die weite patagonische Pampa nach Puerto Natales und \u00dcbernachtung.<\/p>\n<p><strong>2.Tag &#8211; Torres del Paine Nationalpark<\/strong><br \/>\nAm fr\u00fchen Morgen fahren Sie in den Torres del Paine Nationalpark zu Ihrer gem\u00fctlichen Herberge direkt unterhalb der Torres-Spitzen.  Am Nachmittag werden Ihnen die Pferde gezeigt und Sie unternehmen einen ersten Gew\u00f6hnungsritt zum Lago Nordenskj\u00f6ld. W\u00e4hrend des  zwei- bis dreist\u00fcndigen Ausritts werden Sie die ersten gro\u00dfartigen Ausblicke auf die umliegenden Berge genie\u00dfen k\u00f6nnen. \u00dcbernachtung im  Hotel Las Torres.<\/p>\n<p><strong>3.Tag &#8211; Reittour zu den Torres del Paine<\/strong><br \/>\nHeute satteln Sie die Pferde und unternehmen eine Ganztages-Reittour  zu einem der H\u00f6hepunkte des Parks: zum Fu\u00df der Torres del  Paine. Das letzte St\u00fcck werden Sie \u00fcber ein Mor\u00e4nenger\u00f6llfeld klettern, bis Sie zu einer wundersch\u00f6nen tiefgr\u00fcnen Lagune kommen und sich die Torres Spitzen vor Ihren  Augen \u00fcber 1.000 m senkrecht in den Himmel recken. Am Nachmittag reiten Sie zur\u00fcck zum Hotel Las Torres und \u00fcbernachten dort.<\/p>\n<p><strong>4.Tag &#8211; Cuernos del Paine<\/strong><br \/>\nNach dem Fr\u00fchst\u00fcck brechen Sie auf und  zu den Cuernos del Paine. Dies sind riesige Granitw\u00e4nde mit kleinen H\u00fcten aus Schiefer auf den Spitzen, die durch die Erosion \u00fcber Tausende von Jahren geformt wurden. Unterwegs begegnen Ihnen wundersch\u00f6ne Seen und Lagunen, wenn Sie gem\u00fctlich am Rande riesiger Berge entlang reiten. Am Abend kehren Sie zum Hotel Las Torres zur\u00fcck, um dort zu \u00fcbernachten.<\/p>\n<p><strong>5.Tag &#8211; R\u00fcckfahrt<\/strong><br \/>\nTransfer zum Flughafen in Punta  Arenas.<br \/>\n\n\t\t<\/div>\n\t\n\n\t\t<div class=\"pane\">\n\t\t\nVollpension, Halbpension oder nur Fr\u00fchst\u00fcck buchbar.<br \/>\n\n\t\t<\/div>\n\t\n\n\t\t<div class=\"pane\">\n\t\t\nAllwetterkleidung und Sonnenschutz<\/p>\n<p>Reitutensilien werden gestellt.<br \/>\n\n\t\t<\/div>\n\t\n\n\t\t<div class=\"pane\">\n\t\t\nOktober bis Ende M\u00e4rz<br \/>\n\n\t\t<\/div>\n\t\n\n\t\t<\/div>\n\t<\/p>","protected":false},"excerpt":{"rendered":"<p>Art der Reise: Aktiv Dauer: 4 Tage<\/p>\n","protected":false},"author":16,"featured_media":0,"parent":103,"menu_order":0,"comment_status":"open","ping_status":"open","template":"","meta":{"slim_seo":{"title":"Reiturlaub im Torres del Paine Nationalpark Horse Riding Vacation at Torres del Paine National Park - travelArt","description":"Reiturlaub im Torres del Paine Nationalpark Reiturlaub im Torres del Paine Nationalpark Reiturlaub im Torres del Paine Nationalpark Reiturlaub im Torres del Pai"},"footnotes":""},"class_list":["post-161","page","type-page","status-publish","hentry"],"_links":{"self":[{"href":"https:\/\/www.chile-reise.com\/de\/wp-json\/wp\/v2\/pages\/161","targetHints":{"allow":["GET"]}}],"collection":[{"href":"https:\/\/www.chile-reise.com\/de\/wp-json\/wp\/v2\/pages"}],"about":[{"href":"https:\/\/www.chile-reise.com\/de\/wp-json\/wp\/v2\/types\/page"}],"author":[{"embeddable":true,"href":"https:\/\/www.chile-reise.com\/de\/wp-json\/wp\/v2\/users\/16"}],"replies":[{"embeddable":true,"href":"https:\/\/www.chile-reise.com\/de\/wp-json\/wp\/v2\/comments?post=161"}],"version-history":[{"count":0,"href":"https:\/\/www.chile-reise.com\/de\/wp-json\/wp\/v2\/pages\/161\/revisions"}],"up":[{"embeddable":true,"href":"https:\/\/www.chile-reise.com\/de\/wp-json\/wp\/v2\/pages\/103"}],"wp:attachment":[{"href":"https:\/\/www.chile-reise.com\/de\/wp-json\/wp\/v2\/media?parent=161"}],"curies":[{"name":"wp","href":"https:\/\/api.w.org\/{rel}","templated":true}]}}