{"id":158,"date":"2013-07-02T21:51:54","date_gmt":"2013-07-02T19:51:54","guid":{"rendered":"http:\/\/www.chile-reise.com\/wordpress\/?page_id=158"},"modified":"2022-02-09T22:02:29","modified_gmt":"2022-02-09T20:02:29","slug":"w-trekking-im-torres-del-paine-nationalpark","status":"publish","type":"page","link":"https:\/\/www.chile-reise.com\/de\/packages-daytrips\/patagonien\/w-trekking-im-torres-del-paine-nationalpark\/","title":{"rendered":"\u201eW-Trekking\u201c im Torres del Paine Nationalpark"},"content":{"rendered":"<style type='text\/css'>\r\n            #gallery-1 {\r\n                margin: auto;\r\n            }\r\n            #gallery-1 .gallery-item {\r\n                float: left;\r\n                margin-top: 10px;\r\n                text-align: center;\r\n                width: 33%;           }\r\n            #gallery-1 img {\r\n                border: 2px solid #cfcfcf;\r\n            }\r\n            #gallery-1 .gallery-caption {\r\n                margin-left: 0;\r\n            }\r\n        <\/style>\r\n        <!-- see gallery_shortcode() in wp-includes\/media.php -->\r\n        <div id='gallery-1' class='gallery-images gallery galleryid-158'><dl class='gallery-item'>\r\n            <dt class='gallery-icon'>\r\n                <a href='https:\/\/www.chile-reise.com\/wp-content\/uploads\/PD_Patagonien_4_1.jpg'><img loading=\"lazy\" decoding=\"async\" width=\"240\" height=\"140\" src=\"https:\/\/www.chile-reise.com\/wp-content\/uploads\/PD_Patagonien_4_1-240x140.jpg\" class=\"attachment-thumbnail size-thumbnail\" alt=\"PD Patagonien 4\" \/><\/a>\r\n            <\/dt>\r\n                <dd class='gallery-caption'>\r\n                Base las Torres\r\n                <\/dd><\/dl><dl class='gallery-item'>\r\n            <dt class='gallery-icon'>\r\n                <a href='https:\/\/www.chile-reise.com\/wp-content\/uploads\/PD_Patagonien_4_2.jpg'><img loading=\"lazy\" decoding=\"async\" width=\"240\" height=\"140\" src=\"https:\/\/www.chile-reise.com\/wp-content\/uploads\/PD_Patagonien_4_2-240x140.jpg\" class=\"attachment-thumbnail size-thumbnail\" alt=\"PD Patagonien 4\" \/><\/a>\r\n            <\/dt>\r\n                <dd class='gallery-caption'>\r\n                \u201eW-Trekking\u201c in the Torres del Paine National Park\r\n                <\/dd><\/dl><dl class='gallery-item'>\r\n            <dt class='gallery-icon'>\r\n                <a href='https:\/\/www.chile-reise.com\/wp-content\/uploads\/PD_Patagonien_4_3.jpg'><img loading=\"lazy\" decoding=\"async\" width=\"240\" height=\"140\" src=\"https:\/\/www.chile-reise.com\/wp-content\/uploads\/PD_Patagonien_4_3-240x140.jpg\" class=\"attachment-thumbnail size-thumbnail\" alt=\"PD Patagonien 4\" \/><\/a>\r\n            <\/dt>\r\n                <dd class='gallery-caption'>\r\n                Lago Nordenskj\u00f6ld\r\n                <\/dd><\/dl><br style=\"clear: both\" \/><dl class='gallery-item'>\r\n            <dt class='gallery-icon'>\r\n                <a href='https:\/\/www.chile-reise.com\/wp-content\/uploads\/W-Trekking-3_by-Fantastico-Sur.jpg'><img loading=\"lazy\" decoding=\"async\" width=\"240\" height=\"140\" src=\"https:\/\/www.chile-reise.com\/wp-content\/uploads\/W-Trekking-3_by-Fantastico-Sur-240x140.jpg\" class=\"attachment-thumbnail size-thumbnail\" alt=\"W Trekking 3 by Fantastico Sur\" \/><\/a>\r\n            <\/dt>\r\n                <dd class='gallery-caption'>\r\n                Valle del Frances\r\n                <\/dd><\/dl><dl class='gallery-item'>\r\n            <dt class='gallery-icon'>\r\n                <a href='https:\/\/www.chile-reise.com\/wp-content\/uploads\/PD_Patagonien_4_4.jpg'><img loading=\"lazy\" decoding=\"async\" width=\"240\" height=\"140\" src=\"https:\/\/www.chile-reise.com\/wp-content\/uploads\/PD_Patagonien_4_4-240x140.jpg\" class=\"attachment-thumbnail size-thumbnail\" alt=\"PD Patagonien 4\" \/><\/a>\r\n            <\/dt>\r\n                <dd class='gallery-caption'>\r\n                \u201eW-Trekking\u201c in the Torres del Paine National Park\r\n                <\/dd><\/dl><dl class='gallery-item'>\r\n            <dt class='gallery-icon'>\r\n                <a href='https:\/\/www.chile-reise.com\/wp-content\/uploads\/PD_Patagonien_4_5.jpg'><img loading=\"lazy\" decoding=\"async\" width=\"240\" height=\"140\" src=\"https:\/\/www.chile-reise.com\/wp-content\/uploads\/PD_Patagonien_4_5-240x140.jpg\" class=\"attachment-thumbnail size-thumbnail\" alt=\"PD Patagonien 4\" \/><\/a>\r\n            <\/dt>\r\n                <dd class='gallery-caption'>\r\n                Glaciar Grey\r\n                <\/dd><\/dl><br style=\"clear: both\" \/>\r\n            <br style='clear: both;' \/>\r\n        <\/div>\n\n<div class=\"clear\"><\/div><div class=\"divider\"><\/div>\n<p>Das \u00abW\u00bb ist DIE Trekkingtour im Park. Wanderfreunde sollten sie auf keinen Fall verpassen!<\/p>\n<p><strong>Art der Reise:<\/strong> Aktiv<br \/>\n<strong>Dauer:<\/strong> 5 Tage<\/p>\n\n\t<script type=\"text\/javascript\">\tjQuery(document).ready(function($){\tjQuery(\"ul.tabs-nav\").tabs(\"> .pane\"); }); <\/script>\n\n\t\t<div class=\"post-tabs\">\n\t\t\n<ul class=\"tabs-nav\">\n<li>Tourverlauf<\/li>\n<li>Leistung<\/li>\n<li>Ausr\u00fcstung<\/li>\n<li>Anmerkungen<\/li>\n<li>Video<\/li>\n<\/ul>\n\n\t\t<div class=\"pane\">\n\t\t\n<strong>Tag 1 &#8211; Puerto Natales &#8211; Nationalpark Torres del Paine<\/strong><br \/>\nSie fahren mit dem Bus von Puerto Natales zum Eingang des Nationalparks an der Laguna Amarga und von dort aus weiter in den Torres-Sektor. \u00dcbernachtung im Refugio Las Torres.<\/p>\n<p><strong>Tag 2 &#8211; Trekking \u00abBase Las Torres\u00bb <\/strong><br \/>\nSie wandern etwa eineinhalb Stunden in ansteigendem Terrain, bis Sie im Refugio El Chileno ankommen. Nach einer kurzen Rast geht es weiter durch uralten Lengawald bis zum Fu\u00dfe einer Mor\u00e4ne. Ein anspruchsvoller Aufstieg von etwa 45 Minuten bringt Sie von dort zu einem der beeindruckendsten Orte des Parks: dem Aussichtspunkt Base Las Torres. Wenn Sie die Mor\u00e4ne \u00fcberstiegen haben, wird Ihnen der Atem stocken: die Aussicht auf die Granitspitzen Torre Sur (2.850 m), Torre Central (2.800 m), Torre Norte (2.600 m) und Cerro Nido de C\u00f3ndor sowie die darunter liegende t\u00fcrkisblaue Lagune sind einzigartig. Hier werden unvergessliche Fotos entstehen! \u00dcbernachtung im Refugio Chileno.<\/p>\n<p><em><strong>Schwierigkeitsgrad:<\/strong> Anspruchsvoll, 6-8 Stunden<\/em><\/p>\n<p><strong>Tag 3 &#8211; Refugio El Chileno &#8211; Refugio Los Cuernos<\/strong><br \/>\nDer Weg vom Refugio El Chileno zum Refugio Los Cuernos f\u00fchrt Sie entlang des Fu\u00dfes des Almirante-Nieto-Berges, einem Teil des Paine-Massivs, mit tollen Ausblicken auf den Nordenskj\u00f6ld-See. Ab Dezember bl\u00fchen Blumen in vielen Farben am Wegesrand. Besonders auff\u00e4llig ist der Ciruelillo oder \u00abFeuerbusch\u00bb, der nach der roten Farbe seiner Bl\u00fcten benannt wurde. Nach etwa 4-5 Stunden erreichen Sie den Fu\u00df der Cuernos-Berge, wo Ihre Unterkunft liegt. An diesem idyllischen Ort k\u00f6nnen Sie sich ausruhen und Kr\u00e4fte f\u00fcr die anspruchsvolle Wanderung am kommenden Tag sammeln.<\/p>\n<p><em><strong>Schwierigkeitsgrad:<\/strong> Anfangs leicht, sp\u00e4ter mittelschwer, 4-5 Stunden<\/em><\/p>\n<p><strong>Tag 4 &#8211; Trekking \u00abValle del Frances\u00bb<\/strong><br \/>\nW\u00e4hrend der ersten zwei Stunden f\u00fchrt der Weg Sie auf und ab mit herrlicher Aussicht auf den Nordenskj\u00f6ld-See. Der darauf folgende Aufstieg ab dem Campamento Italiano dauert etwa eineinhalb Stunden, bis Sie den Paine-Grande-Aussichtspunkt erreichen, wo Sie einen wunderbaren Blick auf den H\u00e4ngegletscher des Paine Grande haben. Mit etwas Gl\u00fcck k\u00f6nnen Sie kleine Lawinen beobachten. Danach geht es weiter zum Campamento Britanico und dann zu einem Aussichts-punkt, den viele als den sch\u00f6nsten des gesamten Parks bezeichnen: den Mirador Valle del Frances. Vor Ihnen liegen die Berge Paine Grande, Cerro Hoja, Cerro M\u00e1scara, Cerro Catedral, Cerro Aleta de Tibur\u00f3n, und Cuerno Norte. Nehmen Sie den selben Weg zur\u00fcck zum Campamento Italiano und wandern Sie dann weiter in den Peho\u00e9-Sektor zu Ihrer Unterkunft.<\/p>\n<p><em><strong>Schwierigkeitsgrad:<\/strong> Anspruchsvoll, 10-12 Stunden<\/em><\/p>\n<p><strong>Tag 5 &#8211; Trekking zum Grey-Gletscher <\/strong><br \/>\nDer Wanderweg zum Aussichtspunkt des Grey-Gletschers f\u00fchrt an der Westseite des Paine-Massivs entlang und bietet Ihnen grandiose Ausblicke auf den Grey-See und die umliegenden Berge. Nach eineinhalb Stunden erreichen Sie den ersten Aussichtspunkt, der Ihnen einen Blick auf den Gletscher in der Ferne erm\u00f6glicht. Gehen Sie weitere eineinhalb Stunden am See entlang, bis Sie einen weiteren Aussichtspunkt erreichen. Der Grey-Gletscher liegt nun genau vor Ihnen. Sie wandern auf dem gleichen Weg zur\u00fcck bis zum Peho\u00e9-See, den Sie mit dem Katamaran \u00fcberqueren. Ihr Transfer nach Puerto Natales erwartet Sie am Anleger in Pudeto. Die Ankunft in Puerto Natales ist am sp\u00e4ten Abend.<\/p>\n<p><em><strong>Schwierigkeitsgrad:<\/strong> Mittelschwer 8-9 Stunden<\/em><br \/>\n\n\t\t<\/div>\n\t\n\n\t\t<div class=\"pane\">\n\t\t\nVollpension empfehlenswert, da im Park kein Essen gekauft werden kann.<br \/>\nBuchung mit Halbpension, nur Fr\u00fchst\u00fcck oder ohne Mahlzeiten ebenfalls m\u00f6glich.<\/p>\n<p>Buchung mit zweisprachigem Wanderf\u00fchrer m\u00f6glich.<br \/>\n\n\t\t<\/div>\n\t\n\n\t\t<div class=\"pane\">\n\t\t\nSehr gute Wanderschuhe, Allwetterkleidung, Sonnenschutz:<\/p>\n<p><iframe loading=\"lazy\" src=\"\/\/www.youtube.com\/embed\/oryKusjjxYY?rel=0\" width=\"620\" height=\"349\" frameborder=\"0\" allowfullscreen=\"allowfullscreen\"><\/iframe><br \/>\n\n\t\t<\/div>\n\t\n\n\t\t<div class=\"pane\">\n\t\t\nDie Refugios sind einfache Mehrbettunterk\u00fcnfte (4-9 Personen) im Bergh\u00fcttenstil mit Gemeinschaftsb\u00e4dern.<br \/>\nHier gibt es teilweise gemachte Betten und teilweise werden Schlafs\u00e4cke gestellt.<br \/>\nOktober bis Ende M\u00e4rz<br \/>\nDie Tour kann auch in umgekehrter Reihenfolge gegangen werden.<br \/>\n\n\t\t<\/div>\n\t\n\n\t\t<div class=\"pane\">\n\t\t\n<iframe loading=\"lazy\" width=\"620\" height=\"349\" src=\"https:\/\/www.youtube.com\/embed\/b3Xsm1Botek?start=122\" title=\"YouTube video player\" frameborder=\"0\" allow=\"accelerometer; autoplay; clipboard-write; encrypted-media; gyroscope; picture-in-picture\" allowfullscreen><\/iframe><br \/>\nDer letzte Teil des Videos zeigt eine optionale Exkursion (Wandern AUF dem Gletscher), die nicht im klassischen W-Trekking, wie hier beschrieben, enthalten ist.<br \/>\nGerne beraten wir Sie diesbez\u00fcglich.<br \/>\n\n\t\t<\/div>\n\t\n\n\t\t<\/div>","protected":false},"excerpt":{"rendered":"<p>Das \u00abW\u00bb ist DIE Trekkingtour im Park. Wanderfreunde sollten sie auf keinen Fall verpassen! Art der Reise: Aktiv Dauer: 5 Tage<\/p>\n","protected":false},"author":16,"featured_media":0,"parent":103,"menu_order":0,"comment_status":"open","ping_status":"open","template":"","meta":{"slim_seo":{"title":"[:de]\u201eW-Trekking\u201c im Torres del Paine Nationalpark[:en]\u201eW-Trekking\u201c at Torres del Paine National Park[:] - travelArt","description":"[:de] Base las Torres \u201eW-Trekking\u201c in the Torres del Paine National Park Lago Nordenskj\u00f6ld Valle del Frances \u201eW-Trekking\u201c in the Torres del Paine National Park"},"footnotes":""},"class_list":["post-158","page","type-page","status-publish","hentry"],"_links":{"self":[{"href":"https:\/\/www.chile-reise.com\/de\/wp-json\/wp\/v2\/pages\/158","targetHints":{"allow":["GET"]}}],"collection":[{"href":"https:\/\/www.chile-reise.com\/de\/wp-json\/wp\/v2\/pages"}],"about":[{"href":"https:\/\/www.chile-reise.com\/de\/wp-json\/wp\/v2\/types\/page"}],"author":[{"embeddable":true,"href":"https:\/\/www.chile-reise.com\/de\/wp-json\/wp\/v2\/users\/16"}],"replies":[{"embeddable":true,"href":"https:\/\/www.chile-reise.com\/de\/wp-json\/wp\/v2\/comments?post=158"}],"version-history":[{"count":0,"href":"https:\/\/www.chile-reise.com\/de\/wp-json\/wp\/v2\/pages\/158\/revisions"}],"up":[{"embeddable":true,"href":"https:\/\/www.chile-reise.com\/de\/wp-json\/wp\/v2\/pages\/103"}],"wp:attachment":[{"href":"https:\/\/www.chile-reise.com\/de\/wp-json\/wp\/v2\/media?parent=158"}],"curies":[{"name":"wp","href":"https:\/\/api.w.org\/{rel}","templated":true}]}}