{"id":152,"date":"2013-07-02T21:42:40","date_gmt":"2013-07-02T19:42:40","guid":{"rendered":"http:\/\/www.chile-reise.com\/wordpress\/?page_id=152"},"modified":"2013-10-02T20:20:11","modified_gmt":"2013-10-02T18:20:11","slug":"estancia-penitente","status":"publish","type":"page","link":"https:\/\/www.chile-reise.com\/de\/packages-daytrips\/patagonien\/estancia-penitente\/","title":{"rendered":"Estancia Penitente"},"content":{"rendered":"<p>\r\n        <style type='text\/css'>\r\n            #gallery-1 {\r\n                margin: auto;\r\n            }\r\n            #gallery-1 .gallery-item {\r\n                float: left;\r\n                margin-top: 10px;\r\n                text-align: center;\r\n                width: 33%;           }\r\n            #gallery-1 img {\r\n                border: 2px solid #cfcfcf;\r\n            }\r\n            #gallery-1 .gallery-caption {\r\n                margin-left: 0;\r\n            }\r\n        <\/style>\r\n        <!-- see gallery_shortcode() in wp-includes\/media.php -->\r\n        <div id='gallery-1' class='gallery-images gallery galleryid-152'><dl class='gallery-item'>\r\n            <dt class='gallery-icon'>\r\n                <a href='https:\/\/www.chile-reise.com\/wp-content\/uploads\/PD_Patagonien_1_1.jpg'><img loading=\"lazy\" decoding=\"async\" width=\"240\" height=\"140\" src=\"https:\/\/www.chile-reise.com\/wp-content\/uploads\/PD_Patagonien_1_1-240x140.jpg\" class=\"attachment-thumbnail size-thumbnail\" alt=\"PD Patagonien 1\" \/><\/a>\r\n            <\/dt>\r\n                <dd class='gallery-caption'>\r\n                Estancia Penitente\r\n                <\/dd><\/dl><dl class='gallery-item'>\r\n            <dt class='gallery-icon'>\r\n                <a href='https:\/\/www.chile-reise.com\/wp-content\/uploads\/PD_Patagonien_1_2.jpg'><img loading=\"lazy\" decoding=\"async\" width=\"240\" height=\"140\" src=\"https:\/\/www.chile-reise.com\/wp-content\/uploads\/PD_Patagonien_1_2-240x140.jpg\" class=\"attachment-thumbnail size-thumbnail\" alt=\"PD Patagonien 1\" \/><\/a>\r\n            <\/dt>\r\n                <dd class='gallery-caption'>\r\n                Estancia Penitente\r\n                <\/dd><\/dl><dl class='gallery-item'>\r\n            <dt class='gallery-icon'>\r\n                <a href='https:\/\/www.chile-reise.com\/wp-content\/uploads\/PD_Patagonien_1_3.jpg'><img loading=\"lazy\" decoding=\"async\" width=\"240\" height=\"140\" src=\"https:\/\/www.chile-reise.com\/wp-content\/uploads\/PD_Patagonien_1_3-240x140.jpg\" class=\"attachment-thumbnail size-thumbnail\" alt=\"PD Patagonien 1\" \/><\/a>\r\n            <\/dt>\r\n                <dd class='gallery-caption'>\r\n                Estancia Penitente\r\n                <\/dd><\/dl><br style=\"clear: both\" \/><dl class='gallery-item'>\r\n            <dt class='gallery-icon'>\r\n                <a href='https:\/\/www.chile-reise.com\/wp-content\/uploads\/PD_Patagonien_1_4.jpg'><img loading=\"lazy\" decoding=\"async\" width=\"240\" height=\"140\" src=\"https:\/\/www.chile-reise.com\/wp-content\/uploads\/PD_Patagonien_1_4-240x140.jpg\" class=\"attachment-thumbnail size-thumbnail\" alt=\"PD Patagonien 1\" \/><\/a>\r\n            <\/dt>\r\n                <dd class='gallery-caption'>\r\n                Estancia Penitente\r\n                <\/dd><\/dl><dl class='gallery-item'>\r\n            <dt class='gallery-icon'>\r\n                <a href='https:\/\/www.chile-reise.com\/wp-content\/uploads\/PD_Patagonien_1_5.jpg'><img loading=\"lazy\" decoding=\"async\" width=\"240\" height=\"140\" src=\"https:\/\/www.chile-reise.com\/wp-content\/uploads\/PD_Patagonien_1_5-240x140.jpg\" class=\"attachment-thumbnail size-thumbnail\" alt=\"PD Patagonien 1\" \/><\/a>\r\n            <\/dt>\r\n                <dd class='gallery-caption'>\r\n                Estancia Penitente\r\n                <\/dd><\/dl>\r\n            <br style='clear: both;' \/>\r\n        <\/div>\n\n<div class=\"clear\"><\/div><div class=\"divider\"><\/div>\n<p><strong>Art der Reise:<\/strong> Kultur<br \/>\n<strong>Dauer:<\/strong> 1 Tag<\/p>\n\n\t<script type=\"text\/javascript\">\tjQuery(document).ready(function($){\tjQuery(\"ul.tabs-nav\").tabs(\"> .pane\"); }); <\/script>\n\n\t\t<div class=\"post-tabs\">\n\t\t\n<ul class=\"tabs-nav\">\n<li>Tourverlauf<\/li>\n<li>Anmerkungen<\/li>\n<\/ul>\n\n\t\t<div class=\"pane\">\n\t\t\nDie Estancia Penitente liegt n\u00f6rdlich von Punta Arenas und bringt Ihnen bei Ihrem Besuch die Vergangenheit und die Traditionen der Region  n\u00e4her. Seit ihrer Gr\u00fcndung ist die Estancia im Besitz der Nachfahren des Pioniers Alexander Morrison, der im Jahr 1881 den Grundstein gelegt hatte. Seit dieser Zeit wurde nur wenig ver\u00e4ndert, so dass das Gut den Zauber einer typischen patagoni-schen Farm aus dem 19. Jahrhundert am Leben erhalten konnte. Das gepflegte Landgut mit seinem imposanten Herrenhaus steht in interessantem Kontrast zur wilden Landschaft Patagoniens, die Ihren Entdeckergeist wecken wird.<br \/>\nNach einem herzlichen Empfang f\u00fchrt man Sie im Rahmen einer Vorf\u00fchrung in die Kunst des Schafescherens ein. Anschlie\u00dfend wird Ihnen auf der Estancia ein k\u00f6stliches Grillessen serviert mit dem typischen \u00abAsado Patagonico\u00bb.<br \/>\n\n\t\t<\/div>\n\t\n\n\t\t<div class=\"pane\">\n\t\t\nNur f\u00fcr Gruppen.<br \/>\nInformationen f\u00fcr Einzelreisende auf Anfrage.<br \/>\n\n\t\t<\/div>\n\t\n\n\t\t<\/div>\n\t<\/p>","protected":false},"excerpt":{"rendered":"<p>Art der Reise: Kultur Dauer: 1 Tag<\/p>\n","protected":false},"author":16,"featured_media":0,"parent":103,"menu_order":0,"comment_status":"open","ping_status":"open","template":"","meta":{"slim_seo":{"title":"Estancia Penitente Estancia Penitente - travelArt","description":"Estancia Penitente Estancia Penitente Estancia Penitente Estancia Penitente Estancia Penitente Art der Reise: Kultur Dauer: 1 Tag Tourverlauf Anmerkungen Die Es"},"footnotes":""},"class_list":["post-152","page","type-page","status-publish","hentry"],"_links":{"self":[{"href":"https:\/\/www.chile-reise.com\/de\/wp-json\/wp\/v2\/pages\/152","targetHints":{"allow":["GET"]}}],"collection":[{"href":"https:\/\/www.chile-reise.com\/de\/wp-json\/wp\/v2\/pages"}],"about":[{"href":"https:\/\/www.chile-reise.com\/de\/wp-json\/wp\/v2\/types\/page"}],"author":[{"embeddable":true,"href":"https:\/\/www.chile-reise.com\/de\/wp-json\/wp\/v2\/users\/16"}],"replies":[{"embeddable":true,"href":"https:\/\/www.chile-reise.com\/de\/wp-json\/wp\/v2\/comments?post=152"}],"version-history":[{"count":0,"href":"https:\/\/www.chile-reise.com\/de\/wp-json\/wp\/v2\/pages\/152\/revisions"}],"up":[{"embeddable":true,"href":"https:\/\/www.chile-reise.com\/de\/wp-json\/wp\/v2\/pages\/103"}],"wp:attachment":[{"href":"https:\/\/www.chile-reise.com\/de\/wp-json\/wp\/v2\/media?parent=152"}],"curies":[{"name":"wp","href":"https:\/\/api.w.org\/{rel}","templated":true}]}}