{"id":148,"date":"2013-07-02T21:37:42","date_gmt":"2013-07-02T19:37:42","guid":{"rendered":"http:\/\/www.chile-reise.com\/wordpress\/?page_id=148"},"modified":"2013-10-02T20:18:01","modified_gmt":"2013-10-02T18:18:01","slug":"bootsausflug-zu-den-drei-motus","status":"publish","type":"page","link":"https:\/\/www.chile-reise.com\/de\/packages-daytrips\/osterinsel\/bootsausflug-zu-den-drei-motus\/","title":{"rendered":"Bootsausflug zu den \u201eDrei Motus\u201c"},"content":{"rendered":"<p>\r\n        <style type='text\/css'>\r\n            #gallery-1 {\r\n                margin: auto;\r\n            }\r\n            #gallery-1 .gallery-item {\r\n                float: left;\r\n                margin-top: 10px;\r\n                text-align: center;\r\n                width: 33%;           }\r\n            #gallery-1 img {\r\n                border: 2px solid #cfcfcf;\r\n            }\r\n            #gallery-1 .gallery-caption {\r\n                margin-left: 0;\r\n            }\r\n        <\/style>\r\n        <!-- see gallery_shortcode() in wp-includes\/media.php -->\r\n        <div id='gallery-1' class='gallery-images gallery galleryid-148'><dl class='gallery-item'>\r\n            <dt class='gallery-icon'>\r\n                <a href='https:\/\/www.chile-reise.com\/wp-content\/uploads\/PD_Osterinsel_3_1.jpg'><img loading=\"lazy\" decoding=\"async\" width=\"240\" height=\"140\" src=\"https:\/\/www.chile-reise.com\/wp-content\/uploads\/PD_Osterinsel_3_1-240x140.jpg\" class=\"attachment-thumbnail size-thumbnail\" alt=\"PD Osterinsel 3\" \/><\/a>\r\n            <\/dt>\r\n                <dd class='gallery-caption'>\r\n                Bootsausflug zu den \u201eDrei Motus\u201c\r\n                <\/dd><\/dl><dl class='gallery-item'>\r\n            <dt class='gallery-icon'>\r\n                <a href='https:\/\/www.chile-reise.com\/wp-content\/uploads\/PD_Osterinsel_3_2.jpg'><img loading=\"lazy\" decoding=\"async\" width=\"240\" height=\"140\" src=\"https:\/\/www.chile-reise.com\/wp-content\/uploads\/PD_Osterinsel_3_2-240x140.jpg\" class=\"attachment-thumbnail size-thumbnail\" alt=\"PD Osterinsel 3\" \/><\/a>\r\n            <\/dt>\r\n                <dd class='gallery-caption'>\r\n                Bootsausflug zu den \u201eDrei Motus\u201c\r\n                <\/dd><\/dl>\r\n            <br style='clear: both;' \/>\r\n        <\/div>\n\n<div class=\"clear\"><\/div><div class=\"divider\"><\/div>\n<p><strong>Art der Reise:<\/strong> Natur<br \/>\n<strong>Dauer:<\/strong> 1 Tag<\/p>\n\n\t<script type=\"text\/javascript\">\tjQuery(document).ready(function($){\tjQuery(\"ul.tabs-nav\").tabs(\"> .pane\"); }); <\/script>\n\n\t\t<div class=\"post-tabs\">\n\t\t\n<ul class=\"tabs-nav\">\n<li>Tourverlauf<\/li>\n<\/ul>\n\n\t\t<div class=\"pane\">\n\t\t\nSie werden im Hotel abgeholt und zum Hafen Hanga Piko gebracht. Von dort aus beginnt die Bootsfahrt zu den vor Rapa Nui liegenden Inselchen Motu Iti, Motu Nui und Motu Kao Kao. Sie waren w\u00e4hrend des j\u00e4hrlichen Vogelmannkultes das Ziel der auserw\u00e4hlten jungen M\u00e4nner, die f\u00fcr ihren Clan um die Ehre k\u00e4mpften, den n\u00e4chsten K\u00f6nig von Rapa Nui zu stellen. Sieger war, wer schwimmend und kletternd das erste Schwalbenei des Jahres stahl und auf die Hauptinsel brachte. Vom Wasser aus k\u00f6nnen Sie die Zeremonienst\u00e4tte Orongo sehen, wo der Vogelmannkult abgehalten wurde. Von den Motus aus geht die Fahrt weiter die K\u00fcste entlang, an Hanga Roa vorbei und bis zum Ahu Tahai, dessen Moai, den Ozean im R\u00fccken, \u00fcber ihre Insel blicken. Hier werden Sie die gleiche Perspektive haben, wie die Seefahrer des 18. Jahrhunderts! Danach R\u00fcckfahrt zum Hafen und Transfer zum Hotel.<br \/>\n\n\t\t<\/div>\n\t\n\n\t\t<\/div>\n\t<\/p>","protected":false},"excerpt":{"rendered":"<p>Art der Reise: Natur Dauer: 1 Tag<\/p>\n","protected":false},"author":16,"featured_media":0,"parent":104,"menu_order":0,"comment_status":"open","ping_status":"open","template":"","meta":{"slim_seo":{"title":"Bootsausflug zu den \u201eDrei Motus\u201c Boat Trip to the \"Three Motus\" - travelArt","description":"Bootsausflug zu den \u201eDrei Motus\u201c Bootsausflug zu den \u201eDrei Motus\u201c Art der Reise: Natur Dauer: 1 Tag Tourverlauf Sie werden im Hotel abgeholt und zum Hafen Hanga"},"footnotes":""},"class_list":["post-148","page","type-page","status-publish","hentry"],"_links":{"self":[{"href":"https:\/\/www.chile-reise.com\/de\/wp-json\/wp\/v2\/pages\/148","targetHints":{"allow":["GET"]}}],"collection":[{"href":"https:\/\/www.chile-reise.com\/de\/wp-json\/wp\/v2\/pages"}],"about":[{"href":"https:\/\/www.chile-reise.com\/de\/wp-json\/wp\/v2\/types\/page"}],"author":[{"embeddable":true,"href":"https:\/\/www.chile-reise.com\/de\/wp-json\/wp\/v2\/users\/16"}],"replies":[{"embeddable":true,"href":"https:\/\/www.chile-reise.com\/de\/wp-json\/wp\/v2\/comments?post=148"}],"version-history":[{"count":0,"href":"https:\/\/www.chile-reise.com\/de\/wp-json\/wp\/v2\/pages\/148\/revisions"}],"up":[{"embeddable":true,"href":"https:\/\/www.chile-reise.com\/de\/wp-json\/wp\/v2\/pages\/104"}],"wp:attachment":[{"href":"https:\/\/www.chile-reise.com\/de\/wp-json\/wp\/v2\/media?parent=148"}],"curies":[{"name":"wp","href":"https:\/\/api.w.org\/{rel}","templated":true}]}}