{"id":146,"date":"2013-07-02T21:35:18","date_gmt":"2013-07-02T19:35:18","guid":{"rendered":"http:\/\/www.chile-reise.com\/wordpress\/?page_id=146"},"modified":"2013-11-19T16:06:00","modified_gmt":"2013-11-19T14:06:00","slug":"rapa-nui-highlights","status":"publish","type":"page","link":"https:\/\/www.chile-reise.com\/de\/packages-daytrips\/osterinsel\/rapa-nui-highlights\/","title":{"rendered":"Rapa Nui Highlights"},"content":{"rendered":"<p>\r\n        <style type='text\/css'>\r\n            #gallery-1 {\r\n                margin: auto;\r\n            }\r\n            #gallery-1 .gallery-item {\r\n                float: left;\r\n                margin-top: 10px;\r\n                text-align: center;\r\n                width: 33%;           }\r\n            #gallery-1 img {\r\n                border: 2px solid #cfcfcf;\r\n            }\r\n            #gallery-1 .gallery-caption {\r\n                margin-left: 0;\r\n            }\r\n        <\/style>\r\n        <!-- see gallery_shortcode() in wp-includes\/media.php -->\r\n        <div id='gallery-1' class='gallery-images gallery galleryid-146'><dl class='gallery-item'>\r\n            <dt class='gallery-icon'>\r\n                <a href='https:\/\/www.chile-reise.com\/wp-content\/uploads\/Orongo_Motus.jpg'><img loading=\"lazy\" decoding=\"async\" width=\"240\" height=\"140\" src=\"https:\/\/www.chile-reise.com\/wp-content\/uploads\/Orongo_Motus-240x140.jpg\" class=\"attachment-thumbnail size-thumbnail\" alt=\"Orongo Motus\" \/><\/a>\r\n            <\/dt>\r\n                <dd class='gallery-caption'>\r\n                Orongo Motus\r\n                <\/dd><\/dl><dl class='gallery-item'>\r\n            <dt class='gallery-icon'>\r\n                <a href='https:\/\/www.chile-reise.com\/wp-content\/uploads\/Rano-Kau.jpg'><img loading=\"lazy\" decoding=\"async\" width=\"240\" height=\"140\" src=\"https:\/\/www.chile-reise.com\/wp-content\/uploads\/Rano-Kau-240x140.jpg\" class=\"attachment-thumbnail size-thumbnail\" alt=\"Orongo\" \/><\/a>\r\n            <\/dt>\r\n                <dd class='gallery-caption'>\r\n                Rano Kau\r\n                <\/dd><\/dl><dl class='gallery-item'>\r\n            <dt class='gallery-icon'>\r\n                <a href='https:\/\/www.chile-reise.com\/wp-content\/uploads\/PD_Osterinsel_1_5.jpg'><img loading=\"lazy\" decoding=\"async\" width=\"240\" height=\"140\" src=\"https:\/\/www.chile-reise.com\/wp-content\/uploads\/PD_Osterinsel_1_5-240x140.jpg\" class=\"attachment-thumbnail size-thumbnail\" alt=\"PD Osterinsel 1\" \/><\/a>\r\n            <\/dt>\r\n                <dd class='gallery-caption'>\r\n                Te Pito o te Henua\r\n                <\/dd><\/dl><br style=\"clear: both\" \/><dl class='gallery-item'>\r\n            <dt class='gallery-icon'>\r\n                <a href='https:\/\/www.chile-reise.com\/wp-content\/uploads\/tahai.jpg'><img loading=\"lazy\" decoding=\"async\" width=\"240\" height=\"140\" src=\"https:\/\/www.chile-reise.com\/wp-content\/uploads\/tahai-240x140.jpg\" class=\"attachment-thumbnail size-thumbnail\" alt=\"Tahai\" \/><\/a>\r\n            <\/dt>\r\n                <dd class='gallery-caption'>\r\n                Tahai\r\n                <\/dd><\/dl><dl class='gallery-item'>\r\n            <dt class='gallery-icon'>\r\n                <a href='https:\/\/www.chile-reise.com\/wp-content\/uploads\/Rano-Raraku_-semi-terminado.jpg'><img loading=\"lazy\" decoding=\"async\" width=\"240\" height=\"140\" src=\"https:\/\/www.chile-reise.com\/wp-content\/uploads\/Rano-Raraku_-semi-terminado-240x140.jpg\" class=\"attachment-thumbnail size-thumbnail\" alt=\"Rano Raraku semi terminado\" \/><\/a>\r\n            <\/dt>\r\n                <dd class='gallery-caption'>\r\n                Rano Raraku\r\n                <\/dd><\/dl><dl class='gallery-item'>\r\n            <dt class='gallery-icon'>\r\n                <a href='https:\/\/www.chile-reise.com\/wp-content\/uploads\/Anakena-1.jpg'><img loading=\"lazy\" decoding=\"async\" width=\"240\" height=\"140\" src=\"https:\/\/www.chile-reise.com\/wp-content\/uploads\/Anakena-1-240x140.jpg\" class=\"attachment-thumbnail size-thumbnail\" alt=\"Anakena\" \/><\/a>\r\n            <\/dt>\r\n                <dd class='gallery-caption'>\r\n                Anakena 1\r\n                <\/dd><\/dl><br style=\"clear: both\" \/>\r\n            <br style='clear: both;' \/>\r\n        <\/div>\n\n<div class=\"clear\"><\/div><div class=\"divider\"><\/div>\n<p><strong>Art der Reise:<\/strong> Kultur<br \/>\n<strong>Dauer:<\/strong> 1 Tag<\/p>\n\n\t<script type=\"text\/javascript\">\tjQuery(document).ready(function($){\tjQuery(\"ul.tabs-nav\").tabs(\"> .pane\"); }); <\/script>\n\n\t\t<div class=\"post-tabs\">\n\t\t\n<ul class=\"tabs-nav\">\n<li>Tourverlauf<\/li>\n<\/ul>\n\n\t\t<div class=\"pane\">\n\t\t\nBei dieser Exkursion sind Sie den Geheimnissen der Rapa Nui Kultur auf der Spur. Zu Beginn besichtigen Sie die Moai-Plattformen Ahu Vaihu und  Ahu  Akahanga an der S\u00fcdk\u00fcste der Insel. Beide wurden nicht restauriert, ihre Moai liegen noch so am Boden, wie sie bei der mysteri\u00f6sen Zerst\u00f6rung der Kultst\u00e4tten gefallen sind. \u00dcber die Ahus, die eigentlichen Altarplattformen, auf denen die Moai aufgestellt wurden, ist mit der Zeit Gras gewachsen. Sp\u00e4ter fahren Sie weiter zum Rano Raraku, einem erloschenen Vulkan aus Tuffgestein. Es ist die vielleicht interessanteste Sehensw\u00fcrdigkeit der Insel, denn hier befindet sich der Steinbruch, in dem die Moais aus dem Fels geschlagen wurden. \u00dcberall an den Bergh\u00e4ngen des Vulkans liegen die gigantischen Figuren verstreut, fertig zum Abtransport, der nie erfolgte. Weiter oben findet man noch mehr Moais in verschiedensten Stadien der Fertigstellung, teilweise noch mit dem Fels verbunden, als w\u00e4ren sie von einem auf den anderen Tag verlassen worden.<\/p>\n<p>Weiter geht es zum Ahu Tongariki, dem gr\u00f6\u00dften und vielleicht sch\u00f6nsten der Ahus: 15 wieder aufgerichtete Moai trohnen auf ihm und schauen auf ihre Insel, den Ozean im R\u00fccken. Von dort aus fahren Sie Richtung Norden, zum Ahu Te Pito Kura. Hier befindet sich Te Pito Kura, (\u00abder rote Nabel\u00bb oder auch \u00abNabel der Welt\u00bb),  ein gro\u00dfer, runder, glatter Stein, angeblich mit magischen Kr\u00e4ften ausgestattet. Der Legende nach brachte ihn K\u00f6nig Hotu Matua h\u00f6chstpers\u00f6nlich bei der Erstbesiedlung der Osterinsel mit. <\/p>\n<p>Letzte Station dieses erlebnisreichen Tages ist der Strand Anakena, an dem K\u00f6nig Hotu Matua mit den ersten Siedlern an Land gegangen war. Hier k\u00f6nnen Sie im feinen wei\u00dfen Sand entspannen und ein erfrischendes Bad in den Wellen des Pazifik nehmen, bevor Sie zum Hotel zur\u00fcckgebracht werden.<br \/>\n\n\t\t<\/div>\n\t\n\n\t\t<\/div>\n\t<\/p>","protected":false},"excerpt":{"rendered":"<p>Art der Reise: Kultur Dauer: 1 Tag<\/p>\n","protected":false},"author":16,"featured_media":0,"parent":104,"menu_order":0,"comment_status":"open","ping_status":"open","template":"","meta":{"slim_seo":{"title":"Rapa Nui Highlights Rapa Nui Highlights - travelArt","description":"Orongo Motus Rano Kau Te Pito o te Henua Tahai Rano Raraku Anakena 1 Art der Reise: Kultur Dauer: 1 Tag Tourverlauf Bei dieser Exkursion sind Sie den Geheimniss"},"footnotes":""},"class_list":["post-146","page","type-page","status-publish","hentry"],"_links":{"self":[{"href":"https:\/\/www.chile-reise.com\/de\/wp-json\/wp\/v2\/pages\/146","targetHints":{"allow":["GET"]}}],"collection":[{"href":"https:\/\/www.chile-reise.com\/de\/wp-json\/wp\/v2\/pages"}],"about":[{"href":"https:\/\/www.chile-reise.com\/de\/wp-json\/wp\/v2\/types\/page"}],"author":[{"embeddable":true,"href":"https:\/\/www.chile-reise.com\/de\/wp-json\/wp\/v2\/users\/16"}],"replies":[{"embeddable":true,"href":"https:\/\/www.chile-reise.com\/de\/wp-json\/wp\/v2\/comments?post=146"}],"version-history":[{"count":0,"href":"https:\/\/www.chile-reise.com\/de\/wp-json\/wp\/v2\/pages\/146\/revisions"}],"up":[{"embeddable":true,"href":"https:\/\/www.chile-reise.com\/de\/wp-json\/wp\/v2\/pages\/104"}],"wp:attachment":[{"href":"https:\/\/www.chile-reise.com\/de\/wp-json\/wp\/v2\/media?parent=146"}],"curies":[{"name":"wp","href":"https:\/\/api.w.org\/{rel}","templated":true}]}}