{"id":142,"date":"2013-07-02T20:58:31","date_gmt":"2013-07-02T18:58:31","guid":{"rendered":"http:\/\/www.chile-reise.com\/wordpress\/?page_id=142"},"modified":"2013-10-02T20:01:37","modified_gmt":"2013-10-02T18:01:37","slug":"isla-damas","status":"publish","type":"page","link":"https:\/\/www.chile-reise.com\/de\/packages-daytrips\/kleiner-norden\/isla-damas\/","title":{"rendered":"Isla Damas"},"content":{"rendered":"<p>\r\n        <style type='text\/css'>\r\n            #gallery-1 {\r\n                margin: auto;\r\n            }\r\n            #gallery-1 .gallery-item {\r\n                float: left;\r\n                margin-top: 10px;\r\n                text-align: center;\r\n                width: 33%;           }\r\n            #gallery-1 img {\r\n                border: 2px solid #cfcfcf;\r\n            }\r\n            #gallery-1 .gallery-caption {\r\n                margin-left: 0;\r\n            }\r\n        <\/style>\r\n        <!-- see gallery_shortcode() in wp-includes\/media.php -->\r\n        <div id='gallery-1' class='gallery-images gallery galleryid-142'><dl class='gallery-item'>\r\n            <dt class='gallery-icon'>\r\n                <a href='https:\/\/www.chile-reise.com\/wp-content\/uploads\/PD_Kleiner-Norden_2_1.jpg'><img loading=\"lazy\" decoding=\"async\" width=\"240\" height=\"140\" src=\"https:\/\/www.chile-reise.com\/wp-content\/uploads\/PD_Kleiner-Norden_2_1-240x140.jpg\" class=\"attachment-thumbnail size-thumbnail\" alt=\"PD Kleiner Norden 2\" \/><\/a>\r\n            <\/dt>\r\n                <dd class='gallery-caption'>\r\n                Isla Damas\r\n                <\/dd><\/dl><dl class='gallery-item'>\r\n            <dt class='gallery-icon'>\r\n                <a href='https:\/\/www.chile-reise.com\/wp-content\/uploads\/PD_Kleiner-Norden_2_2.jpg'><img loading=\"lazy\" decoding=\"async\" width=\"240\" height=\"140\" src=\"https:\/\/www.chile-reise.com\/wp-content\/uploads\/PD_Kleiner-Norden_2_2-240x140.jpg\" class=\"attachment-thumbnail size-thumbnail\" alt=\"PD Kleiner Norden 2\" \/><\/a>\r\n            <\/dt>\r\n                <dd class='gallery-caption'>\r\n                Isla Damas\r\n                <\/dd><\/dl><dl class='gallery-item'>\r\n            <dt class='gallery-icon'>\r\n                <a href='https:\/\/www.chile-reise.com\/wp-content\/uploads\/PD_Kleiner-Norden_2_3.jpg'><img loading=\"lazy\" decoding=\"async\" width=\"240\" height=\"140\" src=\"https:\/\/www.chile-reise.com\/wp-content\/uploads\/PD_Kleiner-Norden_2_3-240x140.jpg\" class=\"attachment-thumbnail size-thumbnail\" alt=\"PD Kleiner Norden 2\" \/><\/a>\r\n            <\/dt>\r\n                <dd class='gallery-caption'>\r\n                Isla Damas\r\n                <\/dd><\/dl><br style=\"clear: both\" \/><dl class='gallery-item'>\r\n            <dt class='gallery-icon'>\r\n                <a href='https:\/\/www.chile-reise.com\/wp-content\/uploads\/PD_Kleiner-Norden_2_4.jpg'><img loading=\"lazy\" decoding=\"async\" width=\"240\" height=\"140\" src=\"https:\/\/www.chile-reise.com\/wp-content\/uploads\/PD_Kleiner-Norden_2_4-240x140.jpg\" class=\"attachment-thumbnail size-thumbnail\" alt=\"PD Kleiner Norden 2\" \/><\/a>\r\n            <\/dt>\r\n                <dd class='gallery-caption'>\r\n                Isla Damas\r\n                <\/dd><\/dl><dl class='gallery-item'>\r\n            <dt class='gallery-icon'>\r\n                <a href='https:\/\/www.chile-reise.com\/wp-content\/uploads\/PD_Kleiner-Norden_2_5.jpg'><img loading=\"lazy\" decoding=\"async\" width=\"240\" height=\"140\" src=\"https:\/\/www.chile-reise.com\/wp-content\/uploads\/PD_Kleiner-Norden_2_5-240x140.jpg\" class=\"attachment-thumbnail size-thumbnail\" alt=\"PD Kleiner Norden 2\" \/><\/a>\r\n            <\/dt>\r\n                <dd class='gallery-caption'>\r\n                Isla Damas\r\n                <\/dd><\/dl>\r\n            <br style='clear: both;' \/>\r\n        <\/div>\n\n<div class=\"clear\"><\/div><div class=\"divider\"><\/div>\n<p><strong>Art der Reise:<\/strong> Natur<br \/>\n<strong>Dauer:<\/strong> 1 Tag<\/p>\n\n\t<script type=\"text\/javascript\">\tjQuery(document).ready(function($){\tjQuery(\"ul.tabs-nav\").tabs(\"> .pane\"); }); <\/script>\n\n\t\t<div class=\"post-tabs\">\n\t\t\n<ul class=\"tabs-nav\">\n<li>Tourverlauf<\/li>\n<li>Ausr\u00fcstung<\/li>\n<\/ul>\n\n\t\t<div class=\"pane\">\n\t\t\nDieser faszinierende Ganztagesausflug ist ideal f\u00fcr Naturliebhaber und Abenteuerlustige: Sie fahren von La Serena in Richtung Norden bis zu der kleinen Bucht \u00abLos Choros\u00bb im Gebiet des Humboldt-Pinguin-Naturreservates. Dort steigen Sie in kleine Boote um und fahren bis zur Isla Damas.  Auf dem Weg dorthin kommen Sie an mehreren kleinen Inseln vorbei, auf denen Humboldt-Pinguine, Seel\u00f6wen und Kormorane wohnen, die sie vom Boot aus in Ihrer nat\u00fcrlichen Umgebung beobachten k\u00f6nnen. Auf der unbewohnten Isla Damas angekommen, k\u00f6nnen Sie sich am wei\u00dfen Sandstrand ausruhen oder eine Picknickpause einlegen und danach einen Spaziergang unternehmen. Highlight des Tages sind die Delfine, die nahe der Insel leben und sich mit etwas Gl\u00fcck w\u00e4hrend der Hin- und R\u00fcckfahrt beobachten lassen. R\u00fcckfahrt nach La Serena gegen Abend.<br \/>\n\n\t\t<\/div>\n\t\n\n\t\t<div class=\"pane\">\n\t\t\nRettungswesten werden vor Ort gestellt. Eine wasserdichte Jacke wird empfohlen.<br \/>\n\n\t\t<\/div>\n\t\n\n\t\t<\/div>\n\t<\/p>","protected":false},"excerpt":{"rendered":"<p>Art der Reise: Natur Dauer: 1 Tag<\/p>\n","protected":false},"author":16,"featured_media":0,"parent":98,"menu_order":0,"comment_status":"open","ping_status":"open","template":"","meta":{"slim_seo":{"title":"Isla Damas Isla Damas - travelArt","description":"Isla Damas Isla Damas Isla Damas Isla Damas Isla Damas Art der Reise: Natur Dauer: 1 Tag Tourverlauf Ausr\u00fcstung Dieser faszinierende Ganztagesausflug ist ideal"},"footnotes":""},"class_list":["post-142","page","type-page","status-publish","hentry"],"_links":{"self":[{"href":"https:\/\/www.chile-reise.com\/de\/wp-json\/wp\/v2\/pages\/142","targetHints":{"allow":["GET"]}}],"collection":[{"href":"https:\/\/www.chile-reise.com\/de\/wp-json\/wp\/v2\/pages"}],"about":[{"href":"https:\/\/www.chile-reise.com\/de\/wp-json\/wp\/v2\/types\/page"}],"author":[{"embeddable":true,"href":"https:\/\/www.chile-reise.com\/de\/wp-json\/wp\/v2\/users\/16"}],"replies":[{"embeddable":true,"href":"https:\/\/www.chile-reise.com\/de\/wp-json\/wp\/v2\/comments?post=142"}],"version-history":[{"count":0,"href":"https:\/\/www.chile-reise.com\/de\/wp-json\/wp\/v2\/pages\/142\/revisions"}],"up":[{"embeddable":true,"href":"https:\/\/www.chile-reise.com\/de\/wp-json\/wp\/v2\/pages\/98"}],"wp:attachment":[{"href":"https:\/\/www.chile-reise.com\/de\/wp-json\/wp\/v2\/media?parent=142"}],"curies":[{"name":"wp","href":"https:\/\/api.w.org\/{rel}","templated":true}]}}