{"id":141,"date":"2013-07-02T20:57:10","date_gmt":"2013-07-02T18:57:10","guid":{"rendered":"http:\/\/www.chile-reise.com\/wordpress\/?page_id=141"},"modified":"2014-06-16T23:15:54","modified_gmt":"2014-06-16T21:15:54","slug":"citytour-la-serena","status":"publish","type":"page","link":"https:\/\/www.chile-reise.com\/de\/packages-daytrips\/kleiner-norden\/citytour-la-serena\/","title":{"rendered":"Citytour La Serena"},"content":{"rendered":"<p>\r\n        <style type='text\/css'>\r\n            #gallery-1 {\r\n                margin: auto;\r\n            }\r\n            #gallery-1 .gallery-item {\r\n                float: left;\r\n                margin-top: 10px;\r\n                text-align: center;\r\n                width: 33%;           }\r\n            #gallery-1 img {\r\n                border: 2px solid #cfcfcf;\r\n            }\r\n            #gallery-1 .gallery-caption {\r\n                margin-left: 0;\r\n            }\r\n        <\/style>\r\n        <!-- see gallery_shortcode() in wp-includes\/media.php -->\r\n        <div id='gallery-1' class='gallery-images gallery galleryid-141'><dl class='gallery-item'>\r\n            <dt class='gallery-icon'>\r\n                <a href='https:\/\/www.chile-reise.com\/wp-content\/uploads\/PD_Kleiner-Norden_1_1.jpg'><img loading=\"lazy\" decoding=\"async\" width=\"240\" height=\"140\" src=\"https:\/\/www.chile-reise.com\/wp-content\/uploads\/PD_Kleiner-Norden_1_1-240x140.jpg\" class=\"attachment-thumbnail size-thumbnail\" alt=\"PD Kleiner Norden 1\" \/><\/a>\r\n            <\/dt>\r\n                <dd class='gallery-caption'>\r\n                Citytour La Serena\r\n                <\/dd><\/dl><dl class='gallery-item'>\r\n            <dt class='gallery-icon'>\r\n                <a href='https:\/\/www.chile-reise.com\/wp-content\/uploads\/PD_Kleiner-Norden_1_2.jpg'><img loading=\"lazy\" decoding=\"async\" width=\"240\" height=\"140\" src=\"https:\/\/www.chile-reise.com\/wp-content\/uploads\/PD_Kleiner-Norden_1_2-240x140.jpg\" class=\"attachment-thumbnail size-thumbnail\" alt=\"PD Kleiner Norden 1\" \/><\/a>\r\n            <\/dt>\r\n                <dd class='gallery-caption'>\r\n                Citytour La Serena\r\n                <\/dd><\/dl><dl class='gallery-item'>\r\n            <dt class='gallery-icon'>\r\n                <a href='https:\/\/www.chile-reise.com\/wp-content\/uploads\/PD_Kleiner-Norden_1_3.jpg'><img loading=\"lazy\" decoding=\"async\" width=\"240\" height=\"140\" src=\"https:\/\/www.chile-reise.com\/wp-content\/uploads\/PD_Kleiner-Norden_1_3-240x140.jpg\" class=\"attachment-thumbnail size-thumbnail\" alt=\"PD Kleiner Norden 1\" \/><\/a>\r\n            <\/dt>\r\n                <dd class='gallery-caption'>\r\n                Citytour La Serena\r\n                <\/dd><\/dl><br style=\"clear: both\" \/><dl class='gallery-item'>\r\n            <dt class='gallery-icon'>\r\n                <a href='https:\/\/www.chile-reise.com\/wp-content\/uploads\/PD_Kleiner-Norden_1_4.jpg'><img loading=\"lazy\" decoding=\"async\" width=\"240\" height=\"140\" src=\"https:\/\/www.chile-reise.com\/wp-content\/uploads\/PD_Kleiner-Norden_1_4-240x140.jpg\" class=\"attachment-thumbnail size-thumbnail\" alt=\"PD Kleiner Norden 1\" \/><\/a>\r\n            <\/dt>\r\n                <dd class='gallery-caption'>\r\n                Citytour La Serena\r\n                <\/dd><\/dl><dl class='gallery-item'>\r\n            <dt class='gallery-icon'>\r\n                <a href='https:\/\/www.chile-reise.com\/wp-content\/uploads\/PD_Kleiner-Norden_1_5.jpg'><img loading=\"lazy\" decoding=\"async\" width=\"240\" height=\"140\" src=\"https:\/\/www.chile-reise.com\/wp-content\/uploads\/PD_Kleiner-Norden_1_5-240x140.jpg\" class=\"attachment-thumbnail size-thumbnail\" alt=\"PD Kleiner Norden 1\" \/><\/a>\r\n            <\/dt>\r\n                <dd class='gallery-caption'>\r\n                Citytour La Serena\r\n                <\/dd><\/dl>\r\n            <br style='clear: both;' \/>\r\n        <\/div>\n\n<div class=\"clear\"><\/div><div class=\"divider\"><\/div>\n<p><strong>Art der Reise:<\/strong> Kultur<br \/>\n<strong>Dauer:<\/strong> 1 Tag<\/p>\n\n\t<script type=\"text\/javascript\">\tjQuery(document).ready(function($){\tjQuery(\"ul.tabs-nav\").tabs(\"> .pane\"); }); <\/script>\n\n\t\t<div class=\"post-tabs\">\n\t\t\n<ul class=\"tabs-nav\">\n<li>Tourverlauf<\/li>\n<\/ul>\n\n\t\t<div class=\"pane\">\n\t\t\nLernen Sie Coquimbo und La Serena bei einer Stadtrundfahrt kennen. Sie werden an Ihrem Hotel abgeholt und besichtigen dann die beiden K\u00fcstenst\u00e4dte. Coquimbo besticht mit seinem seinem traditionellen Fisch- und Meeresfr\u00fcchte-Markt und tollen Str\u00e4nden von wo aus Sie durch das Stadtzentrum zum nahegelegenen Resort La Herradura an der Guayacan Bucht fahren. Bei einem Fotostop erz\u00e4hlt Ihnen Ihr Reiseleiter die Piratenlegenden aus vergangenen Zeiten.<br \/>\nLa Serena, n\u00f6rdlich von Coquimbo gelegen gilt als eine der eine der sch\u00f6nsten St\u00e4dte Chiles, denn hier hier wurde es dank des \u201ePlan La Serena\u201c erreicht, Wachstum und Modernisierung der Stadt mit dem Erhalt ihres reichen architektonischen Erbes in Einklang zu bringen, so dass nun ein ganz eigener Stil diese Stadt auszeichnet. Die Tour f\u00fchrt Sie auch zum Wahrzeichen von La Serena, dem Leuchtturm am Strand und der im Sommer sehr belebten Strandpromenade. Sie fahren ins Stadtzentrum und zur Plaza de Armas mit der sch\u00f6nen Kathedrale und besuchen zun\u00e4chst das arch\u00e4ologische Museum, wo Sie einen guten Einblick in die Kulturen der pr\u00e4hispanischen Zeit bekommen. Danach geht es weiter zum sch\u00f6nen Handwerkermarkt \u201eLa Recova\u201c und auf den Universit\u00e4tsh\u00fcgel, von wo aus Sie einen sch\u00f6nen Blick \u00fcber La Serena und die Bucht von\u00a0Coquimbo haben.<br \/>\nR\u00fcckfahrt zum Hotel.<br \/>\n\n\t\t<\/div>\n\t\n\n\t\t<\/div>\n\t<\/p>","protected":false},"excerpt":{"rendered":"<p>Art der Reise: Kultur Dauer: 1 Tag<\/p>\n","protected":false},"author":16,"featured_media":0,"parent":98,"menu_order":0,"comment_status":"open","ping_status":"open","template":"","meta":{"slim_seo":{"title":"Citytour La Serena City Tour La Serena - travelArt","description":"Citytour La Serena Citytour La Serena Citytour La Serena Citytour La Serena Citytour La Serena Art der Reise: Kultur Dauer: 1 Tag Tourverlauf Lernen Sie Coquimb"},"footnotes":""},"class_list":["post-141","page","type-page","status-publish","hentry"],"_links":{"self":[{"href":"https:\/\/www.chile-reise.com\/de\/wp-json\/wp\/v2\/pages\/141","targetHints":{"allow":["GET"]}}],"collection":[{"href":"https:\/\/www.chile-reise.com\/de\/wp-json\/wp\/v2\/pages"}],"about":[{"href":"https:\/\/www.chile-reise.com\/de\/wp-json\/wp\/v2\/types\/page"}],"author":[{"embeddable":true,"href":"https:\/\/www.chile-reise.com\/de\/wp-json\/wp\/v2\/users\/16"}],"replies":[{"embeddable":true,"href":"https:\/\/www.chile-reise.com\/de\/wp-json\/wp\/v2\/comments?post=141"}],"version-history":[{"count":0,"href":"https:\/\/www.chile-reise.com\/de\/wp-json\/wp\/v2\/pages\/141\/revisions"}],"up":[{"embeddable":true,"href":"https:\/\/www.chile-reise.com\/de\/wp-json\/wp\/v2\/pages\/98"}],"wp:attachment":[{"href":"https:\/\/www.chile-reise.com\/de\/wp-json\/wp\/v2\/media?parent=141"}],"curies":[{"name":"wp","href":"https:\/\/api.w.org\/{rel}","templated":true}]}}