{"id":133,"date":"2013-07-02T20:49:34","date_gmt":"2013-07-02T18:49:34","guid":{"rendered":"http:\/\/www.chile-reise.com\/wordpress\/?page_id=133"},"modified":"2013-10-02T20:10:55","modified_gmt":"2013-10-02T18:10:55","slug":"abenteuer-eis-laguna-san-rafael-mit-uebernachtung-vor-dem-gletscher","status":"publish","type":"page","link":"https:\/\/www.chile-reise.com\/de\/packages-daytrips\/carretera-austral\/abenteuer-eis-laguna-san-rafael-mit-uebernachtung-vor-dem-gletscher\/","title":{"rendered":"Abenteuer Eis &#8211; Laguna San Rafael mit \u00dcbernachtung vor dem Gletscher"},"content":{"rendered":"<p>\r\n        <style type='text\/css'>\r\n            #gallery-1 {\r\n                margin: auto;\r\n            }\r\n            #gallery-1 .gallery-item {\r\n                float: left;\r\n                margin-top: 10px;\r\n                text-align: center;\r\n                width: 33%;           }\r\n            #gallery-1 img {\r\n                border: 2px solid #cfcfcf;\r\n            }\r\n            #gallery-1 .gallery-caption {\r\n                margin-left: 0;\r\n            }\r\n        <\/style>\r\n        <!-- see gallery_shortcode() in wp-includes\/media.php -->\r\n        <div id='gallery-1' class='gallery-images gallery galleryid-133'><dl class='gallery-item'>\r\n            <dt class='gallery-icon'>\r\n                <a href='https:\/\/www.chile-reise.com\/wp-content\/uploads\/PD_Carretera-Austral_3_1.jpg'><img loading=\"lazy\" decoding=\"async\" width=\"240\" height=\"140\" src=\"https:\/\/www.chile-reise.com\/wp-content\/uploads\/PD_Carretera-Austral_3_1-240x140.jpg\" class=\"attachment-thumbnail size-thumbnail\" alt=\"PD Carretera Austral 3\" \/><\/a>\r\n            <\/dt>\r\n                <dd class='gallery-caption'>\r\n                Abenteuer Eis \u2013 Laguna San Rafael mit \u00dcbernachtung vor dem Gletscher\r\n                <\/dd><\/dl><dl class='gallery-item'>\r\n            <dt class='gallery-icon'>\r\n                <a href='https:\/\/www.chile-reise.com\/wp-content\/uploads\/PD_Carretera-Austral_3_2.jpg'><img loading=\"lazy\" decoding=\"async\" width=\"240\" height=\"140\" src=\"https:\/\/www.chile-reise.com\/wp-content\/uploads\/PD_Carretera-Austral_3_2-240x140.jpg\" class=\"attachment-thumbnail size-thumbnail\" alt=\"PD Carretera Austral 3\" \/><\/a>\r\n            <\/dt>\r\n                <dd class='gallery-caption'>\r\n                Abenteuer Eis \u2013 Laguna San Rafael mit \u00dcbernachtung vor dem Gletscher\r\n                <\/dd><\/dl><dl class='gallery-item'>\r\n            <dt class='gallery-icon'>\r\n                <a href='https:\/\/www.chile-reise.com\/wp-content\/uploads\/PD_Carretera-Austral_3_3.jpg'><img loading=\"lazy\" decoding=\"async\" width=\"240\" height=\"140\" src=\"https:\/\/www.chile-reise.com\/wp-content\/uploads\/PD_Carretera-Austral_3_3-240x140.jpg\" class=\"attachment-thumbnail size-thumbnail\" alt=\"PD Carretera Austral 3\" \/><\/a>\r\n            <\/dt>\r\n                <dd class='gallery-caption'>\r\n                Abenteuer Eis \u2013 Laguna San Rafael mit \u00dcbernachtung vor dem Gletscher\r\n                <\/dd><\/dl><br style=\"clear: both\" \/><dl class='gallery-item'>\r\n            <dt class='gallery-icon'>\r\n                <a href='https:\/\/www.chile-reise.com\/wp-content\/uploads\/PD_Carretera-Austral_3_4.jpg'><img loading=\"lazy\" decoding=\"async\" width=\"240\" height=\"140\" src=\"https:\/\/www.chile-reise.com\/wp-content\/uploads\/PD_Carretera-Austral_3_4-240x140.jpg\" class=\"attachment-thumbnail size-thumbnail\" alt=\"PD Carretera Austral 3\" \/><\/a>\r\n            <\/dt>\r\n                <dd class='gallery-caption'>\r\n                Abenteuer Eis \u2013 Laguna San Rafael mit \u00dcbernachtung vor dem Gletscher\r\n                <\/dd><\/dl><dl class='gallery-item'>\r\n            <dt class='gallery-icon'>\r\n                <a href='https:\/\/www.chile-reise.com\/wp-content\/uploads\/PD_Carretera-Austral_3_5.jpg'><img loading=\"lazy\" decoding=\"async\" width=\"240\" height=\"140\" src=\"https:\/\/www.chile-reise.com\/wp-content\/uploads\/PD_Carretera-Austral_3_5-240x140.jpg\" class=\"attachment-thumbnail size-thumbnail\" alt=\"PD Carretera Austral 3\" \/><\/a>\r\n            <\/dt>\r\n                <dd class='gallery-caption'>\r\n                Abenteuer Eis \u2013 Laguna San Rafael mit \u00dcbernachtung vor dem Gletscher\r\n                <\/dd><\/dl>\r\n            <br style='clear: both;' \/>\r\n        <\/div>\n\n<div class=\"clear\"><\/div><div class=\"divider\"><\/div>\n<p><strong>Art der Reise:<\/strong> Aktiv<br \/>\n<strong>Dauer:<\/strong> 4 Tage<\/p>\n\n\t<script type=\"text\/javascript\">\tjQuery(document).ready(function($){\tjQuery(\"ul.tabs-nav\").tabs(\"> .pane\"); }); <\/script>\n\n\t\t<div class=\"post-tabs\">\n\t\t\n<ul class=\"tabs-nav\">\n<li>Tourverlauf<\/li>\n<li>Ausr\u00fcstung<\/li>\n<li>Anmerkungen<\/li>\n<\/ul>\n\n\t\t<div class=\"pane\">\n\t\t\n<strong>1. Tag (Donnerstag) &#8211; Coyhaique &#8211; Puerto Rio Tranquilo<\/strong><br \/>\nTransfer von Coyhaique oder vom Flughafen Balmaceda nach Puerto Tranquilo durch die wundersch\u00f6ne Landschaft Patagoniens. Am Aussichtspunkt des Cerro Castillo \u00abSchlossberg\u00bb wird eine Pause eingelegt, um den beindruckenden Berg auf Fotos festzuhalten. Von Puerto Tranquilo aus besuchen Sie die Capillas de Marmol (\u00abMarmorkathedralen\u00bb),  ein  Kunstwerk der Natur: Das glasklare Wasser des General Carrera-See und die Zeit haben Figuren und Pfeiler aus dem Fels gewaschen und ein erstaunliches Monument entstehen lassen: ein kathedralen\u00e4hnliches Marmorgew\u00f6lbe auf schmalen S\u00e4ulen. \u00dcbernachtung in der Hoster\u00eda Costanera, Puerto Tranquilo.<\/p>\n<p><strong>2. Tag (Freitag) &#8211; Puerto Rio Tranquilo &#8211; Laguna San Rafael<\/strong><br \/>\nSehr fr\u00fch am Morgen startet der Transfer zur ca. 80km entfernten Bahia Exploradores. Die Fahrt geht durch fast  unber\u00fchrte W\u00e4lder, vorbei an Fl\u00fcssen und Wasserf\u00e4llen. Von der Bahia Exploradores aus fahren Sie mit dem Boot ca. drei Stunden lang durch fantastische, mit Regenwald dicht bewachsene Fjorde bis zur spektakul\u00e4ren Laguna San Rafael, wo sich der gleichnamige Gletscher steil aus dem Wasser erhebt.  Eine zweist\u00fcndige Wanderung gef\u00fchrt von erfahrenen Reiseleitern bringt Sie zu einem Aussichtspunkt gegen\u00fcber dem Gletscher. Hier sehen Sie den Eisriesen weitab der \u00fcblichen Route aus einem einzigartigen Blickwinkel. \u00dcbernachtung in gut ausgestatteten und geheizten Domo-Zelten.<\/p>\n<p><strong>3. Tag (Samstag) &#8211; Kayaktour Laguna San Rafael<\/strong><br \/>\nNach dem Fr\u00fchst\u00fcck kann, wer m\u00f6chte, eine Kayakausr\u00fcstung  anlegen und nach einer kleinen Einweisung durch die Reiseleiter zu einer Kayaktour auf der Lagune starten. Bei diesem Abenteuer kommen Sie in n\u00e4chste N\u00e4he des Gletschers und k\u00f6nnen unter der Gletscherwand zwischen den Eisbergen umherpaddeln &#8211; ein einziartiges Erlebnis! Nach der Kayaktour geht es per Boot wieder zur\u00fcck nach Bah\u00eda Exploradores und Puerto Tranquilo. \u00dcbernachtung in der Hoster\u00eda Costanera, Puerto Tranquilo.<\/p>\n<p><strong>4. Tag (Sonntag) &#8211; Laguna San Rafael &#8211; Coihayque<\/strong><br \/>\nR\u00fcckfahrt zum Flughafen Balmaceda oder Coyhaique. Unterwegs besuchen Sie die arch\u00e4ologische St\u00e4tte \u00abAlero las Manos\u00bb, wo es interessante pr\u00e4historische Felszeichnungen zu sehen gibt.<br \/>\n\n\t\t<\/div>\n\t\n\n\t\t<div class=\"pane\">\n\t\t\nKayakausr\u00fcstung wird gestellt.<br \/>\nBitte denken sie an Winter- und Regenkleidung sowie Sonnenschutz.<br \/>\n\n\t\t<\/div>\n\t\n\n\t\t<div class=\"pane\">\n\t\t\nPassagiere, die am Starttag am Flughafen Balmaceda ankommen, m\u00fcssen den ersten Direktflug Santiago-Balmaceda des Morgens nehmen! Ansonsten kommen sie zu sp\u00e4t zum Start des Programms. Es ist sicherer, schon am Mittwoch in Coyhaique anzukommen und eine zus\u00e4tzliche Nacht dort zu bleiben.<\/p>\n<p>Die Wanderung und die Kayaktour der Tage 2 und 3 k\u00f6nnen auf Grund von Witterungsbedingungen getauscht werden.<\/p>\n<p>Der R\u00fcckflug kann nicht vor 17:00 stattfinden.<\/p>\n<p>Sollten die klimatischen Bedingungen eine Bootsfahrt zum Gletscher nicht erlauben, wird der 2.Tag durch einen Besuch des Exploradores-Gletschers und der 3. Tag durch eine Raftingtour auf dem Fluss Baker ersetzt.<br \/>\n\n\t\t<\/div>\n\t\n\n\t\t<\/div>\n\t<\/p>","protected":false},"excerpt":{"rendered":"<p>Art der Reise: Aktiv Dauer: 4 Tage<\/p>\n","protected":false},"author":16,"featured_media":0,"parent":102,"menu_order":0,"comment_status":"open","ping_status":"open","template":"","meta":{"slim_seo":{"title":"Abenteuer Eis - Laguna San Rafael mit \u00dcbernachtung vor dem Gletscher Ice Adventure - Laguna San Rafael with Overnight Stay near the Gleacier - travelArt","description":"Abenteuer Eis \u2013 Laguna San Rafael mit \u00dcbernachtung vor dem Gletscher Abenteuer Eis \u2013 Laguna San Rafael mit \u00dcbernachtung vor dem Gletscher Abenteuer Eis \u2013 Laguna"},"footnotes":""},"class_list":["post-133","page","type-page","status-publish","hentry"],"_links":{"self":[{"href":"https:\/\/www.chile-reise.com\/de\/wp-json\/wp\/v2\/pages\/133","targetHints":{"allow":["GET"]}}],"collection":[{"href":"https:\/\/www.chile-reise.com\/de\/wp-json\/wp\/v2\/pages"}],"about":[{"href":"https:\/\/www.chile-reise.com\/de\/wp-json\/wp\/v2\/types\/page"}],"author":[{"embeddable":true,"href":"https:\/\/www.chile-reise.com\/de\/wp-json\/wp\/v2\/users\/16"}],"replies":[{"embeddable":true,"href":"https:\/\/www.chile-reise.com\/de\/wp-json\/wp\/v2\/comments?post=133"}],"version-history":[{"count":0,"href":"https:\/\/www.chile-reise.com\/de\/wp-json\/wp\/v2\/pages\/133\/revisions"}],"up":[{"embeddable":true,"href":"https:\/\/www.chile-reise.com\/de\/wp-json\/wp\/v2\/pages\/102"}],"wp:attachment":[{"href":"https:\/\/www.chile-reise.com\/de\/wp-json\/wp\/v2\/media?parent=133"}],"curies":[{"name":"wp","href":"https:\/\/api.w.org\/{rel}","templated":true}]}}