{"id":131,"date":"2013-07-02T20:41:17","date_gmt":"2013-07-02T18:41:17","guid":{"rendered":"http:\/\/www.chile-reise.com\/wordpress\/?page_id=131"},"modified":"2014-06-18T23:24:28","modified_gmt":"2014-06-18T21:24:28","slug":"trekking-cerro-castillo","status":"publish","type":"page","link":"https:\/\/www.chile-reise.com\/de\/packages-daytrips\/carretera-austral\/trekking-cerro-castillo\/","title":{"rendered":"Trekking Cerro Castillo"},"content":{"rendered":"<p>\r\n        <style type='text\/css'>\r\n            #gallery-1 {\r\n                margin: auto;\r\n            }\r\n            #gallery-1 .gallery-item {\r\n                float: left;\r\n                margin-top: 10px;\r\n                text-align: center;\r\n                width: 33%;           }\r\n            #gallery-1 img {\r\n                border: 2px solid #cfcfcf;\r\n            }\r\n            #gallery-1 .gallery-caption {\r\n                margin-left: 0;\r\n            }\r\n        <\/style>\r\n        <!-- see gallery_shortcode() in wp-includes\/media.php -->\r\n        <div id='gallery-1' class='gallery-images gallery galleryid-131'><dl class='gallery-item'>\r\n            <dt class='gallery-icon'>\r\n                <a href='https:\/\/www.chile-reise.com\/wp-content\/uploads\/PD_Carretera-Austral_2_1.jpg'><img loading=\"lazy\" decoding=\"async\" width=\"240\" height=\"140\" src=\"https:\/\/www.chile-reise.com\/wp-content\/uploads\/PD_Carretera-Austral_2_1-240x140.jpg\" class=\"attachment-thumbnail size-thumbnail\" alt=\"PD Carretera Austral 2\" \/><\/a>\r\n            <\/dt>\r\n                <dd class='gallery-caption'>\r\n                Trekking Cerro Castillo\r\n                <\/dd><\/dl><dl class='gallery-item'>\r\n            <dt class='gallery-icon'>\r\n                <a href='https:\/\/www.chile-reise.com\/wp-content\/uploads\/PD_Carretera-Austral_2_2.jpg'><img loading=\"lazy\" decoding=\"async\" width=\"240\" height=\"140\" src=\"https:\/\/www.chile-reise.com\/wp-content\/uploads\/PD_Carretera-Austral_2_2-240x140.jpg\" class=\"attachment-thumbnail size-thumbnail\" alt=\"PD Carretera Austral 2\" \/><\/a>\r\n            <\/dt>\r\n                <dd class='gallery-caption'>\r\n                Trekking Cerro Castillo\r\n                <\/dd><\/dl><dl class='gallery-item'>\r\n            <dt class='gallery-icon'>\r\n                <a href='https:\/\/www.chile-reise.com\/wp-content\/uploads\/PD_Carretera-Austral_2_3.jpg'><img loading=\"lazy\" decoding=\"async\" width=\"240\" height=\"140\" src=\"https:\/\/www.chile-reise.com\/wp-content\/uploads\/PD_Carretera-Austral_2_3-240x140.jpg\" class=\"attachment-thumbnail size-thumbnail\" alt=\"PD Carretera Austral 2\" \/><\/a>\r\n            <\/dt>\r\n                <dd class='gallery-caption'>\r\n                Trekking Cerro Castillo\r\n                <\/dd><\/dl><br style=\"clear: both\" \/><dl class='gallery-item'>\r\n            <dt class='gallery-icon'>\r\n                <a href='https:\/\/www.chile-reise.com\/wp-content\/uploads\/PD_Carretera-Austral_2_4.jpg'><img loading=\"lazy\" decoding=\"async\" width=\"240\" height=\"140\" src=\"https:\/\/www.chile-reise.com\/wp-content\/uploads\/PD_Carretera-Austral_2_4-240x140.jpg\" class=\"attachment-thumbnail size-thumbnail\" alt=\"PD Carretera Austral 2\" \/><\/a>\r\n            <\/dt>\r\n                <dd class='gallery-caption'>\r\n                Trekking Cerro Castillo\r\n                <\/dd><\/dl><dl class='gallery-item'>\r\n            <dt class='gallery-icon'>\r\n                <a href='https:\/\/www.chile-reise.com\/wp-content\/uploads\/PD_Carretera-Austral_2_5.jpg'><img loading=\"lazy\" decoding=\"async\" width=\"240\" height=\"140\" src=\"https:\/\/www.chile-reise.com\/wp-content\/uploads\/PD_Carretera-Austral_2_5-240x140.jpg\" class=\"attachment-thumbnail size-thumbnail\" alt=\"PD Carretera Austral 2\" \/><\/a>\r\n            <\/dt>\r\n                <dd class='gallery-caption'>\r\n                Trekking Cerro Castillo\r\n                <\/dd><\/dl>\r\n            <br style='clear: both;' \/>\r\n        <\/div>\n\n<div class=\"clear\"><\/div><div class=\"divider\"><\/div>\n<p><strong>Art der Reise:<\/strong> Trekking<br \/>\n<strong>Dauer:<\/strong> 4 Tage<\/p>\n\n\t<script type=\"text\/javascript\">\tjQuery(document).ready(function($){\tjQuery(\"ul.tabs-nav\").tabs(\"> .pane\"); }); <\/script>\n\n\t\t<div class=\"post-tabs\">\n\t\t\n<ul class=\"tabs-nav\">\n<li>Tourverlauf<\/li>\n<li>Leistung<\/li>\n<li>Ausr\u00fcstung<\/li>\n<li>Anmerkungen<\/li>\n<\/ul>\n\n\t\t<div class=\"pane\">\n\t\t\n<strong>1.Tag &#8211; Coyhaique &#8211; Cerro Castillo Nationalpark<\/strong><br \/>\nTransfer von Coyhaique s\u00fcdw\u00e4rts zum Ausgangspunkt der  Wanderung. Der Nationalpark ist nach dem Cerro Castillo, (\u00abSchlossberg\u00bb) benannt. Er bekam seinen Namen auf Grund seiner vielen Spitzen, die an T\u00fcrme und Zinnen eines Schlosses erinnern. Der erste Teil des  Weges ist ein leicht ansteigender Spaziergang von 5-6 Stunden. Er  f\u00fchrt entlang des Lima-Tales, wo Sie Gletscher und hohe Bergzinnen bewundern k\u00f6nnen. \u00dcbernachtung im Camp am Fluss Turbio.<\/p>\n<p><strong>2.Tag &#8211; Durch Wald und \u00fcber Felsen<\/strong><br \/>\nHeute wandern Sie etwa 5-6 Stunden Weg aufw\u00e4rts durch W\u00e4lder. Sie \u00fcberqueren Felsenlandschaften, die durch Gletscherbewegungen aufgesch\u00fcttet worden sind, bis hin zum Pe\u00f1on Pass. Um den Pe\u00f1on-Gletscher herum befinden sich gro\u00dfe Felsformationen, die durch die Erosion des Eises geschaffen wurden. Dies erschwert die Wanderung etwas. Der Pfad f\u00fchrt weiter vorbei an vielen Wasserf\u00e4llen bis zum Bach Bosque. \u00dcbernachtung im Wald in der N\u00e4he des Baches.<\/p>\n<p><strong>3.Tag &#8211; Wasser und Eis<\/strong><br \/>\nDie dritte Etappe Ihrer Trekkingreise dauert etwa 6-7 Stunden. Sie folgen dem  Tal entlang des  Baches  Bosque, bis Sie am Fu\u00dfe einer  von Eiserosion geformten Fels-wand einen gro\u00dfen See erreichen. Am \u00dcbernachtungsplatz haben Sie Zeit, bis an die Eisgrenze zu wandern.<\/p>\n<p><strong>4.Tag &#8211; Cerro Castillo Nationalpark &#8211; Coyhaique<\/strong><br \/>\nHeute  wandern Sie 4\u20135 Stunden lang abw\u00e4rts durch die T\u00e4ler des Parada und Bosque-Baches, bis Sie schlie\u00dflich die Stra\u00dfe erreichen, wo Sie erwartet werden, um nach Coyhaique zur\u00fcckgebracht zu werden.<br \/>\n\n\t\t<\/div>\n\t\n\n\t\t<div class=\"pane\">\n\t\t\n\n\t\t<\/div>\n\t\n\n\t\t<div class=\"pane\">\n\t\t\n\n\t\t<\/div>\n\t\n\n\t\t<div class=\"pane\">\n\t\t\n\n\t\t<\/div>\n\t\n\n\t\t<\/div>\n\t<\/p>","protected":false},"excerpt":{"rendered":"<p>Art der Reise: Trekking Dauer: 4 Tage<\/p>\n","protected":false},"author":16,"featured_media":0,"parent":102,"menu_order":0,"comment_status":"open","ping_status":"open","template":"","meta":{"slim_seo":{"title":"Trekking Cerro Castillo - travelArt","description":"Trekking Cerro Castillo Trekking Cerro Castillo Trekking Cerro Castillo Trekking Cerro Castillo Trekking Cerro Castillo Art der Reise: Trekking Dauer: 4 Tage To"},"footnotes":""},"class_list":["post-131","page","type-page","status-publish","hentry"],"_links":{"self":[{"href":"https:\/\/www.chile-reise.com\/de\/wp-json\/wp\/v2\/pages\/131","targetHints":{"allow":["GET"]}}],"collection":[{"href":"https:\/\/www.chile-reise.com\/de\/wp-json\/wp\/v2\/pages"}],"about":[{"href":"https:\/\/www.chile-reise.com\/de\/wp-json\/wp\/v2\/types\/page"}],"author":[{"embeddable":true,"href":"https:\/\/www.chile-reise.com\/de\/wp-json\/wp\/v2\/users\/16"}],"replies":[{"embeddable":true,"href":"https:\/\/www.chile-reise.com\/de\/wp-json\/wp\/v2\/comments?post=131"}],"version-history":[{"count":0,"href":"https:\/\/www.chile-reise.com\/de\/wp-json\/wp\/v2\/pages\/131\/revisions"}],"up":[{"embeddable":true,"href":"https:\/\/www.chile-reise.com\/de\/wp-json\/wp\/v2\/pages\/102"}],"wp:attachment":[{"href":"https:\/\/www.chile-reise.com\/de\/wp-json\/wp\/v2\/media?parent=131"}],"curies":[{"name":"wp","href":"https:\/\/api.w.org\/{rel}","templated":true}]}}