{"id":13072,"date":"2022-02-19T01:00:07","date_gmt":"2022-02-18T23:00:07","guid":{"rendered":"https:\/\/www.chile-reise.com\/?page_id=13072"},"modified":"2022-02-21T22:14:15","modified_gmt":"2022-02-21T20:14:15","slug":"privacy-policy","status":"publish","type":"page","link":"https:\/\/www.chile-reise.com\/de\/privacy-policy\/","title":{"rendered":"Datenschutz-Erkl\u00e4rung"},"content":{"rendered":"<a href=\"https:\/\/www.chile-reise.com\/wp-content\/uploads\/Privacy-policy.png\"><img loading=\"lazy\" decoding=\"async\" src=\"https:\/\/www.chile-reise.com\/wp-content\/uploads\/Privacy-policy.png\" alt=\"Privacy policy\" width=\"700\" height=\"212\" class=\"aligncenter size-full wp-image-13089\" srcset=\"https:\/\/www.chile-reise.com\/wp-content\/uploads\/Privacy-policy.png 700w, https:\/\/www.chile-reise.com\/wp-content\/uploads\/Privacy-policy-620x188.png 620w\" sizes=\"auto, (max-width: 700px) 100vw, 700px\" \/><\/a><\/p>\n<p>Wir freuen uns sehr \u00fcber Ihr Interesse an unserem Unternehmen. Datenschutz hat einen besonders hohen<br \/>\nStellenwert f\u00fcr die Gesch\u00e4ftsleitung des Reiseveranstalters travelArt Chile. Eine Nutzung der Internetseiten<br \/>\nvon travelArt Chile ist grunds\u00e4tzlich ohne jede Angabe personenbezogener Daten m\u00f6glich.<\/p>\n<p>Hier k\u00f6nnen Sie die <strong><a href=\"https:\/\/www.chile-reise.com\/wp-content\/uploads\/Datenschutz-Erklarung-travelArt-Chile.pdf\" target=\"_blank\" rel=\"noopener\">Datenschutz-Erkl\u00e4rung von travelArt Chile<\/a><\/strong> einsehen.","protected":false},"excerpt":{"rendered":"<p>Wir freuen uns sehr \u00fcber Ihr Interesse an unserem Unternehmen. Datenschutz hat einen besonders hohen Stellenwert f\u00fcr die Gesch\u00e4ftsleitung des Reiseveranstalters travelArt Chile. Eine Nutzung der Internetseiten von travelArt Chile ist grunds\u00e4tzlich ohne jede Angabe personenbezogener Daten m\u00f6glich. Hier k\u00f6nnen &#8230;<\/p>\n","protected":false},"author":16,"featured_media":0,"parent":0,"menu_order":0,"comment_status":"closed","ping_status":"closed","template":"","meta":{"slim_seo":{"title":"[:de]Datenschutz-Erkl\u00e4rung[:en]Privacy policy[:] - travelArt","description":"[:de] Wir freuen uns sehr \u00fcber Ihr Interesse an unserem Unternehmen. Datenschutz hat einen besonders hohen Stellenwert f\u00fcr die Gesch\u00e4ftsleitung des Reiseveranst"},"footnotes":""},"class_list":["post-13072","page","type-page","status-publish","hentry"],"_links":{"self":[{"href":"https:\/\/www.chile-reise.com\/de\/wp-json\/wp\/v2\/pages\/13072","targetHints":{"allow":["GET"]}}],"collection":[{"href":"https:\/\/www.chile-reise.com\/de\/wp-json\/wp\/v2\/pages"}],"about":[{"href":"https:\/\/www.chile-reise.com\/de\/wp-json\/wp\/v2\/types\/page"}],"author":[{"embeddable":true,"href":"https:\/\/www.chile-reise.com\/de\/wp-json\/wp\/v2\/users\/16"}],"replies":[{"embeddable":true,"href":"https:\/\/www.chile-reise.com\/de\/wp-json\/wp\/v2\/comments?post=13072"}],"version-history":[{"count":0,"href":"https:\/\/www.chile-reise.com\/de\/wp-json\/wp\/v2\/pages\/13072\/revisions"}],"wp:attachment":[{"href":"https:\/\/www.chile-reise.com\/de\/wp-json\/wp\/v2\/media?parent=13072"}],"curies":[{"name":"wp","href":"https:\/\/api.w.org\/{rel}","templated":true}]}}