{"id":129,"date":"2013-07-02T20:39:15","date_gmt":"2013-07-02T18:39:15","guid":{"rendered":"http:\/\/www.chile-reise.com\/wordpress\/?page_id=129"},"modified":"2015-06-17T17:18:03","modified_gmt":"2015-06-17T15:18:03","slug":"kunstwerk-der-natur-die-marmorkathedrale","status":"publish","type":"page","link":"https:\/\/www.chile-reise.com\/de\/packages-daytrips\/carretera-austral\/kunstwerk-der-natur-die-marmorkathedrale\/","title":{"rendered":"Kunstwerk der Natur: Die Marmorkathedrale"},"content":{"rendered":"<p>\r\n        <style type='text\/css'>\r\n            #gallery-1 {\r\n                margin: auto;\r\n            }\r\n            #gallery-1 .gallery-item {\r\n                float: left;\r\n                margin-top: 10px;\r\n                text-align: center;\r\n                width: 33%;           }\r\n            #gallery-1 img {\r\n                border: 2px solid #cfcfcf;\r\n            }\r\n            #gallery-1 .gallery-caption {\r\n                margin-left: 0;\r\n            }\r\n        <\/style>\r\n        <!-- see gallery_shortcode() in wp-includes\/media.php -->\r\n        <div id='gallery-1' class='gallery-images gallery galleryid-129'><dl class='gallery-item'>\r\n            <dt class='gallery-icon'>\r\n                <a href='https:\/\/www.chile-reise.com\/wp-content\/uploads\/PD_Carretera-Austral_1_5.jpg'><img loading=\"lazy\" decoding=\"async\" width=\"240\" height=\"140\" src=\"https:\/\/www.chile-reise.com\/wp-content\/uploads\/PD_Carretera-Austral_1_5-240x140.jpg\" class=\"attachment-thumbnail size-thumbnail\" alt=\"PD Carretera Austral 1\" \/><\/a>\r\n            <\/dt>\r\n                <dd class='gallery-caption'>\r\n                Kunstwerk der Natur: Die Marmorkathedrale\r\n                <\/dd><\/dl><dl class='gallery-item'>\r\n            <dt class='gallery-icon'>\r\n                <a href='https:\/\/www.chile-reise.com\/wp-content\/uploads\/PD_Carretera-Austral_1_1.jpg'><img loading=\"lazy\" decoding=\"async\" width=\"240\" height=\"140\" src=\"https:\/\/www.chile-reise.com\/wp-content\/uploads\/PD_Carretera-Austral_1_1-240x140.jpg\" class=\"attachment-thumbnail size-thumbnail\" alt=\"PD Carretera Austral 1\" \/><\/a>\r\n            <\/dt>\r\n                <dd class='gallery-caption'>\r\n                Kunstwerk der Natur: Die Marmorkathedrale\r\n                <\/dd><\/dl><dl class='gallery-item'>\r\n            <dt class='gallery-icon'>\r\n                <a href='https:\/\/www.chile-reise.com\/wp-content\/uploads\/PD_Carretera-Austral_1_2.jpg'><img loading=\"lazy\" decoding=\"async\" width=\"240\" height=\"140\" src=\"https:\/\/www.chile-reise.com\/wp-content\/uploads\/PD_Carretera-Austral_1_2-240x140.jpg\" class=\"attachment-thumbnail size-thumbnail\" alt=\"PD Carretera Austral 1\" \/><\/a>\r\n            <\/dt>\r\n                <dd class='gallery-caption'>\r\n                Kunstwerk der Natur: Die Marmorkathedrale\r\n                <\/dd><\/dl><br style=\"clear: both\" \/><dl class='gallery-item'>\r\n            <dt class='gallery-icon'>\r\n                <a href='https:\/\/www.chile-reise.com\/wp-content\/uploads\/PD_Carretera-Austral_1_3.jpg'><img loading=\"lazy\" decoding=\"async\" width=\"240\" height=\"140\" src=\"https:\/\/www.chile-reise.com\/wp-content\/uploads\/PD_Carretera-Austral_1_3-240x140.jpg\" class=\"attachment-thumbnail size-thumbnail\" alt=\"PD Carretera Austral 1\" \/><\/a>\r\n            <\/dt>\r\n                <dd class='gallery-caption'>\r\n                Kunstwerk der Natur: Die Marmorkathedrale\r\n                <\/dd><\/dl><dl class='gallery-item'>\r\n            <dt class='gallery-icon'>\r\n                <a href='https:\/\/www.chile-reise.com\/wp-content\/uploads\/PD_Carretera-Austral_1_4.jpg'><img loading=\"lazy\" decoding=\"async\" width=\"240\" height=\"140\" src=\"https:\/\/www.chile-reise.com\/wp-content\/uploads\/PD_Carretera-Austral_1_4-240x140.jpg\" class=\"attachment-thumbnail size-thumbnail\" alt=\"PD Carretera Austral 1\" \/><\/a>\r\n            <\/dt>\r\n                <dd class='gallery-caption'>\r\n                Kunstwerk der Natur: Die Marmorkathedrale\r\n                <\/dd><\/dl>\r\n            <br style='clear: both;' \/>\r\n        <\/div>\n\n<div class=\"clear\"><\/div><div class=\"divider\"><\/div>\n<p><strong>Art der Reise:<\/strong> Natur<br \/>\n<strong>Dauer:<\/strong> 1 Tag<\/p>\n\n\t<script type=\"text\/javascript\">\tjQuery(document).ready(function($){\tjQuery(\"ul.tabs-nav\").tabs(\"> .pane\"); }); <\/script>\n\n\t\t<div class=\"post-tabs\">\n\t\t\n<ul class=\"tabs-nav\">\n<li>Tourverlauf<\/li>\n<li>Anmerkungen<\/li>\n<\/ul>\n\n\t\t<div class=\"pane\">\n\t\t\nLassen Sie sich heute von der Natur tief beeindrucken! Sie fahren morgens nach Puerto Tranquilo am  General Carrera-See, dem gr\u00f6\u00dften See Chiles.  Dort  steigen Sie in kleine Holzboote um und fahren \u00fcber den t\u00fcrkisfarbenene See zur Capilla de Marmol. Das glasklare Wasser des Sees und die Zeit haben hier wunderbare Figuren aus einem riesigen Felsen gewaschen und so ein unglaubliches Naturmonument entstehen lassen: ein kathedralen\u00e4hnliches Marmorgew\u00f6lbe auf schmalen S\u00e4ulen.<br \/>\n\n\t\t<\/div>\n\t\n\n\t\t<div class=\"pane\">\n\t\t\nDie Exkursion findet nur bei gutem Wetter statt.<br \/>\nMindestteilnehmerzahl: 5 Personen.<br \/>\n\n\t\t<\/div>\n\t\n\n\t\t<\/div>\n\t<\/p>","protected":false},"excerpt":{"rendered":"<p>Art der Reise: Natur Dauer: 1 Tag<\/p>\n","protected":false},"author":16,"featured_media":0,"parent":102,"menu_order":0,"comment_status":"open","ping_status":"open","template":"","meta":{"slim_seo":{"title":"Kunstwerk der Natur: Die Marmorkathedrale An Artwork of Nature: The Marbel Chapel - travelArt","description":"Kunstwerk der Natur: Die Marmorkathedrale Kunstwerk der Natur: Die Marmorkathedrale Kunstwerk der Natur: Die Marmorkathedrale Kunstwerk der Natur: Die Marmorkat"},"footnotes":""},"class_list":["post-129","page","type-page","status-publish","hentry"],"_links":{"self":[{"href":"https:\/\/www.chile-reise.com\/de\/wp-json\/wp\/v2\/pages\/129","targetHints":{"allow":["GET"]}}],"collection":[{"href":"https:\/\/www.chile-reise.com\/de\/wp-json\/wp\/v2\/pages"}],"about":[{"href":"https:\/\/www.chile-reise.com\/de\/wp-json\/wp\/v2\/types\/page"}],"author":[{"embeddable":true,"href":"https:\/\/www.chile-reise.com\/de\/wp-json\/wp\/v2\/users\/16"}],"replies":[{"embeddable":true,"href":"https:\/\/www.chile-reise.com\/de\/wp-json\/wp\/v2\/comments?post=129"}],"version-history":[{"count":0,"href":"https:\/\/www.chile-reise.com\/de\/wp-json\/wp\/v2\/pages\/129\/revisions"}],"up":[{"embeddable":true,"href":"https:\/\/www.chile-reise.com\/de\/wp-json\/wp\/v2\/pages\/102"}],"wp:attachment":[{"href":"https:\/\/www.chile-reise.com\/de\/wp-json\/wp\/v2\/media?parent=129"}],"curies":[{"name":"wp","href":"https:\/\/api.w.org\/{rel}","templated":true}]}}