{"id":12,"date":"2013-07-01T23:15:53","date_gmt":"2013-07-01T21:15:53","guid":{"rendered":"http:\/\/www.chile-reise.com\/wordpress\/?page_id=12"},"modified":"2013-08-01T23:13:54","modified_gmt":"2013-08-01T21:13:54","slug":"jobs","status":"publish","type":"page","link":"https:\/\/www.chile-reise.com\/de\/jobs\/","title":{"rendered":"Jobs"},"content":{"rendered":"<p><div class=\"qa-faqs qa-category cf animation-fade accordion collapsible\">\n\t\t<div class=\"qa-category\">\n\t\t\t<h2 class=\"faq-catname\">jobs<\/h2>\n\t\t\t<div id=\"qa-faq0\" class=\"qa-faq\">\n\t\t\t<h3 class=\"qa-faq-title\"><a class=\"qa-faq-anchor\" href=\"https:\/\/www.chile-reise.com\/de\/faqs\/traineeprogramm-in-santiago-de-chile-mit-moeglichkeit-zur-festanstellung\/\">Karrierestart f\u00fcr Tourismus-Absolventen<\/a><\/h3>\n\t\t\t<div class=\"qa-faq-answer\"><p>J\u00e4hrlich bieten wir in unserem B\u00fcro in Santiago eine oder zwei Einsteigerstellen in unserem Sales &amp; Operations-Team an. Das Programm richtet sich an Absolventen tourismusaffiner Studieng\u00e4nge mit erster Erfahrung durch Praktika, Absolventen einer Berufsausbildung im Tourismusbereich und in Ausnahmef\u00e4llen auch Quereinsteigern. Die Teilnehmer arbeiten ein Jahr lang in unserer Sales &amp; Operations- Abteilung mit und \u00fcbernehmen nach der ersten Trainingsphase schnell eigene Verantwortung. Bei entsprechenden Arbeitsergebnissen und Personalbedarf ist am Ende des Traineeprogramms eine Festanstellung m\u00f6glich. Ein Einstieg wird je nach Bedarf seitens travelArt und M\u00f6glichkeiten des\/der Anw\u00e4rter\/in individuell abgestimmt.<\/p>\n<h2>Anforderungen:<\/h2>\n<p>\n\u2022 abgeschlossenes BWL-Studium (tourismusorientiert) ODER<br \/>\n\u2022 abgeschlossene Berufsausbildung im Tourismusbereich<br \/>\n\u2022 gute Englisch- und Spanischkenntnisse<br \/>\n\u2022 gute EDV-Kenntnisse (Windows, Word, Excel, Outlook)<br \/>\n\u2022 Flexibilit\u00e4t und Engagement<br \/>\n\u2022 Belastbarkeit in Spitzenzeiten<br \/>\n\u2022 Kundenorientierung<br \/>\n\u2022 Kreativit\u00e4t<br \/>\n\u2022 Detailgenauigkeit<br \/>\n\u2022 ausgepr\u00e4gte Teamf\u00e4higkeit<br \/>\n\u2022 praktische Erfahrung im Tourismus, vorzugsweise durch einen Auslandsaufenthalt in S\u00fcdamerika, von Vorteil<br \/>\n\u2022 Landeskenntnisse Chile von Vorteil<\/p>\n<h2>Kontakt<\/h2>\n<p>Aussagekr\u00e4ftige Bewerbungsunterlagen richten Sie bitte per E-Mail an: <a href=\"j&#111;&#x62;&#x73;&#64;&#116;&#x72;&#x61;v&#101;&#x6c;&#x61;rt&#x2e;&#x63;om\">&#x6a;&#x6f;&#x62;&#x73;&#x40;&#x74;&#x72;&#x61;&#118;&#101;&#108;&#97;rt.com<\/a><\/p>\n<\/div><!--.qa-faq-answer-->\n\t\t\t\t<\/div><!--.qa-faq-->\n\t\t\t<div id=\"qa-faq1\" class=\"qa-faq\">\n\t\t\t<h3 class=\"qa-faq-title\"><a class=\"qa-faq-anchor\" href=\"https:\/\/www.chile-reise.com\/de\/faqs\/reiseleiter-lokal-und-ganz-chile\/\">Reiseleiter (lokal und ganz Chile)<\/a><\/h3>\n\t\t\t<div class=\"qa-faq-answer\"><p>Wir suchen lokale Reiseleiter (Region Metropolitana, Patagonien, Seengebiet und San Pedro de Atacama) und Reiseleiter f\u00fcr ganz Chile in den Sprachen Deutsch, Englisch, Franz\u00f6sisch, Niederl\u00e4ndisch, Russisch und Japanisch.<\/p>\n<h2>Profil<\/h2>\n<ul>\n<li>zuverl\u00e4ssig und p\u00fcnktlich<\/li>\n<li>Koordination, Qualit\u00e4t und Effizienz bei der Ausf\u00fchrung der Touren<\/li>\n<li>Kreativit\u00e4t und Vitalit\u00e4t bei der Durchf\u00fchrung der Touren<\/li>\n<li>Einsatz f\u00fcr das Unternehmen<\/li>\n<li>positive Einstellung auch in schwierigen Situationen<\/li>\n<li>probleml\u00f6sungsorientiert<\/li>\n<li>kundenorientiertes Arbeiten<\/li>\n<\/ul>\n<h2>Anforderungen<\/h2>\n<ul>\n<li>gute Landeskenntnisse (f\u00fcr Reiseleitung in ganz Chile)<\/li>\n<li>sehr gute Kenntnisse der jeweiligen Region f\u00fcr die lokalen Reiseleiter\/innen (Zentralgebiet, Patagonien, Seengebiet und San Pedro de Atacama)<\/li>\n<li>Initiative, Kreativit\u00e4t und Herzlichkeit<\/li>\n<li>Organisationstalent und F\u00e4higkeit Konfliktsituationen zu l\u00f6sen<\/li>\n<li>Erfahrung in klassischen Touren, Kreuzfahrten, Trekking sowie kulturellen und botanischen Touren<\/li>\n<li>Erste-Hilfe-Kenntnisse<\/li>\n<li>Beherrschung der Muttersprache in Schrift und Sprache<\/li>\n<li>Tourismus- und Reiseleitungserfahrung<\/li>\n<li>Studium in Tourismus, Sprachen oder verwandten Bereichen von Vorteil<\/li>\n<\/ul>\n<h2>Kontakt<\/h2>\n<p>Bitte den Lebenslauf mit Foto und Referenzen an: <a href=\"mailto:jobs&#64;travelart.com\">&#x6a;&#111;b&#x73;&#64;t&#x72;&#x61;v&#x65;&#x6c;&#97;r&#x74;&#46;c&#x6f;&#x6d;<\/a><\/p>\n<\/div><!--.qa-faq-answer-->\n\t\t\t\t<\/div><!--.qa-faq-->\n\t\t\t<\/div><!--.qa-category-->\n\t\t<\/div><!--.qa-faqs --><\/p>","protected":false},"excerpt":{"rendered":"<p>Wir suchen lokale Reiseleiter (Region Metropolitana, Patagonien, Seengebiet und San Pedro de Atacama) und Reiseleiter f\u00fcr ganz Chile in den Sprachen Deutsch, Englisch, Franz\u00f6sisch, Niederl\u00e4ndisch, Russisch und Japanisch. Profil zuverl\u00e4ssig und p\u00fcnktlich Koordination, Qualit\u00e4t und Effizienz bei der Ausf\u00fchrung der &#8230;<\/p>\n","protected":false},"author":16,"featured_media":0,"parent":0,"menu_order":0,"comment_status":"open","ping_status":"open","template":"","meta":{"slim_seo":{"title":"[:de]Reiseleiter (lokal und ganz Chile)[:en]Local and Steady Tourist Guides[:] - travelArt","description":"[:de]Wir suchen lokale Reiseleiter (Region Metropolitana, Patagonien, Seengebiet und San Pedro de Atacama) und Reiseleiter f\u00fcr ganz Chile in den Sprachen Deutsc"},"footnotes":""},"class_list":["post-12","page","type-page","status-publish","hentry"],"_links":{"self":[{"href":"https:\/\/www.chile-reise.com\/de\/wp-json\/wp\/v2\/pages\/12","targetHints":{"allow":["GET"]}}],"collection":[{"href":"https:\/\/www.chile-reise.com\/de\/wp-json\/wp\/v2\/pages"}],"about":[{"href":"https:\/\/www.chile-reise.com\/de\/wp-json\/wp\/v2\/types\/page"}],"author":[{"embeddable":true,"href":"https:\/\/www.chile-reise.com\/de\/wp-json\/wp\/v2\/users\/16"}],"replies":[{"embeddable":true,"href":"https:\/\/www.chile-reise.com\/de\/wp-json\/wp\/v2\/comments?post=12"}],"version-history":[{"count":0,"href":"https:\/\/www.chile-reise.com\/de\/wp-json\/wp\/v2\/pages\/12\/revisions"}],"wp:attachment":[{"href":"https:\/\/www.chile-reise.com\/de\/wp-json\/wp\/v2\/media?parent=12"}],"curies":[{"name":"wp","href":"https:\/\/api.w.org\/{rel}","templated":true}]}}