{"id":117,"date":"2013-07-02T20:23:27","date_gmt":"2013-07-02T18:23:27","guid":{"rendered":"http:\/\/www.chile-reise.com\/wordpress\/?page_id=117"},"modified":"2013-10-02T20:04:31","modified_gmt":"2013-10-02T18:04:31","slug":"archaeologische-tour","status":"publish","type":"page","link":"https:\/\/www.chile-reise.com\/de\/packages-daytrips\/atacamawueste\/archaeologische-tour\/","title":{"rendered":"Arch\u00e4ologische Tour"},"content":{"rendered":"<p>\r\n        <style type='text\/css'>\r\n            #gallery-1 {\r\n                margin: auto;\r\n            }\r\n            #gallery-1 .gallery-item {\r\n                float: left;\r\n                margin-top: 10px;\r\n                text-align: center;\r\n                width: 33%;           }\r\n            #gallery-1 img {\r\n                border: 2px solid #cfcfcf;\r\n            }\r\n            #gallery-1 .gallery-caption {\r\n                margin-left: 0;\r\n            }\r\n        <\/style>\r\n        <!-- see gallery_shortcode() in wp-includes\/media.php -->\r\n        <div id='gallery-1' class='gallery-images gallery galleryid-117'><dl class='gallery-item'>\r\n            <dt class='gallery-icon'>\r\n                <a href='https:\/\/www.chile-reise.com\/wp-content\/uploads\/PD_Atacama_2_1.jpg'><img loading=\"lazy\" decoding=\"async\" width=\"240\" height=\"140\" src=\"https:\/\/www.chile-reise.com\/wp-content\/uploads\/PD_Atacama_2_1-240x140.jpg\" class=\"attachment-thumbnail size-thumbnail\" alt=\"PD Atacama 2\" \/><\/a>\r\n            <\/dt>\r\n                <dd class='gallery-caption'>\r\n                Arch\u00e4ologische Tour\r\n                <\/dd><\/dl><dl class='gallery-item'>\r\n            <dt class='gallery-icon'>\r\n                <a href='https:\/\/www.chile-reise.com\/wp-content\/uploads\/PD_Atacama_2_2.jpg'><img loading=\"lazy\" decoding=\"async\" width=\"240\" height=\"140\" src=\"https:\/\/www.chile-reise.com\/wp-content\/uploads\/PD_Atacama_2_2-240x140.jpg\" class=\"attachment-thumbnail size-thumbnail\" alt=\"PD Atacama 2\" \/><\/a>\r\n            <\/dt>\r\n                <dd class='gallery-caption'>\r\n                Arch\u00e4ologische Tour\r\n                <\/dd><\/dl><dl class='gallery-item'>\r\n            <dt class='gallery-icon'>\r\n                <a href='https:\/\/www.chile-reise.com\/wp-content\/uploads\/PD_Atacama_2_3.jpg'><img loading=\"lazy\" decoding=\"async\" width=\"240\" height=\"140\" src=\"https:\/\/www.chile-reise.com\/wp-content\/uploads\/PD_Atacama_2_3-240x140.jpg\" class=\"attachment-thumbnail size-thumbnail\" alt=\"PD Atacama 2\" \/><\/a>\r\n            <\/dt>\r\n                <dd class='gallery-caption'>\r\n                Arch\u00e4ologische Tour\r\n                <\/dd><\/dl><br style=\"clear: both\" \/><dl class='gallery-item'>\r\n            <dt class='gallery-icon'>\r\n                <a href='https:\/\/www.chile-reise.com\/wp-content\/uploads\/PD_Atacama_2_4.jpg'><img loading=\"lazy\" decoding=\"async\" width=\"240\" height=\"140\" src=\"https:\/\/www.chile-reise.com\/wp-content\/uploads\/PD_Atacama_2_4-240x140.jpg\" class=\"attachment-thumbnail size-thumbnail\" alt=\"PD Atacama 2\" \/><\/a>\r\n            <\/dt>\r\n                <dd class='gallery-caption'>\r\n                Arch\u00e4ologische Tour\r\n                <\/dd><\/dl><dl class='gallery-item'>\r\n            <dt class='gallery-icon'>\r\n                <a href='https:\/\/www.chile-reise.com\/wp-content\/uploads\/PD_Atacama_2_5.jpg'><img loading=\"lazy\" decoding=\"async\" width=\"240\" height=\"140\" src=\"https:\/\/www.chile-reise.com\/wp-content\/uploads\/PD_Atacama_2_5-240x140.jpg\" class=\"attachment-thumbnail size-thumbnail\" alt=\"PD Atacama 2\" \/><\/a>\r\n            <\/dt>\r\n                <dd class='gallery-caption'>\r\n                Arch\u00e4ologische Tour\r\n                <\/dd><\/dl>\r\n            <br style='clear: both;' \/>\r\n        <\/div>\n\n<div class=\"clear\"><\/div><div class=\"divider\"><\/div>\n<p><strong>Art der Reise:<\/strong> Kultur<br \/>\n<strong>Dauer:<\/strong> 1 Tag<\/p>\n\n\t<script type=\"text\/javascript\">\tjQuery(document).ready(function($){\tjQuery(\"ul.tabs-nav\").tabs(\"> .pane\"); }); <\/script>\n\n\t\t<div class=\"post-tabs\">\n\t\t\n<ul class=\"tabs-nav\">\n<li>Tourverlauf<\/li>\n<li>Anmerkungen<\/li>\n<\/ul>\n\n\t\t<div class=\"pane\">\n\t\t\nBei dieser Halbtagesexkursion wandeln Sie auf den Spuren der alten Atacame\u00f1os und Incas: Ihr Reiseleiter wird Ihnen die arch\u00e4ologischen St\u00e4tten Aldea de Tulor und Pukar\u00e1 de Quitor zeigen.<br \/>\nDie Aldea de Tulor ist die Ruine eines Dorfes von ca.  800 v.Chr., wo damals ca. 200 Bewohner lebten. Neben den Ruinen wurden zwei der Behausungen originalgetreu wieder aufgebaut und als Museum eingerichtet.<br \/>\nDie Festung Pukar\u00e1 de Quitor, nur 3 km n\u00f6rdlich von San Pedro gelegen, wurde im 12. Jh. von den Atacame\u00f1os erbaut und sp\u00e4ter von den Inkas weiter befestigt. 1540 wurde sie von den Spaniern eingenommen. Von der Festung aus hat man einen sch\u00f6nen Blick auf San Pedro und die Andengebirgskette mit ihren Vulkanen im Hintergrund.<br \/>\n\n\t\t<\/div>\n\t\n\n\t\t<div class=\"pane\">\n\t\t\nMontags sind die Museen in Chile geschlossen.<br \/>\n\n\t\t<\/div>\n\t\n\n\t\t<\/div>\n\t<\/p>","protected":false},"excerpt":{"rendered":"<p>Art der Reise: Kultur Dauer: 1 Tag<\/p>\n","protected":false},"author":16,"featured_media":0,"parent":96,"menu_order":0,"comment_status":"open","ping_status":"open","template":"","meta":{"slim_seo":{"title":"Arch\u00e4ologische Tour Archeological Tour - travelArt","description":"Arch\u00e4ologische Tour Arch\u00e4ologische Tour Arch\u00e4ologische Tour Arch\u00e4ologische Tour Arch\u00e4ologische Tour Art der Reise: Kultur Dauer: 1 Tag Tourverlauf Anmerkungen B"},"footnotes":""},"class_list":["post-117","page","type-page","status-publish","hentry"],"_links":{"self":[{"href":"https:\/\/www.chile-reise.com\/de\/wp-json\/wp\/v2\/pages\/117","targetHints":{"allow":["GET"]}}],"collection":[{"href":"https:\/\/www.chile-reise.com\/de\/wp-json\/wp\/v2\/pages"}],"about":[{"href":"https:\/\/www.chile-reise.com\/de\/wp-json\/wp\/v2\/types\/page"}],"author":[{"embeddable":true,"href":"https:\/\/www.chile-reise.com\/de\/wp-json\/wp\/v2\/users\/16"}],"replies":[{"embeddable":true,"href":"https:\/\/www.chile-reise.com\/de\/wp-json\/wp\/v2\/comments?post=117"}],"version-history":[{"count":0,"href":"https:\/\/www.chile-reise.com\/de\/wp-json\/wp\/v2\/pages\/117\/revisions"}],"up":[{"embeddable":true,"href":"https:\/\/www.chile-reise.com\/de\/wp-json\/wp\/v2\/pages\/96"}],"wp:attachment":[{"href":"https:\/\/www.chile-reise.com\/de\/wp-json\/wp\/v2\/media?parent=117"}],"curies":[{"name":"wp","href":"https:\/\/api.w.org\/{rel}","templated":true}]}}