{"id":115,"date":"2013-07-02T20:21:56","date_gmt":"2013-07-02T18:21:56","guid":{"rendered":"http:\/\/www.chile-reise.com\/wordpress\/?page_id=115"},"modified":"2019-07-03T23:37:40","modified_gmt":"2019-07-03T21:37:40","slug":"salar-de-atacama-und-lagunas-altiplanicas","status":"publish","type":"page","link":"https:\/\/www.chile-reise.com\/de\/packages-daytrips\/atacamawueste\/salar-de-atacama-und-lagunas-altiplanicas\/","title":{"rendered":"Salar de Atacama und Lagunas Altiplanicas"},"content":{"rendered":"<style type='text\/css'>\r\n            #gallery-1 {\r\n                margin: auto;\r\n            }\r\n            #gallery-1 .gallery-item {\r\n                float: left;\r\n                margin-top: 10px;\r\n                text-align: center;\r\n                width: 33%;           }\r\n            #gallery-1 img {\r\n                border: 2px solid #cfcfcf;\r\n            }\r\n            #gallery-1 .gallery-caption {\r\n                margin-left: 0;\r\n            }\r\n        <\/style>\r\n        <!-- see gallery_shortcode() in wp-includes\/media.php -->\r\n        <div id='gallery-1' class='gallery-images gallery galleryid-115'><dl class='gallery-item'>\r\n            <dt class='gallery-icon'>\r\n                <a href='https:\/\/www.chile-reise.com\/wp-content\/uploads\/PD_Atacama_1_1.jpg'><img loading=\"lazy\" decoding=\"async\" width=\"240\" height=\"140\" src=\"https:\/\/www.chile-reise.com\/wp-content\/uploads\/PD_Atacama_1_1-240x140.jpg\" class=\"attachment-thumbnail size-thumbnail\" alt=\"PD Atacama 1\" \/><\/a>\r\n            <\/dt>\r\n                <dd class='gallery-caption'>\r\n                Salar de Atacama und Lagunas Altiplanicas\r\n                <\/dd><\/dl><dl class='gallery-item'>\r\n            <dt class='gallery-icon'>\r\n                <a href='https:\/\/www.chile-reise.com\/wp-content\/uploads\/PD_Atacama_1_2.jpg'><img loading=\"lazy\" decoding=\"async\" width=\"240\" height=\"140\" src=\"https:\/\/www.chile-reise.com\/wp-content\/uploads\/PD_Atacama_1_2-240x140.jpg\" class=\"attachment-thumbnail size-thumbnail\" alt=\"PD Atacama 1\" \/><\/a>\r\n            <\/dt>\r\n                <dd class='gallery-caption'>\r\n                Salar de Atacama und Lagunas Altiplanicas\r\n                <\/dd><\/dl><dl class='gallery-item'>\r\n            <dt class='gallery-icon'>\r\n                <a href='https:\/\/www.chile-reise.com\/wp-content\/uploads\/PD_Atacama_1_3.jpg'><img loading=\"lazy\" decoding=\"async\" width=\"240\" height=\"140\" src=\"https:\/\/www.chile-reise.com\/wp-content\/uploads\/PD_Atacama_1_3-240x140.jpg\" class=\"attachment-thumbnail size-thumbnail\" alt=\"PD Atacama 1\" \/><\/a>\r\n            <\/dt>\r\n                <dd class='gallery-caption'>\r\n                Salar de Atacama und Lagunas Altiplanicas\r\n                <\/dd><\/dl><br style=\"clear: both\" \/><dl class='gallery-item'>\r\n            <dt class='gallery-icon'>\r\n                <a href='https:\/\/www.chile-reise.com\/wp-content\/uploads\/PD_Atacama_1_5.jpg'><img loading=\"lazy\" decoding=\"async\" width=\"240\" height=\"140\" src=\"https:\/\/www.chile-reise.com\/wp-content\/uploads\/PD_Atacama_1_5-240x140.jpg\" class=\"attachment-thumbnail size-thumbnail\" alt=\"PD Atacama 1\" \/><\/a>\r\n            <\/dt>\r\n                <dd class='gallery-caption'>\r\n                Salar de Atacama und Lagunas Altiplanicas\r\n                <\/dd><\/dl><dl class='gallery-item'>\r\n            <dt class='gallery-icon'>\r\n                <a href='https:\/\/www.chile-reise.com\/wp-content\/uploads\/PD_Atacama_1_6.jpg'><img loading=\"lazy\" decoding=\"async\" width=\"240\" height=\"140\" src=\"https:\/\/www.chile-reise.com\/wp-content\/uploads\/PD_Atacama_1_6-240x140.jpg\" class=\"attachment-thumbnail size-thumbnail\" alt=\"PD Atacama 1\" \/><\/a>\r\n            <\/dt>\r\n                <dd class='gallery-caption'>\r\n                Salar de Atacama und Lagunas Altiplanicas\r\n                <\/dd><\/dl>\r\n            <br style='clear: both;' \/>\r\n        <\/div>\n\n<div class=\"clear\"><\/div><div class=\"divider\"><\/div>\n<p><strong>Art der Reise:<\/strong> Natur<br \/>\n<strong>Dauer:<\/strong> 1 Tag<\/p>\n\n\t<script type=\"text\/javascript\">\tjQuery(document).ready(function($){\tjQuery(\"ul.tabs-nav\").tabs(\"> .pane\"); }); <\/script>\n\n\t\t<div class=\"post-tabs\">\n\t\t\n<ul class=\"tabs-nav\">\n<li>Tourverlauf<\/li>\n<li>Anmerkungen<\/li>\n<\/ul>\n\n\t\t<div class=\"pane\">\n\t\t\nFr\u00fch am Morgen brechen Sie mit ihrem Reiseleiter zum Salar de Atacama auf, einem Salzsee von gigantischen Ausma\u00dfen: 3000 km\u00b2! An der Oberfl\u00e4che befindet sich eine dicke Schicht heller Salzkristalle. Hier liegen die weltweit gr\u00f6\u00dften Lithium-Lagerst\u00e4tten, aber auch die Heimat dreier Flamingo-Arten, die sich von den Mikroorganismen der Lagunen ern\u00e4hren. An der im Salar de Atacama gelegenen \u00abLaguna Chaxa\u00bb k\u00f6nnen Sie die wundersch\u00f6nen Flamingos und andere Vogelarten in freier Wildbahn beobachten.<br \/>\nDanach geht es weiter zum D\u00f6rfchen Socaire, das auf 3218 m H\u00f6he liegt und sich durch eine ganz eigent\u00fcmliche Architektur aus groben Steinen auszeichnet. Hier essen Sie zu Mittag, bevor es ca. 30 km weiter und \u00fcber 1000 m h\u00f6her geht, zu den Hochlandlagunen Miscanti und Mi\u00f1iques mit den gleichnamigen, fast 6000 m hohen Vulkanen im Hintergrund. Die beiden Lagunen leuchten in einem tiefdunklen Blau und sind von wei\u00dfen Salzr\u00e4ndern umrahmt, gelbes Hochlandgras bildet einen eindrucksvollen Kontrast dazu. Hier ist es vollkommen still, auch die grasenden Vicu\u00f1as (eine Lamaart) durchbrechen diese majest\u00e4tische Stille nicht. Auf der R\u00fcckfahrt besichtigen Sie den gr\u00fcnen Dorfplatz des Oasenst\u00e4dtchens Toconao mit seinen gro\u00dfen Kakteen. Am sp\u00e4ten Nachmittag erfolgt R\u00fcckfahrt nach San Pedro.<br \/>\n\n\t\t<\/div>\n\t\n\n\t\t<div class=\"pane\">\n\t\t\nDer Salar de Atacama und das Dorf Toconao k\u00f6nnen auch im Rahmen eines Halbtagesausfluges besucht werden.<br \/>\n\n\t\t<\/div>\n\t\n\n\t\t<\/div>","protected":false},"excerpt":{"rendered":"<p>Art der Reise: Natur Dauer: 1 Tag<\/p>\n","protected":false},"author":16,"featured_media":0,"parent":96,"menu_order":0,"comment_status":"open","ping_status":"open","template":"","meta":{"slim_seo":{"title":"[:de]Salar de Atacama und Lagunas Altiplanicas[:en]Salar de Atacama and Lagunas Altiplanicas[:] - travelArt","description":"[:de] Salar de Atacama und Lagunas Altiplanicas Salar de Atacama und Lagunas Altiplanicas Salar de Atacama und Lagunas Altiplanicas Salar de Atacama und Lagunas"},"footnotes":""},"class_list":["post-115","page","type-page","status-publish","hentry"],"_links":{"self":[{"href":"https:\/\/www.chile-reise.com\/de\/wp-json\/wp\/v2\/pages\/115","targetHints":{"allow":["GET"]}}],"collection":[{"href":"https:\/\/www.chile-reise.com\/de\/wp-json\/wp\/v2\/pages"}],"about":[{"href":"https:\/\/www.chile-reise.com\/de\/wp-json\/wp\/v2\/types\/page"}],"author":[{"embeddable":true,"href":"https:\/\/www.chile-reise.com\/de\/wp-json\/wp\/v2\/users\/16"}],"replies":[{"embeddable":true,"href":"https:\/\/www.chile-reise.com\/de\/wp-json\/wp\/v2\/comments?post=115"}],"version-history":[{"count":0,"href":"https:\/\/www.chile-reise.com\/de\/wp-json\/wp\/v2\/pages\/115\/revisions"}],"up":[{"embeddable":true,"href":"https:\/\/www.chile-reise.com\/de\/wp-json\/wp\/v2\/pages\/96"}],"wp:attachment":[{"href":"https:\/\/www.chile-reise.com\/de\/wp-json\/wp\/v2\/media?parent=115"}],"curies":[{"name":"wp","href":"https:\/\/api.w.org\/{rel}","templated":true}]}}