{"id":104,"date":"2013-07-02T20:14:43","date_gmt":"2013-07-02T18:14:43","guid":{"rendered":"http:\/\/www.chile-reise.com\/wordpress\/?page_id=104"},"modified":"2019-07-26T15:53:53","modified_gmt":"2019-07-26T13:53:53","slug":"osterinsel","status":"publish","type":"page","link":"https:\/\/www.chile-reise.com\/de\/packages-daytrips\/osterinsel\/","title":{"rendered":"Osterinsel"},"content":{"rendered":"<img loading=\"lazy\" decoding=\"async\" class=\"alignleft size-thumbnail wp-image-699\" src=\"https:\/\/www.chile-reise.com\/wp-content\/uploads\/slider_osterinsel-240x140.jpg\" alt=\"slider_osterinsel\" width=\"240\" height=\"140\" \/>Mitten im Pazifischen Ozean liegt Rapa Nui, der \u00abNabel der Welt\u00bb. Knapp 3800 km vom Festland und gut 4200 km von Tahiti entfernt, gilt die Osterinsel als der Ort auf der Erde, der am weitesten von einem anderen bewohnten Ort entfernt ist. Lange vom Rest der Welt isoliert, birgt diese nicht einmal 25 km lange und breite Insel eine reichhaltige Geschichte, Kunst und Sprache. Die Insel hat die Form eines Dreiecks mit erloschenen Vulkankegeln an jeder der drei Inselspitzen. Wegen ihrer geringen Gr\u00f6\u00dfe und dem reichhaltigen Kulturerbe wirkt die gesamte Insel heute wie eine Art Freilichtmuseum mit ca. 1000 Moais (Statuen), Kultst\u00e4tten und alten H\u00f6hlenbehausungen, die zur Besichtigung offen stehen. Ein gro\u00dfer Teil der Osterinsel ist heute Nationalpark und UNESCO-Weltkulturerbe. Der Rapa Nui Nationalpark wurde im Jahre 1935 gegr\u00fcndet, um die arch\u00e4ologisch wichtigen Stellen auf der ganzen Insel zu sch\u00fctzen. Heute umfasst der Park fast die gesamte Insel. Hanga Roa ist die kleine Hauptstadt von Rapa Nui. Hier lebt der gr\u00f6\u00dfte Teil der knapp 6.000 Einwohner.<\/p>\n<h6>Unser Reiseangebot<\/h6>\n<span id=\"tablepress-5-description\" class=\"tablepress-table-description tablepress-table-description-id-5\"><\/span>\n\n<table id=\"tablepress-5\" class=\"tablepress tablepress-id-5\" aria-describedby=\"tablepress-5-description\">\n<thead>\n<tr class=\"row-1\">\n\t<th class=\"column-1\">Name der Reise<\/th><th class=\"column-2\">Art der Reise<\/th><th class=\"column-3\">Dauer<\/th>\n<\/tr>\n<\/thead>\n<tbody class=\"row-striping row-hover\">\n<tr class=\"row-2\">\n\t<td class=\"column-1\"><a href=\"rapa-nui-highlights\/\">Rapa Nui Highlights<\/a><\/td><td class=\"column-2\">Kultur<\/td><td class=\"column-3\">1 Tag<\/td>\n<\/tr>\n<tr class=\"row-3\">\n\t<td class=\"column-1\"><a href=\"reitausflug-zum-ahu-akivi\/\">Reitausflug zum Ahu Akivi<\/a><\/td><td class=\"column-2\">Aktiv<\/td><td class=\"column-3\">1 Tag<\/td>\n<\/tr>\n<tr class=\"row-4\">\n\t<td class=\"column-1\"><a href=\"bootsausflug-zu-den-drei-motus\/\">Bootsausflug zu den \u201eDrei Motus\u201c<\/a><\/td><td class=\"column-2\">Natur<\/td><td class=\"column-3\">1 Tag<\/td>\n<\/tr>\n<tr class=\"row-5\">\n\t<td class=\"column-1\"><a href=\"vulkan-terevaka\/\">Vulkan Terevaka<\/a><\/td><td class=\"column-2\">Aktiv<\/td><td class=\"column-3\">1 Tag<\/td>\n<\/tr>\n<tr class=\"row-6\">\n\t<td class=\"column-1\"><a href=\"wanderung-nach-anakena\/\">Wanderung nach Anakena<\/a><\/td><td class=\"column-2\">Aktiv<\/td><td class=\"column-3\">1 Tag<\/td>\n<\/tr>\n<tr class=\"row-7\">\n\t<td class=\"column-1\"><a href=\"folklore-tanzshow-und-umu-essen\/\">Folklore-Tanzshow und \u201cUmu\u201d-Essen<\/a><\/td><td class=\"column-2\">Kultur<\/td><td class=\"column-3\">1 Tag<\/td>\n<\/tr>\n<tr class=\"row-8\">\n\t<td class=\"column-1\"><a href=\"auf-den-spuren-der-vogelmenschen-rano-kau-und-orongo\/\">Auf den Spuren der Vogelmenschen \u2013 Rano Kau und Orongo<\/a><\/td><td class=\"column-2\">Kultur<\/td><td class=\"column-3\">1 Tag<\/td>\n<\/tr>\n<tr class=\"row-9\">\n\t<td class=\"column-1\"><a href=\"ahu-akivi-und-steinbruch-puna-pau\/\">Ahu Akivi und Steinbruch Puna Pau<\/a><\/td><td class=\"column-2\">Kultur<\/td><td class=\"column-3\">1 Tag<\/td>\n<\/tr>\n<\/tbody>\n<\/table>\n<!-- #tablepress-5 from cache -->","protected":false},"excerpt":{"rendered":"<p>Mitten im Pazifischen Ozean liegt Rapa Nui, der \u00abNabel der Welt\u00bb. Knapp 3800 km vom Festland und gut 4200 km von Tahiti entfernt, gilt die Osterinsel als der Ort auf der Erde, der am weitesten von einem anderen bewohnten Ort &#8230;<\/p>\n","protected":false},"author":16,"featured_media":0,"parent":88,"menu_order":0,"comment_status":"open","ping_status":"open","template":"","meta":{"slim_seo":{"title":"[:de]Osterinsel[:en]Easter Island[:] - travelArt","description":"[:de] Mitten im Pazifischen Ozean liegt Rapa Nui, der \u00abNabel der Welt\u00bb. Knapp 3800 km vom Festland und gut 4200 km von Tahiti entfernt, gilt die Osterinsel als"},"footnotes":""},"class_list":["post-104","page","type-page","status-publish","hentry"],"_links":{"self":[{"href":"https:\/\/www.chile-reise.com\/de\/wp-json\/wp\/v2\/pages\/104","targetHints":{"allow":["GET"]}}],"collection":[{"href":"https:\/\/www.chile-reise.com\/de\/wp-json\/wp\/v2\/pages"}],"about":[{"href":"https:\/\/www.chile-reise.com\/de\/wp-json\/wp\/v2\/types\/page"}],"author":[{"embeddable":true,"href":"https:\/\/www.chile-reise.com\/de\/wp-json\/wp\/v2\/users\/16"}],"replies":[{"embeddable":true,"href":"https:\/\/www.chile-reise.com\/de\/wp-json\/wp\/v2\/comments?post=104"}],"version-history":[{"count":0,"href":"https:\/\/www.chile-reise.com\/de\/wp-json\/wp\/v2\/pages\/104\/revisions"}],"up":[{"embeddable":true,"href":"https:\/\/www.chile-reise.com\/de\/wp-json\/wp\/v2\/pages\/88"}],"wp:attachment":[{"href":"https:\/\/www.chile-reise.com\/de\/wp-json\/wp\/v2\/media?parent=104"}],"curies":[{"name":"wp","href":"https:\/\/api.w.org\/{rel}","templated":true}]}}