{"id":103,"date":"2013-07-02T20:14:04","date_gmt":"2013-07-02T18:14:04","guid":{"rendered":"http:\/\/www.chile-reise.com\/wordpress\/?page_id=103"},"modified":"2019-07-26T15:53:26","modified_gmt":"2019-07-26T13:53:26","slug":"patagonien","status":"publish","type":"page","link":"https:\/\/www.chile-reise.com\/de\/packages-daytrips\/patagonien\/","title":{"rendered":"Patagonien"},"content":{"rendered":"<img loading=\"lazy\" decoding=\"async\" class=\"alignleft size-thumbnail wp-image-926\" src=\"https:\/\/www.chile-reise.com\/wp-content\/uploads\/slider_patagonien1-240x140.jpg\" alt=\"slider_patagonien\" width=\"240\" height=\"140\" \/>Patagonien ist ein bekannter Name f\u00fcr ein wenig bekanntes Land am s\u00fcdlichen \u00abEnde der Welt\u00bb, das seinen ganz eigenen Zauber inne hat. Von den St\u00e4dten des einstigen Woll-Booms bis zu den Gletschern und Gipfeln der Nationalparks entfaltet sich eine der letzten urspr\u00fcnglich gebliebenen Regionen der Welt. Die drei steil in den Himmel ragenden Granitspitzen \u00abTorres del Paine\u00bb sind das wohl bekannteste Bild Chiles. Dieser Nationalpark ist das unbestrittene Highlight Patagoniens, wenn nicht sogar des ganzen Landes. Die n\u00f6rdliche Grenze des Parks ist durch gewaltige Gletscher gekennzeichnet. Hier endet das gigantische \u00abS\u00fcdliche Eisfeld\u00bb. Der Grey-Gletscher schmilzt dort langsam in den gleichnamigen See hinein und produziert fantastische Eisberge in allen Gr\u00fcn- und Blaut\u00f6nen. Der Park ist Heimat f\u00fcr eine Vielzahl von Wildtieren: Guanakos, Nandus und Hunderte von Vogelarten, einschlie\u00dflich des Kondors, leben hier.<\/p>\n<h6>Unser Reiseangebot<\/h6>\n<span id=\"tablepress-6-description\" class=\"tablepress-table-description tablepress-table-description-id-6\"><\/span>\n\n<table id=\"tablepress-6\" class=\"tablepress tablepress-id-6\" aria-describedby=\"tablepress-6-description\">\n<thead>\n<tr class=\"row-1\">\n\t<th class=\"column-1\">Name der Reise<\/th><th class=\"column-2\">Art der Reise<\/th><th class=\"column-3\">Dauer<\/th>\n<\/tr>\n<\/thead>\n<tbody class=\"row-striping row-hover\">\n<tr class=\"row-2\">\n\t<td class=\"column-1\"><a href=\"estancia-penitente\/\">Estancia Penitente (nur f\u00fcr Gruppen)<\/a><\/td><td class=\"column-2\">Kultur<\/td><td class=\"column-3\">1 Tag<\/td>\n<\/tr>\n<tr class=\"row-3\">\n\t<td class=\"column-1\"><a href=\"w-trekking-im-torres-del-paine-nationalpark\/\">\u201eW-Trekking\u201c im Torres del Paine Nationalpark<\/a><\/td><td class=\"column-2\">Aktiv<\/td><td class=\"column-3\">5 Tage<\/td>\n<\/tr>\n<tr class=\"row-4\">\n\t<td class=\"column-1\"><a href=\"zwischen-fels-und-eis\/\">Zwischen Fels und Eis<\/a><\/td><td class=\"column-2\">Natur<\/td><td class=\"column-3\">5 Tage<\/td>\n<\/tr>\n<tr class=\"row-5\">\n\t<td class=\"column-1\"><a href=\"wunder-aus-eis-der-perito-moreno-gletscher\/\">Wunder aus Eis: Perito Moreno Gletscher<\/a><\/td><td class=\"column-2\">Natur<\/td><td class=\"column-3\">1 Tag<\/td>\n<\/tr>\n<tr class=\"row-6\">\n\t<td class=\"column-1\"><a href=\"balmaceda-serrano-gletscher-exkursion-und-estancia-perales\/\">Balmaceda-Serrano Gletscher-Exkursion und Estancia Perales<\/a><\/td><td class=\"column-2\">Natur<\/td><td class=\"column-3\">1 Tag<\/td>\n<\/tr>\n<tr class=\"row-7\">\n\t<td class=\"column-1\"><a href=\"milodonhoehle\/\">Milodonh\u00f6hle<\/a><\/td><td class=\"column-2\">Natur<\/td><td class=\"column-3\">1 Tag<\/td>\n<\/tr>\n<tr class=\"row-8\">\n\t<td class=\"column-1\"><a href=\"torres-del-paine-nationalpark-und-grey-gletscher\/\">Torres del Paine und Grey-Gletscher<\/a><\/td><td class=\"column-2\">Natur<\/td><td class=\"column-3\">1 Tag<\/td>\n<\/tr>\n<tr class=\"row-9\">\n\t<td class=\"column-1\"><a href=\"nao-victoria\/\">Nao Victoria Museum<\/a><\/td><td class=\"column-2\">Kultur<\/td><td class=\"column-3\">1 Tag<\/td>\n<\/tr>\n<tr class=\"row-10\">\n\t<td class=\"column-1\"><a href=\"feuerland-und-porvenir\/\">Feuerland und Porvenir<\/a><\/td><td class=\"column-2\">Kultur <\/td><td class=\"column-3\">1 Tag<\/td>\n<\/tr>\n<tr class=\"row-11\">\n\t<td class=\"column-1\"><a href=\"estancia-fitz-roy\/\">Estancia Fitz Roy (nur f\u00fcr Gruppen)<\/a><\/td><td class=\"column-2\">Kultur<\/td><td class=\"column-3\">1 Tag<\/td>\n<\/tr>\n<tr class=\"row-12\">\n\t<td class=\"column-1\"><a href=\"pinguininsel-magdalena\/\">Pinguininsel Magdalena<\/a><\/td><td class=\"column-2\">Natur<\/td><td class=\"column-3\">1 Tag<\/td>\n<\/tr>\n<tr class=\"row-13\">\n\t<td class=\"column-1\"><a href=\"citytour-punta-arenas\/\">Citytour Punta Arenas<\/a><\/td><td class=\"column-2\">Kultur<\/td><td class=\"column-3\">1 Tag<\/td>\n<\/tr>\n<tr class=\"row-14\">\n\t<td class=\"column-1\"><a href=\"kayak-in-der-agua-fresca-bucht\/\">Kayak in der Agua Fresca Bucht<\/a><\/td><td class=\"column-2\">Aktiv<\/td><td class=\"column-3\">1 Tag<\/td>\n<\/tr>\n<\/tbody>\n<\/table>\n<!-- #tablepress-6 from cache -->","protected":false},"excerpt":{"rendered":"<p>Patagonien ist ein bekannter Name f\u00fcr ein wenig bekanntes Land am s\u00fcdlichen \u00abEnde der Welt\u00bb, das seinen ganz eigenen Zauber inne hat. Von den St\u00e4dten des einstigen Woll-Booms bis zu den Gletschern und Gipfeln der Nationalparks entfaltet sich eine der &#8230;<\/p>\n","protected":false},"author":16,"featured_media":0,"parent":88,"menu_order":0,"comment_status":"open","ping_status":"open","template":"","meta":{"slim_seo":{"title":"[:de]Patagonien[:en]Patagonia[:] - travelArt","description":"[:de] Patagonien ist ein bekannter Name f\u00fcr ein wenig bekanntes Land am s\u00fcdlichen \u00abEnde der Welt\u00bb, das seinen ganz eigenen Zauber inne hat. Von den St\u00e4dten des"},"footnotes":""},"class_list":["post-103","page","type-page","status-publish","hentry"],"_links":{"self":[{"href":"https:\/\/www.chile-reise.com\/de\/wp-json\/wp\/v2\/pages\/103","targetHints":{"allow":["GET"]}}],"collection":[{"href":"https:\/\/www.chile-reise.com\/de\/wp-json\/wp\/v2\/pages"}],"about":[{"href":"https:\/\/www.chile-reise.com\/de\/wp-json\/wp\/v2\/types\/page"}],"author":[{"embeddable":true,"href":"https:\/\/www.chile-reise.com\/de\/wp-json\/wp\/v2\/users\/16"}],"replies":[{"embeddable":true,"href":"https:\/\/www.chile-reise.com\/de\/wp-json\/wp\/v2\/comments?post=103"}],"version-history":[{"count":0,"href":"https:\/\/www.chile-reise.com\/de\/wp-json\/wp\/v2\/pages\/103\/revisions"}],"up":[{"embeddable":true,"href":"https:\/\/www.chile-reise.com\/de\/wp-json\/wp\/v2\/pages\/88"}],"wp:attachment":[{"href":"https:\/\/www.chile-reise.com\/de\/wp-json\/wp\/v2\/media?parent=103"}],"curies":[{"name":"wp","href":"https:\/\/api.w.org\/{rel}","templated":true}]}}