{"id":102,"date":"2013-07-02T20:13:37","date_gmt":"2013-07-02T18:13:37","guid":{"rendered":"http:\/\/www.chile-reise.com\/wordpress\/?page_id=102"},"modified":"2019-07-26T15:53:05","modified_gmt":"2019-07-26T13:53:05","slug":"carretera-austral","status":"publish","type":"page","link":"https:\/\/www.chile-reise.com\/de\/packages-daytrips\/carretera-austral\/","title":{"rendered":"Carretera Austral"},"content":{"rendered":"<a href=\"https:\/\/www.chile-reise.com\/packages-daytrips\/carretera-austral\/ersatzfoto-carretera-austral-kleines-bild\/\" rel=\"attachment wp-att-3341\"><img loading=\"lazy\" decoding=\"async\" class=\"alignleft size-thumbnail wp-image-3341\" src=\"https:\/\/www.chile-reise.com\/wp-content\/uploads\/Ersatzfoto-Carretera-Austral-kleines-Bild-240x140.jpg\" alt=\"RN Rio Simpson, Carretera Austral\" width=\"240\" height=\"140\" \/><\/a>Durch Urw\u00e4lder und K\u00fcstengebiete, \u00fcber Fl\u00fcsse und Seen, durch Felsen, an Fjorden und Str\u00e4nden entlang wurde 20 Jahre lang an der Carretera Austral gebaut, bis sie im Jahr 1996 fertig gestellt wurde. Vorher unzug\u00e4ngliche Gebiete wurden so erschlossen. Beginnend in Puerto Montt, windet sich die Carretera Austral \u00fcber 1100 km, teilweise asphaltiert, bis in das Dorf Caleta Tortel. Der Besuch dieser Gegend ist wie eine Zeitreise in die Vergangenheit. Pferde und Ochsenkarren sind auch heute noch f\u00fcr viele das \u00fcbliche Transportmittel. Wenn Sie Abenteuer und Erholung weit entfernt von den ausgetretenen Touristenpfaden suchen, finden Sie hier das Ersehnte, eine unber\u00fchrte Wildnis.<\/p>\n<h6>Unser Reiseangebot<\/h6>\n<span id=\"tablepress-3-description\" class=\"tablepress-table-description tablepress-table-description-id-3\"><\/span>\n\n<table id=\"tablepress-3\" class=\"tablepress tablepress-id-3\" aria-describedby=\"tablepress-3-description\">\n<thead>\n<tr class=\"row-1\">\n\t<th class=\"column-1\">Name der Reise<\/th><th class=\"column-2\">Art der Reise<\/th><th class=\"column-3\">Dauer<\/th>\n<\/tr>\n<\/thead>\n<tbody class=\"row-striping row-hover\">\n<tr class=\"row-2\">\n\t<td class=\"column-1\"><a href=\"die-wilde-schoenheit-von-aysen\/\">Die wilde Sch\u00f6nheit von Ays\u00e9n<\/a><\/td><td class=\"column-2\">Natur<\/td><td class=\"column-3\">4 Tage<\/td>\n<\/tr>\n<tr class=\"row-3\">\n\t<td class=\"column-1\"><a href=\"natur-pur-terra-luna\/\">Natur Pur \u2013 Terra Luna<\/a><\/td><td class=\"column-2\">Natur \/ Aktiv<\/td><td class=\"column-3\">4 Tage<\/td>\n<\/tr>\n<tr class=\"row-4\">\n\t<td class=\"column-1\"><a href=\"trekking-cerro-castillo\/\">Trekking Cerro Castillo<\/a><\/td><td class=\"column-2\">Aktiv<\/td><td class=\"column-3\">4 Tage<\/td>\n<\/tr>\n<tr class=\"row-5\">\n\t<td class=\"column-1\"><a href=\"durch-die-grune-wildnis-elizalde-see-und-simpsontal\/\">Durch die gr\u00fcne Wildnis: Elizalde-See und Simpsontal<\/a><\/td><td class=\"column-2\">Natur<\/td><td class=\"column-3\">1 Tag<\/td>\n<\/tr>\n<tr class=\"row-6\">\n\t<td class=\"column-1\"><a href=\"flug-uber-die-laguna-san-rafael\/\">Flug \u00fcber die Laguna San Rafael<\/a><\/td><td class=\"column-2\">Natur<\/td><td class=\"column-3\">1 Tag<\/td>\n<\/tr>\n<tr class=\"row-7\">\n\t<td class=\"column-1\"><a href=\"kunstwerk-der-natur-die-marmorkathedrale\/\">Kunstwerk der Natur: Die Marmorkathedrale<\/a><\/td><td class=\"column-2\">Natur<\/td><td class=\"column-3\">1 Tag<\/td>\n<\/tr>\n<tr class=\"row-8\">\n\t<td class=\"column-1\"><a href=\"naturpark-aiken-del-sur\/\">Naturpark Aiken del Sur<\/a><\/td><td class=\"column-2\">Natur<\/td><td class=\"column-3\">1 Tag<\/td>\n<\/tr>\n<tr class=\"row-9\">\n\t<td class=\"column-1\"><a href=\"queulat-nationalpark\/\">Queulat Nationalpark<\/a><\/td><td class=\"column-2\">Natur<\/td><td class=\"column-3\">1 Tag<\/td>\n<\/tr>\n<\/tbody>\n<\/table>\n<!-- #tablepress-3 from cache -->","protected":false},"excerpt":{"rendered":"<p>Durch Urw\u00e4lder und K\u00fcstengebiete, \u00fcber Fl\u00fcsse und Seen, durch Felsen, an Fjorden und Str\u00e4nden entlang wurde 20 Jahre lang an der Carretera Austral gebaut, bis sie im Jahr 1996 fertig gestellt wurde. Vorher unzug\u00e4ngliche Gebiete wurden so erschlossen. Beginnend in &#8230;<\/p>\n","protected":false},"author":16,"featured_media":0,"parent":88,"menu_order":0,"comment_status":"open","ping_status":"open","template":"","meta":{"slim_seo":{"title":"Carretera Austral - travelArt","description":"[:de] Durch Urw\u00e4lder und K\u00fcstengebiete, \u00fcber Fl\u00fcsse und Seen, durch Felsen, an Fjorden und Str\u00e4nden entlang wurde 20 Jahre lang an der Carretera Austral gebaut,"},"footnotes":""},"class_list":["post-102","page","type-page","status-publish","hentry"],"_links":{"self":[{"href":"https:\/\/www.chile-reise.com\/de\/wp-json\/wp\/v2\/pages\/102","targetHints":{"allow":["GET"]}}],"collection":[{"href":"https:\/\/www.chile-reise.com\/de\/wp-json\/wp\/v2\/pages"}],"about":[{"href":"https:\/\/www.chile-reise.com\/de\/wp-json\/wp\/v2\/types\/page"}],"author":[{"embeddable":true,"href":"https:\/\/www.chile-reise.com\/de\/wp-json\/wp\/v2\/users\/16"}],"replies":[{"embeddable":true,"href":"https:\/\/www.chile-reise.com\/de\/wp-json\/wp\/v2\/comments?post=102"}],"version-history":[{"count":0,"href":"https:\/\/www.chile-reise.com\/de\/wp-json\/wp\/v2\/pages\/102\/revisions"}],"up":[{"embeddable":true,"href":"https:\/\/www.chile-reise.com\/de\/wp-json\/wp\/v2\/pages\/88"}],"wp:attachment":[{"href":"https:\/\/www.chile-reise.com\/de\/wp-json\/wp\/v2\/media?parent=102"}],"curies":[{"name":"wp","href":"https:\/\/api.w.org\/{rel}","templated":true}]}}