{"id":10171,"date":"2020-04-23T00:33:19","date_gmt":"2020-04-22T22:33:19","guid":{"rendered":"http:\/\/www.chile-reise.com\/?page_id=10171"},"modified":"2023-05-12T16:20:11","modified_gmt":"2023-05-12T14:20:11","slug":"travel-to-chile","status":"publish","type":"page","link":"https:\/\/www.chile-reise.com\/de\/travel-to-chile\/","title":{"rendered":"REISEN NACH CHILE &#8211; Was Sie wissen sollten"},"content":{"rendered":"<a href=\"https:\/\/www.chile-reise.com\/wp-content\/uploads\/Bienvenido-Chile.gif\"><img decoding=\"async\" src=\"https:\/\/www.chile-reise.com\/wp-content\/uploads\/Bienvenido-Chile.gif\" border=\"0\" alt=\"Bienvenido\"><\/a><\/p>\n<h2>EINREISE NACH CHILE<\/h2>\n<p><img loading=\"lazy\" decoding=\"async\" src=\"https:\/\/www.chile-reise.com\/wp-content\/uploads\/arrow.gif\" alt=\"\" style=\"border:none;\" width=\"700\" height=\"50\" class=\"aligncenter size-full wp-image-14450\" \/><\/p>\n<p>Auf der <strong>offiziellen Webseite <a href=\"https:\/\/chile.travel\/en\/traveltochileplan\" target=\"_blank\" rel=\"noopener noreferrer\">chile.travel\/planviajarachile<\/a><\/strong>, die auch in englischer Sprache verf\u00fcgbar ist, finden Sie umfangreiche Informationen \u00fcber die Vorausssetzungen zur Einreise nach Chile, die Weiterreise innerhalb des Landes sowie Zusatzinformationen.<\/p>\n<h2>HINWEISE &#038; EMPFEHLUNGEN<\/h2>\n<ul>\n<li><strong>Eidesstattliche Erkl\u00e4rung SAG<\/strong> (Servicio Agr\u00edcola y Ganadero): Reisen Sie nicht mit verbotenen Produkten in Chile ein. <strong>Deklarieren Sie digital<\/strong> vor Antritt Ihrer Reise (empfohlen falls keine<br \/>\nInternetverbindung bestehen sollte) auf <a href=\"https:\/\/ingresoachile.cl\/\" rel=\"noopener\" target=\"_blank\">ingresoachile.cl<\/a><\/li>\n<li>Der Abschluss einer <strong>Reisekrankenversicherung<\/strong>, die alle durch Covid-19 verursachten Kosten abdeckt, ist <strong>nicht mehr zwingend erforderlich<\/strong>. Dennoch empfehlen wir Ihnen den Abschluss einer solchen Versicherung, wenn Sie in unser Land reisen.<\/li>\n<\/ul>\n<h2>GE\u00d6FFNETE LANDGRENZ\u00dcBERG\u00c4NGE<\/h2>\n<p>Chiles Landgrenz\u00fcberg\u00e4nge sind an den internationalen Grenzen zu Argentinien, Bolivien und Peru.<br \/>\n<a href=\"https:\/\/www.pasosfronterizos.gov.cl\/complejos-fronterizos\/\" rel=\"noopener\" target=\"_blank\"><strong>Hier<\/strong><\/a> k\u00f6nnen Sie den Status der Grenzen einsehen.<\/p>\n<h2>EINREISE AUF DIE OSTERINSEL<\/h2>\n<ul>\n<li>Ausf\u00fcllen des <strong>Rapa Nui Einreiseformulars (FUI)<\/strong> vor Abflug. Dieses Formular ist unter <a href=\"https:\/\/ingresorapanui.interior.gob.cl\/\" rel=\"noopener\" target=\"_blank\">https:\/\/ingresorapanui.interior.gob.cl\/<\/a> erh\u00e4ltlich.<\/li>\n<li>Hin- und R\u00fcckflugticket f\u00fcr maximal 30 Tage einschlie\u00dflich An- und Abreisetag.<\/li>\n<li>Erwerben Sie Ihr Ticket f\u00fcr die Besichtigung des Rapa Nui National Park online <a href=\"https:\/\/www.rapanuinationalpark.com\/en\/pages\/compra-de-tickets\" rel=\"noopener\" target=\"_blank\">hier<\/a><\/li>\n<\/ul>\n<p><img loading=\"lazy\" decoding=\"async\" src=\"https:\/\/www.chile-reise.com\/wp-content\/uploads\/angenehmer-Aufenthalt-700x400.jpg\" alt=\"couple in Atacama desert in Chile\" width=\"700\" height=\"400\" class=\"alignleft size-full wp-image-15060\" srcset=\"https:\/\/www.chile-reise.com\/wp-content\/uploads\/angenehmer-Aufenthalt-700x400.jpg 700w, https:\/\/www.chile-reise.com\/wp-content\/uploads\/angenehmer-Aufenthalt-578x330.jpg 578w\" sizes=\"auto, (max-width: 700px) 100vw, 700px\" \/>","protected":false},"excerpt":{"rendered":"<p>EINREISE NACH CHILE Auf der offiziellen Webseite chile.travel\/planviajarachile, die auch in englischer Sprache verf\u00fcgbar ist, finden Sie umfangreiche Informationen \u00fcber die Vorausssetzungen zur Einreise nach Chile, die Weiterreise innerhalb des Landes sowie Zusatzinformationen. HINWEISE &#038; EMPFEHLUNGEN Eidesstattliche Erkl\u00e4rung SAG (Servicio &#8230;<\/p>\n","protected":false},"author":16,"featured_media":0,"parent":0,"menu_order":0,"comment_status":"closed","ping_status":"closed","template":"","meta":{"slim_seo":{"title":"(English) TRAVEL TO CHILE IN COVID TIMES | travelArt","description":"Sie planen eine Reise nach Chile? Finden Sie hier Informationen \u00fcber den Stand der Coronavirus-Situation in Chile | Covid 19"},"footnotes":""},"class_list":["post-10171","page","type-page","status-publish","hentry"],"_links":{"self":[{"href":"https:\/\/www.chile-reise.com\/de\/wp-json\/wp\/v2\/pages\/10171","targetHints":{"allow":["GET"]}}],"collection":[{"href":"https:\/\/www.chile-reise.com\/de\/wp-json\/wp\/v2\/pages"}],"about":[{"href":"https:\/\/www.chile-reise.com\/de\/wp-json\/wp\/v2\/types\/page"}],"author":[{"embeddable":true,"href":"https:\/\/www.chile-reise.com\/de\/wp-json\/wp\/v2\/users\/16"}],"replies":[{"embeddable":true,"href":"https:\/\/www.chile-reise.com\/de\/wp-json\/wp\/v2\/comments?post=10171"}],"version-history":[{"count":0,"href":"https:\/\/www.chile-reise.com\/de\/wp-json\/wp\/v2\/pages\/10171\/revisions"}],"wp:attachment":[{"href":"https:\/\/www.chile-reise.com\/de\/wp-json\/wp\/v2\/media?parent=10171"}],"curies":[{"name":"wp","href":"https:\/\/api.w.org\/{rel}","templated":true}]}}