{"id":101,"date":"2013-07-02T20:12:57","date_gmt":"2013-07-02T18:12:57","guid":{"rendered":"http:\/\/www.chile-reise.com\/wordpress\/?page_id=101"},"modified":"2019-07-26T15:52:13","modified_gmt":"2019-07-26T13:52:13","slug":"seengebiet","status":"publish","type":"page","link":"https:\/\/www.chile-reise.com\/de\/packages-daytrips\/seengebiet\/","title":{"rendered":"Seengebiet"},"content":{"rendered":"<img loading=\"lazy\" decoding=\"async\" class=\"alignleft size-thumbnail wp-image-924\" src=\"https:\/\/www.chile-reise.com\/wp-content\/uploads\/slider_seengebiet1-240x140.jpg\" alt=\"slider_seengebiet\" width=\"240\" height=\"140\" \/>Wenn Sie in Chile\u00b4s Seengebiet fliegen, sichern Sie sich einen Sitzplatz auf der linken Seite des Flugzeugs, denn von dort sehen Sie die Vulkane und Seen in ihrer ganzen Pracht mit den sich im Hintergrund auft\u00fcrmenden Anden. Beim Wandern, Klettern, Raften, Reiten, Segeln, Kayaken, Angeln und und &#8230; erlebt man hier eine urspr\u00fcngliche, gro\u00dfartige Natur- und Tierwelt. Es gibt M\u00e4rkte, historische D\u00f6rfer, lebendige St\u00e4dte mit einer interessanten Holzschindel-Architektur, von Generation zu Generation \u00fcberlieferte Erz\u00e4hlungen von Ungeheuern und Kobolden und eine K\u00fcche basierend auf dem Besten, was das Meer zu bieten hat: Lachse, Muscheln, K\u00f6nigskrabben, Austern &#8230;<\/p>\n<p>Im Seengebiet gibt es f\u00fcr jeden etwas, egal, ob Sie aktiv sein, die Kultur der Mapuche erkunden, den Spuren der ersten deutschen Siedler folgen m\u00f6chten oder ob Sie es vorziehen, einfach nur die F\u00fc\u00dfe hochzulegen und bei einem guten Glas Wein die Landschaft zu genie\u00dfen.<\/p>\n<h6>Unser Reiseangebot<\/h6>\n<span id=\"tablepress-8-description\" class=\"tablepress-table-description tablepress-table-description-id-8\"><\/span>\n\n<table id=\"tablepress-8\" class=\"tablepress tablepress-id-8\" aria-describedby=\"tablepress-8-description\">\n<thead>\n<tr class=\"row-1\">\n\t<th class=\"column-1\">Name der Reise<\/th><th class=\"column-2\">Art der Reise<\/th><th class=\"column-3\">Ort<\/th><th class=\"column-4\">Dauer<\/th>\n<\/tr>\n<\/thead>\n<tbody class=\"row-striping row-hover\">\n<tr class=\"row-2\">\n\t<td class=\"column-1\"><a href=\"seenueberquerung\/\" target=\"_blank\" rel=\"noopener\">Seen\u00fcberquerung<\/a><\/td><td class=\"column-2\">Natur<\/td><td class=\"column-3\">s\u00fcdliches Seengebiet \/ Puerto Varas<\/td><td class=\"column-4\">3 Tage<\/td>\n<\/tr>\n<tr class=\"row-3\">\n\t<td class=\"column-1\"><a href=\"castro-und-dalcahue\/\" target=\"_blank\" rel=\"noopener\">Castro und Dalcahue<\/a><\/td><td class=\"column-2\">Kultur<\/td><td class=\"column-3\">Chilo\u00e9<\/td><td class=\"column-4\">1 Tag<\/td>\n<\/tr>\n<tr class=\"row-4\">\n\t<td class=\"column-1\"><a href=\"ancud-und-die-pinguinkolonie-punihuil\/\" target=\"_blank\" rel=\"noopener\">Ancud und die Pinguinkolonie Pu\u00f1ihuil<\/a><\/td><td class=\"column-2\">Natur<\/td><td class=\"column-3\">Chilo\u00e9<\/td><td class=\"column-4\">1 Tag<\/td>\n<\/tr>\n<tr class=\"row-5\">\n\t<td class=\"column-1\"><a href=\"idylle-am-reloncavi-fjord\/\" target=\"_blank\" rel=\"noopener\">Idylle am Reloncav\u00ed-Fjord<\/a><\/td><td class=\"column-2\">Natur \/ Kultur<\/td><td class=\"column-3\">s\u00fcdliches Seengebiet \/ Puerto Varas<\/td><td class=\"column-4\">1 Tag<\/td>\n<\/tr>\n<tr class=\"row-6\">\n\t<td class=\"column-1\"><a href=\"rundfahrt-um-den-llanquihue-see\/\" target=\"_blank\" rel=\"noopener\">Rundfahrt um den Llanquihue-See<\/a><\/td><td class=\"column-2\">Natur \/ Kultur<\/td><td class=\"column-3\">s\u00fcdliches Seengebiet \/ Puerto Varas<\/td><td class=\"column-4\">1 Tag<\/td>\n<\/tr>\n<tr class=\"row-7\">\n\t<td class=\"column-1\"><a href=\"katamaranfahrt-uber-den-todos-los-santos-see\/\" target=\"_blank\" rel=\"noopener\">Katamaranfahrt \u00fcber den Todos los Santos-See<\/a><\/td><td class=\"column-2\">Natur<\/td><td class=\"column-3\">s\u00fcdliches Seengebiet \/ Puerto Varas<\/td><td class=\"column-4\">1 Tag<\/td>\n<\/tr>\n<tr class=\"row-8\">\n\t<td class=\"column-1\"><a href=\"saltos-de-petrohue-und-vulkan-osorno\/\" target=\"_blank\" rel=\"noopener\">Saltos de Petrohue und Vulkan Osorno<\/a><\/td><td class=\"column-2\">Natur<\/td><td class=\"column-3\">s\u00fcdliches Seengebiet \/ Puerto Varas<\/td><td class=\"column-4\">1 Tag<\/td>\n<\/tr>\n<tr class=\"row-9\">\n\t<td class=\"column-1\"><a href=\"auf-den-spuren-der-deutschen-einwanderer-frutillar\/\" target=\"_blank\" rel=\"noopener\">Auf den Spuren der deutschen Einwanderer \u2013 Frutillar<\/a><\/td><td class=\"column-2\">Kultur<\/td><td class=\"column-3\">s\u00fcdliches Seengebiet \/ Puerto Varas<\/td><td class=\"column-4\">1 Tag<\/td>\n<\/tr>\n<tr class=\"row-10\">\n\t<td class=\"column-1\"><a href=\"fliegenfischen\/\" target=\"_blank\" rel=\"noopener\">Fliegenfischen<\/a><\/td><td class=\"column-2\">Natur<\/td><td class=\"column-3\">s\u00fcdliches Seengebiet \/ Puerto Varas<\/td><td class=\"column-4\">1 Tag<\/td>\n<\/tr>\n<tr class=\"row-11\">\n\t<td class=\"column-1\"><a href=\"seekayak-im-reloncavi-fjord\/\" target=\"_blank\" rel=\"noopener\">Seekayak im Reloncav\u00ed-Fjord<\/a><\/td><td class=\"column-2\">Natur<\/td><td class=\"column-3\">s\u00fcdliches Seengebiet \/ Puerto Varas<\/td><td class=\"column-4\">1 Tag<\/td>\n<\/tr>\n<tr class=\"row-12\">\n\t<td class=\"column-1\"><a href=\"rafting-rio-petrohue\/\" target=\"_blank\" rel=\"noopener\">Rafting Rio Petrohue<\/a><\/td><td class=\"column-2\">Aktiv<\/td><td class=\"column-3\">s\u00fcdliches Seengebiet \/ Puerto Varas<\/td><td class=\"column-4\">1 Tag<\/td>\n<\/tr>\n<tr class=\"row-13\">\n\t<td class=\"column-1\"><a href=\"rafting-rio-trancura\/\" target=\"_blank\" rel=\"noopener\">Rafting Rio Trancura<\/a><\/td><td class=\"column-2\">Aktiv<\/td><td class=\"column-3\">n\u00f6rdliches Seengebiert \/ <br \/>\nPuc\u00f3n<\/td><td class=\"column-4\">1 Tag<\/td>\n<\/tr>\n<tr class=\"row-14\">\n\t<td class=\"column-1\"><a href=\"wandern-an-den-vulkanen-osorno-und-calbuco\/\" target=\"_blank\" rel=\"noopener\">Wandern an den Vulkanen Osorno und Calbuco<\/a><\/td><td class=\"column-2\">Aktiv<\/td><td class=\"column-3\">s\u00fcdliches Seengebiet \/ Puerto Varas<\/td><td class=\"column-4\">4 Tage<\/td>\n<\/tr>\n<tr class=\"row-15\">\n\t<td class=\"column-1\"><a href=\"wanderung-el-solitario\/\" target=\"_blank\" rel=\"noopener\">Wanderung \u201cEl Solitario\u201d<\/a><\/td><td class=\"column-2\">Aktiv<\/td><td class=\"column-3\">s\u00fcdliches Seengebiet \/ Puerto Varas<\/td><td class=\"column-4\">1 Tag<\/td>\n<\/tr>\n<tr class=\"row-16\">\n\t<td class=\"column-1\"><a href=\"im-schatten-des-vulkan-calbuco-naturpark-llanquihue\/\" target=\"_blank\" rel=\"noopener\">Im Schatten des Vulkan Calbuco \u2013 Naturpark Llanquihue<\/a><\/td><td class=\"column-2\">Aktiv<\/td><td class=\"column-3\">s\u00fcdliches Seengebiet \/ Puerto Varas<\/td><td class=\"column-4\">1 Tag<\/td>\n<\/tr>\n<tr class=\"row-17\">\n\t<td class=\"column-1\"><a href=\"land-der-araukarien-huerquehue-nationalpark\/\" target=\"_blank\" rel=\"noopener\">Land der Araukarien \u2013 Huerquehue Nationalpark<\/a><\/td><td class=\"column-2\">Aktiv<\/td><td class=\"column-3\">n\u00f6rdliches Seengebiet \/ <br \/>\nPuc\u00f3n<\/td><td class=\"column-4\">1 Tag<\/td>\n<\/tr>\n<tr class=\"row-18\">\n\t<td class=\"column-1\"><a href=\"feuer-und-eis-besteigung-des-vulkan-villarrica\/\" target=\"_blank\" rel=\"noopener\">Feuer und Eis \u2013 Besteigung des Vulkan Villarrica<\/a><\/td><td class=\"column-2\">Aktiv<\/td><td class=\"column-3\">n\u00f6rdliches Seengebiet \/ <br \/>\nPuc\u00f3n<\/td><td class=\"column-4\">1 Tag<\/td>\n<\/tr>\n<tr class=\"row-19\">\n\t<td class=\"column-1\"><a href=\"im-land-der-mapuche\/\" target=\"_blank\" rel=\"noopener\">Im Land der Mapuche<\/a><\/td><td class=\"column-2\">Natur<\/td><td class=\"column-3\">n\u00f6rdliches Seengebiet \/ <br \/>\nPuc\u00f3n<\/td><td class=\"column-4\">7 Tage<\/td>\n<\/tr>\n<tr class=\"row-20\">\n\t<td class=\"column-1\"><a href=\"nationalpark-conguillio-und-vulkan-llaima\/\" target=\"_blank\" rel=\"noopener\">Nationalpark Conguillio und Vulkan Llaima<\/a><\/td><td class=\"column-2\">Natur<\/td><td class=\"column-3\">n\u00f6rdliches Seengebiet \/ <br \/>\nPuc\u00f3n<\/td><td class=\"column-4\"> 1 Tag<\/td>\n<\/tr>\n<tr class=\"row-21\">\n\t<td class=\"column-1\"><a href=\"ojos-de-caburga-und-termas-de-huife\/\" target=\"_blank\" rel=\"noopener\">Ojos de Caburga und Termas de Huife<\/a><\/td><td class=\"column-2\">Natur<\/td><td class=\"column-3\">n\u00f6rdliches Seengebiet \/ <br \/>\nPuc\u00f3n<\/td><td class=\"column-4\">1 Tag<\/td>\n<\/tr>\n<tr class=\"row-22\">\n\t<td class=\"column-1\"><a href=\"termas-geometricas\/\" target=\"_blank\" rel=\"noopener\">Termas Geometricas<\/a><\/td><td class=\"column-2\">Natur<\/td><td class=\"column-3\">n\u00f6rdliches Seengebiet \/ <br \/>\nPuc\u00f3n<\/td><td class=\"column-4\">1 Tag<\/td>\n<\/tr>\n<tr class=\"row-23\">\n\t<td class=\"column-1\"><a href=\"lavahohlen-des-vulkan-villarrica\/\" target=\"_blank\" rel=\"noopener\">Lavah\u00f6hlen des Vulkan Villarrica<\/a><\/td><td class=\"column-2\">Natur<\/td><td class=\"column-3\">n\u00f6rdliches Seengebiet \/ <br \/>\nPuc\u00f3n<\/td><td class=\"column-4\">1 Tag<\/td>\n<\/tr>\n<tr class=\"row-24\">\n\t<td class=\"column-1\"><a href=\"https:\/\/www.chile-reise.com\/chiloe-intensiv\/\">Chilo\u00e9 intensiv<\/a><\/td><td class=\"column-2\">Kultur \/ Natur<\/td><td class=\"column-3\">Chilo\u00e9<\/td><td class=\"column-4\">4 Tage<\/td>\n<\/tr>\n<\/tbody>\n<\/table>\n<!-- #tablepress-8 from cache -->","protected":false},"excerpt":{"rendered":"<p>Wenn Sie in Chile\u00b4s Seengebiet fliegen, sichern Sie sich einen Sitzplatz auf der linken Seite des Flugzeugs, denn von dort sehen Sie die Vulkane und Seen in ihrer ganzen Pracht mit den sich im Hintergrund auft\u00fcrmenden Anden. Beim Wandern, Klettern, &#8230;<\/p>\n","protected":false},"author":16,"featured_media":0,"parent":88,"menu_order":0,"comment_status":"open","ping_status":"open","template":"","meta":{"slim_seo":{"title":"[:de]Seengebiet[:en]Lake Region[:] - travelArt","description":"[:de] Wenn Sie in Chile\u00b4s Seengebiet fliegen, sichern Sie sich einen Sitzplatz auf der linken Seite des Flugzeugs, denn von dort sehen Sie die Vulkane und Seen"},"footnotes":""},"class_list":["post-101","page","type-page","status-publish","hentry"],"_links":{"self":[{"href":"https:\/\/www.chile-reise.com\/de\/wp-json\/wp\/v2\/pages\/101","targetHints":{"allow":["GET"]}}],"collection":[{"href":"https:\/\/www.chile-reise.com\/de\/wp-json\/wp\/v2\/pages"}],"about":[{"href":"https:\/\/www.chile-reise.com\/de\/wp-json\/wp\/v2\/types\/page"}],"author":[{"embeddable":true,"href":"https:\/\/www.chile-reise.com\/de\/wp-json\/wp\/v2\/users\/16"}],"replies":[{"embeddable":true,"href":"https:\/\/www.chile-reise.com\/de\/wp-json\/wp\/v2\/comments?post=101"}],"version-history":[{"count":0,"href":"https:\/\/www.chile-reise.com\/de\/wp-json\/wp\/v2\/pages\/101\/revisions"}],"up":[{"embeddable":true,"href":"https:\/\/www.chile-reise.com\/de\/wp-json\/wp\/v2\/pages\/88"}],"wp:attachment":[{"href":"https:\/\/www.chile-reise.com\/de\/wp-json\/wp\/v2\/media?parent=101"}],"curies":[{"name":"wp","href":"https:\/\/api.w.org\/{rel}","templated":true}]}}